{"id":7165,"date":"2022-01-11T09:08:08","date_gmt":"2022-01-11T09:08:08","guid":{"rendered":"http:\/\/tinacrystals.com\/product\/roler-per-fytyren-nga-rodoniti\/"},"modified":"2022-05-11T14:22:05","modified_gmt":"2022-05-11T12:22:05","slug":"roler-per-fytyren-nga-rodoniti","status":"publish","type":"product","link":"https:\/\/tinacrystals.com\/sq\/product\/roler-per-fytyren-nga-rodoniti\/","title":{"rendered":"Rodonit Roler Fytyre"},"content":{"rendered":"<p><strong>Roler per fytyren nga Rodoniti<\/strong><\/p>\n<p><strong>P\u00ebr \u00e7far\u00eb p\u00ebrdoren rolerat e fytyr\u00ebs?<\/strong><\/p>\n<p>Rolerat e fytyr\u00ebs jan\u00eb nj\u00eb mjet i p\u00ebrjetsh\u00ebm p\u00ebr kujdesin e l\u00ebkur\u00ebs q\u00eb jan\u00eb p\u00ebrdorur me shekuj p\u00ebr p\u00ebrfitimet e tyre t\u00eb shumta nga aristokracia kineze. Disa nga p\u00ebrfitimet jan\u00eb si m\u00eb posht\u00eb:<\/p>\n<p>-Redukton inflamacionin<\/p>\n<p>-Heq \u00e7do toksine q\u00eb mund t\u00eb keni<\/p>\n<p>-Nxjerrin l\u00ebkur\u00ebn tuaj<\/p>\n<p>-Ndihmon me err\u00ebsir\u00ebn posht\u00eb syve<\/p>\n<p>-Nxit kolagjenin<\/p>\n<p>-Ngre fytyr\u00ebn<\/p>\n<p>-Heq rrudhat dhe shum\u00eb m\u00eb tep\u00ebr\u2026<\/p>\n<p>Kristalet si Rodoniti besohet se posedojn\u00eb veti t\u00eb fuqishme sh\u00ebruese energjetike. Rodoniti gjithashtu \u00ebsht\u00eb vler\u00ebsuar p\u00ebr aft\u00ebsin\u00eb e tij p\u00ebr t\u00eb mbushur zemr\u00ebn dhe shpirtin tuaj me ndjenja dashurie, dashurie dhe lidhjeje.<\/p>\n<p>H\u00ebna e plot\u00eb \u00ebsht\u00eb nj\u00eb mund\u00ebsi e shk\u00eblqyer p\u00ebr t\u00eb rimbushur shpirtin tuaj dhe energjit\u00eb e lindura t\u00eb kristaleve tuaja.<\/p>\n<p><strong>Horoskopi<\/strong>: Demi<\/p>\n<p><strong>Chakra:<\/strong> Zemra<\/p>\n<p>&nbsp;<\/p>\n<p><strong><em>Rodoniti <\/em><\/strong>\u00ebsht\u00eb nj\u00eb gur q\u00eb lidhet shum\u00eb me \u00e7akr\u00ebn e zemr\u00ebs, duke e b\u00ebr\u00eb at\u00eb nj\u00eb gur ideal p\u00ebr t\u00eb p\u00ebrmir\u00ebsuar marr\u00ebdh\u00ebniet tuaja me k\u00ebdo n\u00eb jet\u00ebn tuaj.<\/p>\n<p><strong><em>Sh\u00ebrimi shpirt\u00ebror:<\/em><\/strong><\/p>\n<p>Rodoniti \u00ebsht\u00eb i aft\u00eb t\u2019ju ndihmoj ta risni dashurin\u00eb ndaj vet\u00ebvetes, do t\u00eb filloni t&#8217;i falni njer\u00ebzit dhe do t&#8217;i shihni gj\u00ebrat n\u00eb nj\u00eb k\u00ebndv\u00ebshtrim tjet\u00ebr.<\/p>\n<p>\u00cbsht\u00eb ideale p\u00ebr t\u00eb themeluar praktik\u00ebn shpirt\u00ebrore dhe m\u00ebnyra frym\u00ebzuese p\u00ebr ta integruar spiritualitet n\u00eb jet\u00ebn e p\u00ebrditshme. K\u00ebshtu q\u00eb lidhja juaj e p\u00ebrzem\u00ebrt me Hyjnoren b\u00ebhet e dukshme n\u00eb nd\u00ebrveprimin e p\u00ebrditsh\u00ebm me t\u00eb tjer\u00ebt.<\/p>\n<p><strong><em>Sh\u00ebrimi fizik:<\/em><\/strong><\/p>\n<p>N\u00eb nivel fizik, kristali njihet si sh\u00ebrues i plag\u00ebve t\u00eb vogla ose kafshimeve t\u00eb kafsh\u00ebve.<\/p>\n<p>Ai forcon muskujt dhe zemr\u00ebn dhe stimulon qarkullimin e gjakut<\/p>\n<p><strong><em>Sh\u00ebrimi emocional:<\/em><\/strong><\/p>\n<p>N\u00eb \u00e7do situat\u00eb do t\u00eb p\u00ebrpiqeni t\u00eb shihni s\u00eb pari pjes\u00ebt e mira, gjithashtu do t\u00eb vini re se si guri do t\u00eb t\u00ebrheq\u00eb shum\u00eb pozitivitet n\u00eb jet\u00ebn tuaj dhe fat.<\/p>\n<p>Rodoniti sjell ekuilib\u00ebr n\u00eb trupin emocional, rrit vet\u00ebbesimin dhe besimin.<\/p>\n<p>Ju ndihmon t\u00eb njihni dhe vler\u00ebsoni dhuntit\u00eb dhe talentet tuaja dhe t&#8217;i zgjeroni ato n\u00eb potencialin tuaj m\u00eb t\u00eb lart\u00eb p\u00ebr t\u00eb ndihmuar t\u00eb tjer\u00ebt.<\/p>\n<p><strong><em>Pastroni dhe rimbushni:<\/em><\/strong><\/p>\n<p>Mund t\u00eb gjeni nj\u00eb kuti dhe t\u00eb shtoni kristalin tuaj Rodonit atje me nj\u00eb kristal seleniti, t&#8217;i mbani p\u00ebr aq koh\u00eb sa mendoni se kristalit i nevojitet.<\/p>\n<p>N\u00ebse keni nj\u00eb bim\u00eb t\u00eb sh\u00ebndetshme n\u00eb sht\u00ebpin\u00eb tuaj, mb\u00ebshtillni kristalin tuaj me nj\u00eb leck\u00eb dhe groposeni kristalin atje. Hiqeni at\u00eb pas t\u00eb pakt\u00ebn 2 or\u00ebsh.<\/p>\n","protected":false},"excerpt":{"rendered":"<p>Roler per fytyren nga Rodoniti P\u00ebr \u00e7far\u00eb p\u00ebrdoren rolerat e fytyr\u00ebs? Rolerat e fytyr\u00ebs jan\u00eb nj\u00eb mjet i p\u00ebrjetsh\u00ebm p\u00ebr kujdesin e l\u00ebkur\u00ebs q\u00eb jan\u00eb p\u00ebrdorur<span class=\"excerpt-hellip\"> [\u2026]<\/span><\/p>\n","protected":false},"featured_media":5321,"comment_status":"open","ping_status":"closed","template":"","meta":[],"product_brand":[],"product_cat":[2405,2372,2355,2370,2288,2310,2807,2289,2359,2380,2352,2304,2404],"product_tag":[],"class_list":{"0":"post-7165","1":"product","2":"type-product","3":"status-publish","4":"has-post-thumbnail","6":"product_cat-blej-sipas","7":"product_cat-blej-sipas-ngjyres","8":"product_cat-dashuri-harmoni","9":"product_cat-demi","10":"product_cat-crystal-beauty-sq-2","11":"product_cat-llojet-e-gurve-te-cmuar","12":"product_cat-rhodonit","13":"product_cat-face-roller-sq","14":"product_cat-shenjat-e-horoskopit","15":"product_cat-shumengjyresh","16":"product_cat-qellim","17":"product_cat-zemra","18":"product_cat-zona-e-cakres","20":"first","21":"instock","22":"shipping-taxable","23":"purchasable","24":"product-type-simple"},"_links":{"self":[{"href":"https:\/\/tinacrystals.com\/sq\/wp-json\/wp\/v2\/product\/7165","targetHints":{"allow":["GET"]}}],"collection":[{"href":"https:\/\/tinacrystals.com\/sq\/wp-json\/wp\/v2\/product"}],"about":[{"href":"https:\/\/tinacrystals.com\/sq\/wp-json\/wp\/v2\/types\/product"}],"replies":[{"embeddable":true,"href":"https:\/\/tinacrystals.com\/sq\/wp-json\/wp\/v2\/comments?post=7165"}],"wp:featuredmedia":[{"embeddable":true,"href":"https:\/\/tinacrystals.com\/sq\/wp-json\/wp\/v2\/media\/5321"}],"wp:attachment":[{"href":"https:\/\/tinacrystals.com\/sq\/wp-json\/wp\/v2\/media?parent=7165"}],"wp:term":[{"taxonomy":"product_brand","embeddable":true,"href":"https:\/\/tinacrystals.com\/sq\/wp-json\/wp\/v2\/product_brand?post=7165"},{"taxonomy":"product_cat","embeddable":true,"href":"https:\/\/tinacrystals.com\/sq\/wp-json\/wp\/v2\/product_cat?post=7165"},{"taxonomy":"product_tag","embeddable":true,"href":"https:\/\/tinacrystals.com\/sq\/wp-json\/wp\/v2\/product_tag?post=7165"}],"curies":[{"name":"wp","href":"https:\/\/api.w.org\/{rel}","templated":true}]}}