{"id":7166,"date":"2022-01-11T09:17:23","date_gmt":"2022-01-11T09:17:23","guid":{"rendered":"http:\/\/tinacrystals.com\/product\/roler-per-fytyren-nga-macja-kuqe\/"},"modified":"2022-05-11T14:21:54","modified_gmt":"2022-05-11T12:21:54","slug":"roler-per-fytyren-nga-macja-kuqe","status":"publish","type":"product","link":"https:\/\/tinacrystals.com\/sq\/product\/roler-per-fytyren-nga-macja-kuqe\/","title":{"rendered":"Syri i Maces Kuqe Roler Fytyre"},"content":{"rendered":"<p><strong>Syri i Maces Kuqe &#8211; Roler Fytyre<\/strong><\/p>\n<p><strong>P\u00ebr \u00e7far\u00eb p\u00ebrdoren rolerat e fytyr\u00ebs?<\/strong><\/p>\n<p>Rolerat e fytyr\u00ebs jan\u00eb nj\u00eb mjet i p\u00ebrjetsh\u00ebm p\u00ebr kujdesin e l\u00ebkur\u00ebs q\u00eb jan\u00eb p\u00ebrdorur me shekuj p\u00ebr p\u00ebrfitimet e tyre t\u00eb shumta nga aristokracia kineze. Disa nga p\u00ebrfitimet jan\u00eb si m\u00eb posht\u00eb:<\/p>\n<p>-Redukton inflamacionin<\/p>\n<p>-Heq \u00e7do toksine q\u00eb mund t\u00eb keni<\/p>\n<p>-Nxjerrin l\u00ebkur\u00ebn tuaj<\/p>\n<p>-Ndihmon me err\u00ebsir\u00ebn posht\u00eb syve<\/p>\n<p>-Nxit kolagjenin<\/p>\n<p>-Ngre fytyr\u00ebn<\/p>\n<p>-Heq rrudhat dhe shum\u00eb m\u00eb tep\u00ebr\u2026<\/p>\n<p>Syri i maces vepron p\u00ebr t\u00eb stimuluar intuit\u00ebn dhe p\u00ebr t\u00eb rritur nd\u00ebrgjegj\u00ebsimin. \u00cbsht\u00eb nj\u00eb gur tok\u00ebzues q\u00eb ofron nj\u00eb energji shum\u00eb efektive mbrojt\u00ebse. Syri i maces largon energjin\u00eb e pad\u00ebshiruar nga aura. P\u00ebrforcon fatin dhe fatin.<br \/>\nVetit\u00eb e tij sh\u00ebruese p\u00ebrfshijn\u00eb rritjen e vendosm\u00ebris\u00eb, fuqis\u00eb s\u00eb vullnetit, inteligjenc\u00ebs, nd\u00ebrgjegj\u00ebsimit dhe njohurive. Ajo gjithashtu ofron lart\u00ebsi shpirt\u00ebrore.<\/p>\n<p><strong>Horoskopi:<\/strong> Dashi, Demi dhe Bricjapi<\/p>\n<p><strong>Chakra:<\/strong> Baza dhe Kurora<\/p>\n","protected":false},"excerpt":{"rendered":"<p>Syri i Maces Kuqe &#8211; Roler Fytyre P\u00ebr \u00e7far\u00eb p\u00ebrdoren rolerat e fytyr\u00ebs? Rolerat e fytyr\u00ebs jan\u00eb nj\u00eb mjet i p\u00ebrjetsh\u00ebm p\u00ebr kujdesin e l\u00ebkur\u00ebs q\u00eb<span class=\"excerpt-hellip\"> [\u2026]<\/span><\/p>\n","protected":false},"featured_media":5318,"comment_status":"open","ping_status":"closed","template":"","meta":[],"product_brand":[],"product_cat":[2288,2289],"product_tag":[],"class_list":{"0":"post-7166","1":"product","2":"type-product","3":"status-publish","4":"has-post-thumbnail","6":"product_cat-crystal-beauty-sq-2","7":"product_cat-face-roller-sq","9":"first","10":"instock","11":"shipping-taxable","12":"purchasable","13":"product-type-simple"},"_links":{"self":[{"href":"https:\/\/tinacrystals.com\/sq\/wp-json\/wp\/v2\/product\/7166","targetHints":{"allow":["GET"]}}],"collection":[{"href":"https:\/\/tinacrystals.com\/sq\/wp-json\/wp\/v2\/product"}],"about":[{"href":"https:\/\/tinacrystals.com\/sq\/wp-json\/wp\/v2\/types\/product"}],"replies":[{"embeddable":true,"href":"https:\/\/tinacrystals.com\/sq\/wp-json\/wp\/v2\/comments?post=7166"}],"wp:featuredmedia":[{"embeddable":true,"href":"https:\/\/tinacrystals.com\/sq\/wp-json\/wp\/v2\/media\/5318"}],"wp:attachment":[{"href":"https:\/\/tinacrystals.com\/sq\/wp-json\/wp\/v2\/media?parent=7166"}],"wp:term":[{"taxonomy":"product_brand","embeddable":true,"href":"https:\/\/tinacrystals.com\/sq\/wp-json\/wp\/v2\/product_brand?post=7166"},{"taxonomy":"product_cat","embeddable":true,"href":"https:\/\/tinacrystals.com\/sq\/wp-json\/wp\/v2\/product_cat?post=7166"},{"taxonomy":"product_tag","embeddable":true,"href":"https:\/\/tinacrystals.com\/sq\/wp-json\/wp\/v2\/product_tag?post=7166"}],"curies":[{"name":"wp","href":"https:\/\/api.w.org\/{rel}","templated":true}]}}