{"id":7170,"date":"2022-01-11T09:00:43","date_gmt":"2022-01-11T09:00:43","guid":{"rendered":"http:\/\/tinacrystals.com\/product\/roler-per-fytyren-nga-syri-i-tigrit\/"},"modified":"2022-05-11T14:22:12","modified_gmt":"2022-05-11T12:22:12","slug":"roler-per-fytyren-nga-syri-i-tigrit","status":"publish","type":"product","link":"https:\/\/tinacrystals.com\/sq\/product\/roler-per-fytyren-nga-syri-i-tigrit\/","title":{"rendered":"Syri Tigrit Roler Fytyre"},"content":{"rendered":"<p><strong>Roller p\u00ebr fytyr\u00ebn nga syri i tigrit<\/strong><\/p>\n<p><strong>P\u00ebr \u00e7far\u00eb p\u00ebrdoren rolerat e fytyr\u00ebs?<\/strong><\/p>\n<p>Rolerat e fytyr\u00ebs jan\u00eb nj\u00eb mjet i p\u00ebrjetsh\u00ebm p\u00ebr kujdesin e l\u00ebkur\u00ebs q\u00eb jan\u00eb p\u00ebrdorur me shekuj p\u00ebr p\u00ebrfitimet e tyre t\u00eb shumta nga aristokracia kineze. Disa nga p\u00ebrfitimet jan\u00eb si m\u00eb posht\u00eb:<\/p>\n<p>-Redukton inflamacionin<\/p>\n<p>-Heq \u00e7do toksine q\u00eb mund t\u00eb keni<\/p>\n<p>-Nxjerrin l\u00ebkur\u00ebn tuaj<\/p>\n<p>-Ndihmon me err\u00ebsir\u00ebn posht\u00eb syve<\/p>\n<p>-Nxit kolagjenin<\/p>\n<p>-Ngre fytyr\u00ebn<\/p>\n<p>-Heq rrudhat dhe shum\u00eb m\u00eb tep\u00ebr\u2026<\/p>\n<p>Ky gur specifik dihet se lejon q\u00eb fuqia t\u00eb kaloj\u00eb n\u00ebp\u00ebr ju lirisht dhe ju lejon t\u00eb merrni kontrollin mbi t\u00eb. Ju ndihmon t\u00eb mendoni gjithmon\u00eb n\u00eb m\u00ebnyr\u00eb racionale, ju jep prosperitet dhe m\u00eb e r\u00ebnd\u00ebsishmja frym\u00ebzim p\u00ebr gj\u00ebra t\u00eb reja q\u00eb do t\u00eb vijn\u00eb n\u00eb jet\u00ebn tuaj.<\/p>\n<p>Dridhjet e k\u00ebtij guri do t\u00eb nxisin pasionin, energjin\u00eb dhe do t\u00eb leht\u00ebsojn\u00eb \u00e7do stres emocional apo ankth q\u00eb mund t\u00eb keni.<\/p>\n<p><strong>Guri i lindjes p\u00ebr:<\/strong> gusht<\/p>\n<p><strong>Horoskopi:<\/strong> Bricjapi dhe Luani<\/p>\n<p><strong>Zona e \u00e7akr\u00ebs:<\/strong><\/p>\n<p>&#8211; Rr\u00ebnja,<\/p>\n<p>-sakrale<\/p>\n<p>-pleksus diellor<\/p>\n<p>&nbsp;<\/p>\n<p><strong>HOROSKOPI<\/strong>: Luani, Bricjapi<br \/>\n<strong>CHAKRA<\/strong>: Pleksus Sakral, Diellor<\/p>\n<p>&nbsp;<\/p>\n<p><strong><em>Syri i Tigerit<\/em><\/strong> do ju b\u00ebj m\u00eb sfidues t\u00eb eksploroni t\u00eb panjohur\u00ebn n\u00eb jet\u00eb, edhe n\u00ebse ndjehni komfort.<\/p>\n<p><strong><em><br \/>\nSh\u00ebrimi shpirt\u00ebror:<\/em><\/strong><\/p>\n<p>Syri i Tigrit do t&#8217;ju sjell\u00eb fat, ai ka aft\u00ebsin\u00eb p\u00ebr t\u00eb p\u00ebrqendruar mendjen, promovon qart\u00ebsin\u00eb mendore.<\/p>\n<p>Do t\u00eb stabilizoj\u00eb luhatjet tuaja t\u00eb humorit, do t&#8217;ju mbush me fuqi, guxim, vet\u00ebbesim dhe q\u00ebllim.<\/p>\n<p><strong><em><br \/>\nSh\u00ebrimi fizik:<\/em><\/strong><\/p>\n<p>N\u00ebse vuani nga depresioni, ky kristal do t&#8217;ju forcoj\u00eb ta kaloni at\u00eb m\u00eb leht\u00eb.<\/p>\n<p>Edhe n\u00ebse ndiheni pak t\u00eb plog\u00ebsht, Syri i Tigrit do t\u00eb zgjoj\u00eb motivimin.<\/p>\n<p>Ai do t\u00eb balancoj\u00eb sistemin tuaj endokrin dhe gjithashtu \u00ebsht\u00eb nj\u00eb forcues i shk\u00eblqyer i gjakut.<\/p>\n<p><strong><em><br \/>\nSh\u00ebrimi emocional:<\/em><\/strong><\/p>\n<p>N\u00ebse ndonj\u00ebher\u00eb ndiheni sikur jeni t\u00eb bllokuar, energjia e k\u00ebtij kristali mund ta pres\u00eb at\u00eb munges\u00eb motivimi dhe do t&#8217;ju ndihmoj\u00eb t\u00eb p\u00ebrqendroheni m\u00eb shum\u00eb dhe t\u00eb jeni m\u00eb aktiv.<\/p>\n<p>Energjit\u00eb toksike do t\u00eb zhduken n\u00ebse e merrni Syrin e Tigerit pran\u00eb jush dhe \u00ebndrrat m\u00eb t\u00eb thella papritmas pushojn\u00eb s\u00eb qeni thjesht \u00ebndrra dhe b\u00ebhen realitet.<\/p>\n<p>Syri i Tigrit do funksionoj p\u00ebr t\u00eb gjetur p\u00ebrfitime p\u00ebr ata q\u00eb punojn\u00eb shum\u00eb dhe kan\u00eb v\u00ebshtir\u00eb t\u00eb mbeldhin para.<\/p>\n<p><strong><em><br \/>\nPastrimi dhe rimbushja<\/em><\/strong><strong><em>:<\/em><\/strong><\/p>\n<p>Si \u00e7do kristal tjet\u00ebr, Syri i Tigerit gjithashtu duhet t\u00eb pastrohet rregullisht, ve\u00e7an\u00ebrisht kur ndryshoni vendndodhjen, sepse ky kristal merr energjit\u00eb e mjedisit t\u00eb tij shum\u00eb shpejt. M\u00ebnyra m\u00eb e mir\u00eb dhe m\u00eb efektive p\u00ebr t\u00eb pastruar kristalin pa e d\u00ebmtuar at\u00eb \u00ebsht\u00eb p\u00ebrdorimi i drit\u00ebs s\u00eb diellit, nj\u00eb m\u00ebnyr\u00eb tjet\u00ebr e shk\u00eblqyer \u00ebsht\u00eb tymi i sherebel\u00ebs.<\/p>\n","protected":false},"excerpt":{"rendered":"<p>Roller p\u00ebr fytyr\u00ebn nga syri i tigrit P\u00ebr \u00e7far\u00eb p\u00ebrdoren rolerat e fytyr\u00ebs? Rolerat e fytyr\u00ebs jan\u00eb nj\u00eb mjet i p\u00ebrjetsh\u00ebm p\u00ebr kujdesin e l\u00ebkur\u00ebs q\u00eb<span class=\"excerpt-hellip\"> [\u2026]<\/span><\/p>\n","protected":false},"featured_media":5327,"comment_status":"open","ping_status":"closed","template":"","meta":[],"product_brand":[],"product_cat":[2405,2372,2363,2288,2310,2365,2353,2357,2307,2289,2306,2359,2352,2349,2386,2404],"product_tag":[],"class_list":{"0":"post-7170","1":"product","2":"type-product","3":"status-publish","4":"has-post-thumbnail","6":"product_cat-blej-sipas","7":"product_cat-blej-sipas-ngjyres","8":"product_cat-bricjapi","9":"product_cat-crystal-beauty-sq-2","10":"product_cat-llojet-e-gurve-te-cmuar","11":"product_cat-luani","12":"product_cat-lumturi-vetebesim","13":"product_cat-mbrotje-paqe","14":"product_cat-pleksusi-diellor","15":"product_cat-face-roller-sq","16":"product_cat-sakrale","17":"product_cat-shenjat-e-horoskopit","18":"product_cat-qellim","19":"product_cat-syri-tigrit","20":"product_cat-verdhe","21":"product_cat-zona-e-cakres","23":"first","24":"outofstock","25":"shipping-taxable","26":"purchasable","27":"product-type-simple"},"_links":{"self":[{"href":"https:\/\/tinacrystals.com\/sq\/wp-json\/wp\/v2\/product\/7170","targetHints":{"allow":["GET"]}}],"collection":[{"href":"https:\/\/tinacrystals.com\/sq\/wp-json\/wp\/v2\/product"}],"about":[{"href":"https:\/\/tinacrystals.com\/sq\/wp-json\/wp\/v2\/types\/product"}],"replies":[{"embeddable":true,"href":"https:\/\/tinacrystals.com\/sq\/wp-json\/wp\/v2\/comments?post=7170"}],"wp:featuredmedia":[{"embeddable":true,"href":"https:\/\/tinacrystals.com\/sq\/wp-json\/wp\/v2\/media\/5327"}],"wp:attachment":[{"href":"https:\/\/tinacrystals.com\/sq\/wp-json\/wp\/v2\/media?parent=7170"}],"wp:term":[{"taxonomy":"product_brand","embeddable":true,"href":"https:\/\/tinacrystals.com\/sq\/wp-json\/wp\/v2\/product_brand?post=7170"},{"taxonomy":"product_cat","embeddable":true,"href":"https:\/\/tinacrystals.com\/sq\/wp-json\/wp\/v2\/product_cat?post=7170"},{"taxonomy":"product_tag","embeddable":true,"href":"https:\/\/tinacrystals.com\/sq\/wp-json\/wp\/v2\/product_tag?post=7170"}],"curies":[{"name":"wp","href":"https:\/\/api.w.org\/{rel}","templated":true}]}}