{"id":7291,"date":"2022-01-24T11:32:58","date_gmt":"2022-01-24T11:32:58","guid":{"rendered":"http:\/\/tinacrystals.com\/product\/kuartzi-i-engjellit-aura\/"},"modified":"2022-03-08T10:20:30","modified_gmt":"2022-03-08T09:20:30","slug":"kuartzi-i-engjellit-aura","status":"publish","type":"product","link":"https:\/\/tinacrystals.com\/sq\/product\/kuartzi-i-engjellit-aura\/","title":{"rendered":"Kuarc Engjull Aura"},"content":{"rendered":"<p><strong>Kuartzi I Engjellit te Aures<\/strong><\/p>\n<p>&nbsp;<\/p>\n<p>Si\u00e7 e ka emrin, mund t\u00eb kuptoni se ky gur \u00ebsht\u00eb nj\u00eb gur paqeje dhe harmonie.<\/p>\n<p>Duke pasur k\u00ebt\u00eb kuarc Engj\u00ebll Aura pran\u00eb jush do t&#8217;ju ndihmoj\u00eb t\u00eb mbani mend m\u00ebsimet q\u00eb keni m\u00ebsuar n\u00eb t\u00eb kaluar\u00ebn.<\/p>\n<p>Do t&#8217;ju ndihmoj\u00eb t\u00eb zbuloni aft\u00ebsi t\u00eb reja q\u00eb nuk i keni pasur kurr\u00eb, t\u00eb cilat do t&#8217;ju ndihmojn\u00eb t\u00eb merrni gjith\u00e7ka q\u00eb d\u00ebshironi.<\/p>\n<p>N\u00ebse e keni me vete, ky gur do t&#8217;ju ndihmoj\u00eb edhe n\u00eb zgjidhjen e problemeve t\u00eb marr\u00ebdh\u00ebnieve dhe do t&#8217;ju jap\u00eb nj\u00eb marr\u00ebdh\u00ebnie m\u00eb t\u00eb dashur, t\u00eb kujdesshme dhe pozitive.<\/p>\n<p>Si ta p\u00ebrdorni k\u00ebt\u00eb gur?<\/p>\n<p>N\u00ebse d\u00ebshironi ta p\u00ebrdorni gurin tuaj si kristal parashikimi, mund t&#8217;i b\u00ebni pyetje q\u00eb p\u00ebrgjigjen me po\/jo.<\/p>\n<p>N\u00ebse p\u00ebrgjigja \u00ebsht\u00eb po, kristali do t&#8217;ju jap\u00eb nj\u00eb drit\u00eb t\u00eb ndritshme dhe n\u00ebse p\u00ebrgjigja \u00ebsht\u00eb jo \u00a0guri do t\u00eb jet\u00eb pak i turbullt.<\/p>\n<p>\u00cbsht\u00eb gjithashtu perfekte n\u00ebse d\u00ebshironi t&#8217;i b\u00ebni dhurat\u00eb t\u00eb dashurve tuaj t\u00eb ve\u00e7ant\u00eb.<\/p>\n<p><strong>Si ta pastroni k\u00ebt\u00eb gur?<\/strong><\/p>\n<p>Ju mund ta pastroni gurin tuaj vet\u00ebm duke e lar\u00eb n\u00eb uj\u00eb t\u00eb ngroht\u00eb me sapun dhe mund ta ruani me gishta dhe m\u00eb pas duhet ta thani me nj\u00eb leck\u00eb t\u00eb but\u00eb.<\/p>\n<p>Rimbushja: P\u00ebr ta rimbushur duhet ta vendosni n\u00eb drit\u00ebn e h\u00ebn\u00ebs s\u00eb plot\u00eb.<\/p>\n<p><strong>Chakra:<\/strong><\/p>\n<p>T\u00eb gjitha<\/p>\n<p><strong>Horoskopi<\/strong>:<\/p>\n<p>Dashi<\/p>\n","protected":false},"excerpt":{"rendered":"<p>Ky produkt \u00ebsht\u00eb natyral dhe secili \u00ebshte unik n\u00eb form\u00eb dhe ngjyr\u00eb<\/p>\n<p>Shijojeni Engjullin tuaj \ud83d\ude42<\/p>\n","protected":false},"featured_media":13171,"comment_status":"open","ping_status":"closed","template":"","meta":[],"product_brand":[],"product_cat":[2377,2385,2292,2405,2372,2361,2355,2356,2309,2835,2303,2310,2428,2422,2307,2395,2305,2306,2359,2352,2308,2360,2304,2404],"product_tag":[],"class_list":{"0":"post-7291","1":"product","2":"type-product","3":"status-publish","4":"has-post-thumbnail","6":"product_cat-ari","7":"product_cat-bardhe","8":"product_cat-crystal-jewelry-sq","9":"product_cat-blej-sipas","10":"product_cat-blej-sipas-ngjyres","11":"product_cat-dashi","12":"product_cat-dashuri-harmoni","13":"product_cat-fat-sukses","14":"product_cat-fyti","15":"product_cat-kuarc-aura","16":"product_cat-kurora","17":"product_cat-llojet-e-gurve-te-cmuar","18":"product_cat-minerale-te-paperpunuara","19":"product_cat-natyrale-te-perziera-raw-minerals","20":"product_cat-pleksusi-diellor","21":"product_cat-pendant-sq","22":"product_cat-rrenja","23":"product_cat-sakrale","24":"product_cat-shenjat-e-horoskopit","25":"product_cat-qellim","26":"product_cat-syri-i-trete","27":"product_cat-ujori","28":"product_cat-zemra","29":"product_cat-zona-e-cakres","31":"first","32":"instock","33":"shipping-taxable","34":"purchasable","35":"product-type-simple"},"_links":{"self":[{"href":"https:\/\/tinacrystals.com\/sq\/wp-json\/wp\/v2\/product\/7291","targetHints":{"allow":["GET"]}}],"collection":[{"href":"https:\/\/tinacrystals.com\/sq\/wp-json\/wp\/v2\/product"}],"about":[{"href":"https:\/\/tinacrystals.com\/sq\/wp-json\/wp\/v2\/types\/product"}],"replies":[{"embeddable":true,"href":"https:\/\/tinacrystals.com\/sq\/wp-json\/wp\/v2\/comments?post=7291"}],"wp:featuredmedia":[{"embeddable":true,"href":"https:\/\/tinacrystals.com\/sq\/wp-json\/wp\/v2\/media\/13171"}],"wp:attachment":[{"href":"https:\/\/tinacrystals.com\/sq\/wp-json\/wp\/v2\/media?parent=7291"}],"wp:term":[{"taxonomy":"product_brand","embeddable":true,"href":"https:\/\/tinacrystals.com\/sq\/wp-json\/wp\/v2\/product_brand?post=7291"},{"taxonomy":"product_cat","embeddable":true,"href":"https:\/\/tinacrystals.com\/sq\/wp-json\/wp\/v2\/product_cat?post=7291"},{"taxonomy":"product_tag","embeddable":true,"href":"https:\/\/tinacrystals.com\/sq\/wp-json\/wp\/v2\/product_tag?post=7291"}],"curies":[{"name":"wp","href":"https:\/\/api.w.org\/{rel}","templated":true}]}}