{"id":7673,"date":"2022-01-25T13:44:59","date_gmt":"2022-01-25T13:44:59","guid":{"rendered":"http:\/\/tinacrystals.com\/product\/agati-blu-pike-loti\/"},"modified":"2022-06-06T09:29:20","modified_gmt":"2022-06-06T07:29:20","slug":"agati-blu-pike-loti","status":"publish","type":"product","link":"https:\/\/tinacrystals.com\/sq\/product\/agati-blu-pike-loti\/","title":{"rendered":"Agati Blu Pik Loti"},"content":{"rendered":"<p><b>AGAT BLU PIKE LOTI<\/b><\/p>\n<p><span style=\"font-weight: 400;\">Agati blu \u00ebsht\u00eb nj\u00eb gur shum\u00eb shpirt\u00ebror, \u00ebsht\u00eb nj\u00eb nga gur\u00ebt m\u00eb t\u00eb mir\u00eb p\u00ebr t\u00eb mbajtur n\u00eb jet\u00ebn tuaj n\u00ebse vazhdimisht ndiheni t\u00eb stresuar, t\u00eb d\u00ebshp\u00ebruar, t\u00eb frik\u00ebsuar ose t\u00eb zem\u00ebruar. Kristali p\u00ebrmban energji q\u00eb ju stabilizojn\u00eb dhe ekuilibrojn\u00eb, ai do t\u00eb largoj\u00eb nga ndjenjat e pad\u00ebshiruara si ato t\u00eb p\u00ebrmendura lart.<\/span><\/p>\n<p><span style=\"font-weight: 400;\">Agati blu mund t\u00eb sjell\u00eb qet\u00ebsi n\u00eb jet\u00ebn tuaj, ve\u00e7an\u00ebrisht n\u00ebse jeni duke b\u00ebr\u00eb nj\u00eb pun\u00eb stresuese dhe me ritme t\u00eb larta. Kristali \u00ebsht\u00eb gjithashtu nj\u00eb sh\u00ebrues i shk\u00eblqyesh\u00ebm fizik, mund t\u00eb ndihmoj\u00eb p\u00ebr s\u00ebmundje dhe dhimbje t\u00eb ndryshme si dhimbje n\u00eb qaf\u00eb, dhimbje fyti, do t\u00eb ndihmoj\u00eb l\u00ebkur\u00ebn e skuqur ose t\u00eb irrituar dhe dhimbjet e syve.<\/span><\/p>\n<p><b>Si t\u00eb pastroni dhe rimbushni gurin?<\/b><\/p>\n<p><span style=\"font-weight: 400;\">-Edhe pse agati blu \u00ebsht\u00eb nj\u00eb gur pastrues, ai gjithashtu duhet t\u00eb pastrohet. Duhet ta lini kristalin tuaj n\u00ebn drit\u00ebn e h\u00ebn\u00ebs gjat\u00eb nat\u00ebs dhe m\u00eb pas ta hiqni para agimit.<\/span><\/p>\n<p><b>Chakra:<\/b><\/p>\n<p><span style=\"font-weight: 400;\">-Fyt<\/span><\/p>\n<p><span style=\"font-weight: 400;\">&#8211; Syri i tret\u00eb<\/span><\/p>\n<p><b>Horoskopi:<\/b><\/p>\n<p><span style=\"font-weight: 400;\">Sh\u00ebnim: Ai lidhet me t\u00eb gjith\u00eb zodiak\u00ebt, por \u00ebsht\u00eb m\u00eb efektiv me:<\/span><\/p>\n<p><span style=\"font-weight: 400;\">&#8211; Luani<\/span><\/p>\n<p><span style=\"font-weight: 400;\">&#8211; Peshqit<\/span><\/p>\n","protected":false},"excerpt":{"rendered":"<p>Dimenzioni 18x10mm<\/p>\n","protected":false},"featured_media":7507,"comment_status":"open","ping_status":"closed","template":"","meta":[],"product_brand":[],"product_cat":[2401,2292,2405,2372,2374,2429,2309,2310,2365,2353,2367,2435,2395,2359,2352,2308,2404],"product_tag":[],"class_list":{"0":"post-7673","1":"product","2":"type-product","3":"status-publish","4":"has-post-thumbnail","6":"product_cat-agate-sq","7":"product_cat-crystal-jewelry-sq","8":"product_cat-blej-sipas","9":"product_cat-blej-sipas-ngjyres","10":"product_cat-blu","11":"product_cat-format","12":"product_cat-fyti","13":"product_cat-llojet-e-gurve-te-cmuar","14":"product_cat-luani","15":"product_cat-lumturi-vetebesim","16":"product_cat-peshqit","17":"product_cat-pike-loti","18":"product_cat-pendant-sq","19":"product_cat-shenjat-e-horoskopit","20":"product_cat-qellim","21":"product_cat-syri-i-trete","22":"product_cat-zona-e-cakres","24":"first","25":"instock","26":"shipping-taxable","27":"purchasable","28":"product-type-simple"},"_links":{"self":[{"href":"https:\/\/tinacrystals.com\/sq\/wp-json\/wp\/v2\/product\/7673","targetHints":{"allow":["GET"]}}],"collection":[{"href":"https:\/\/tinacrystals.com\/sq\/wp-json\/wp\/v2\/product"}],"about":[{"href":"https:\/\/tinacrystals.com\/sq\/wp-json\/wp\/v2\/types\/product"}],"replies":[{"embeddable":true,"href":"https:\/\/tinacrystals.com\/sq\/wp-json\/wp\/v2\/comments?post=7673"}],"wp:featuredmedia":[{"embeddable":true,"href":"https:\/\/tinacrystals.com\/sq\/wp-json\/wp\/v2\/media\/7507"}],"wp:attachment":[{"href":"https:\/\/tinacrystals.com\/sq\/wp-json\/wp\/v2\/media?parent=7673"}],"wp:term":[{"taxonomy":"product_brand","embeddable":true,"href":"https:\/\/tinacrystals.com\/sq\/wp-json\/wp\/v2\/product_brand?post=7673"},{"taxonomy":"product_cat","embeddable":true,"href":"https:\/\/tinacrystals.com\/sq\/wp-json\/wp\/v2\/product_cat?post=7673"},{"taxonomy":"product_tag","embeddable":true,"href":"https:\/\/tinacrystals.com\/sq\/wp-json\/wp\/v2\/product_tag?post=7673"}],"curies":[{"name":"wp","href":"https:\/\/api.w.org\/{rel}","templated":true}]}}