{"id":7702,"date":"2022-01-25T12:53:48","date_gmt":"2022-01-25T12:53:48","guid":{"rendered":"http:\/\/tinacrystals.com\/product\/kuartzi-i-kuq-pika-loti\/"},"modified":"2022-06-06T09:32:08","modified_gmt":"2022-06-06T07:32:08","slug":"kuartzi-i-kuq-pika-loti","status":"publish","type":"product","link":"https:\/\/tinacrystals.com\/sq\/product\/kuartzi-i-kuq-pika-loti\/","title":{"rendered":"Kuartci Kuq Pik Loti"},"content":{"rendered":"<p><strong>Kuartzi i Kuq Pika Loti<\/strong><\/p>\n<p><span style=\"font-weight: 400;\">Kuarci i Kuq \u00ebsht\u00eb nj\u00eb kristal i mrekulluesh\u00ebm q\u00eb ka veti t\u00eb shumta q\u00eb mund t&#8217;ju ndihmojn\u00eb n\u00eb t\u00eb gjitha aspektet e jet\u00ebs suaj. Konsiderohet kryesisht si nj\u00eb gur miq\u00ebsie dhe dashurie, sepse forcon marr\u00ebdh\u00ebniet tuaja me miqt\u00eb duke hequr \u00e7do gj\u00eb negative mes jush.<\/span><\/p>\n<p><span style=\"font-weight: 400;\">Nuancat e ndryshme t\u00eb s\u00eb kuqes q\u00eb ka kristali do t&#8217;ju rrisin vitalitetin dhe do t&#8217;ju balancojn\u00eb emocionalisht, fizikisht dhe shpirt\u00ebrisht. Gjithashtu do t\u00eb vibroj\u00eb ndjenjat e qet\u00ebsis\u00eb, n\u00ebse \u00ebsht\u00eb e nevojshme do t&#8217;ju sh\u00ebroj\u00eb dhe do t\u00eb largoj\u00eb \u00e7do stres, ankth ose depresion q\u00eb mund t\u00eb keni.<\/span><\/p>\n<p><b>\u00c7akra:<\/b><\/p>\n<p><span style=\"font-weight: 400;\">-Sakral<\/span><\/p>\n<p><b>Horoskopi:<\/b><\/p>\n<p><span style=\"font-weight: 400;\">Sh\u00ebnim: Kristali lidhet me t\u00eb gjith\u00eb zodiak\u00ebt, por \u00ebsht\u00eb m\u00eb efektiv me:<\/span><\/p>\n<p><span style=\"font-weight: 400;\">&#8211; Dashi<\/span><\/p>\n<p><span style=\"font-weight: 400;\">-Luani<\/span><\/p>\n<p><span style=\"font-weight: 400;\">-Shigjetari<\/span><\/p>\n","protected":false},"excerpt":{"rendered":"<p>Dimenzioni 18x10mm<\/p>\n","protected":false},"featured_media":7543,"comment_status":"open","ping_status":"closed","template":"","meta":[],"product_brand":[],"product_cat":[2292,2405,2372,2361,2355,2429,2343,2384,2310,2365,2435,2395,2306,2359,2368,2352,2404],"product_tag":[],"class_list":{"0":"post-7702","1":"product","2":"type-product","3":"status-publish","4":"has-post-thumbnail","6":"product_cat-crystal-jewelry-sq","7":"product_cat-blej-sipas","8":"product_cat-blej-sipas-ngjyres","9":"product_cat-dashi","10":"product_cat-dashuri-harmoni","11":"product_cat-format","12":"product_cat-kuarci-i-kuq","13":"product_cat-kuq","14":"product_cat-llojet-e-gurve-te-cmuar","15":"product_cat-luani","16":"product_cat-pike-loti","17":"product_cat-pendant-sq","18":"product_cat-sakrale","19":"product_cat-shenjat-e-horoskopit","20":"product_cat-shigjetari","21":"product_cat-qellim","22":"product_cat-zona-e-cakres","24":"first","25":"instock","26":"shipping-taxable","27":"purchasable","28":"product-type-simple"},"_links":{"self":[{"href":"https:\/\/tinacrystals.com\/sq\/wp-json\/wp\/v2\/product\/7702","targetHints":{"allow":["GET"]}}],"collection":[{"href":"https:\/\/tinacrystals.com\/sq\/wp-json\/wp\/v2\/product"}],"about":[{"href":"https:\/\/tinacrystals.com\/sq\/wp-json\/wp\/v2\/types\/product"}],"replies":[{"embeddable":true,"href":"https:\/\/tinacrystals.com\/sq\/wp-json\/wp\/v2\/comments?post=7702"}],"wp:featuredmedia":[{"embeddable":true,"href":"https:\/\/tinacrystals.com\/sq\/wp-json\/wp\/v2\/media\/7543"}],"wp:attachment":[{"href":"https:\/\/tinacrystals.com\/sq\/wp-json\/wp\/v2\/media?parent=7702"}],"wp:term":[{"taxonomy":"product_brand","embeddable":true,"href":"https:\/\/tinacrystals.com\/sq\/wp-json\/wp\/v2\/product_brand?post=7702"},{"taxonomy":"product_cat","embeddable":true,"href":"https:\/\/tinacrystals.com\/sq\/wp-json\/wp\/v2\/product_cat?post=7702"},{"taxonomy":"product_tag","embeddable":true,"href":"https:\/\/tinacrystals.com\/sq\/wp-json\/wp\/v2\/product_tag?post=7702"}],"curies":[{"name":"wp","href":"https:\/\/api.w.org\/{rel}","templated":true}]}}