{"id":7745,"date":"2022-01-25T12:26:57","date_gmt":"2022-01-25T12:26:57","guid":{"rendered":"http:\/\/tinacrystals.com\/product\/terfili-i-agatit-te-bardhe\/"},"modified":"2022-06-10T10:31:12","modified_gmt":"2022-06-10T08:31:12","slug":"terfili-i-agatit-te-bardhe","status":"publish","type":"product","link":"https:\/\/tinacrystals.com\/sq\/product\/terfili-i-agatit-te-bardhe\/","title":{"rendered":"Agat i Bardh\u00eb  T\u00ebrfil"},"content":{"rendered":"<p><strong>Terfili i Agatit te Bardhe<\/strong><\/p>\n<p><span style=\"font-weight: 400;\">Agati i bardh\u00eb pastron mendjen tuaj nga ajo q\u00eb nuk ju nevojitet ose nuk \u00ebsht\u00eb e nevojshme, inkurajon qart\u00ebsin\u00eb e mendjes. \u00cbsht\u00eb nj\u00eb gur i \u00e7muar q\u00eb hap nj\u00eb zem\u00ebr t\u00eb mbyllur, t\u00eb b\u00ebn m\u00eb t\u00eb vet\u00ebdijsh\u00ebm p\u00ebr t\u00eb tashmen dhe njer\u00ebzit rreth teje. Filloni t\u00eb b\u00ebheni m\u00eb t\u00eb lumtur dhe m\u00eb pozitiv\u00eb.<\/span><\/p>\n<p><span style=\"font-weight: 400;\">Gjithashtu sjell harmoni n\u00eb dit\u00ebt stresuese, leht\u00ebson komplikimet dhe shqet\u00ebsimet nga ju gjat\u00eb shtatz\u00ebnis\u00eb.<\/span><\/p>\n<p><b>Si t\u00eb pastroni kristalin?<\/b><\/p>\n<p><span style=\"font-weight: 400;\">-P\u00ebr shkak se ky \u00ebsht\u00eb nj\u00eb gur i fort\u00eb, mund ta pastroni dhe rikarikoni duke e mbajtur n\u00ebn drit\u00ebn e h\u00ebn\u00ebs gjat\u00eb nat\u00ebs, sigurohuni q\u00eb ta hiqni gurin n\u00eb m\u00ebngjes p\u00ebrpara se rrezet e diellit t\u00eb fillojn\u00eb t\u00eb prekin gurin.<\/span><\/p>\n<p><b>\u00c7akra:<\/b><\/p>\n<p><span style=\"font-weight: 400;\">Kuror\u00eb<\/span><\/p>\n<p><b>Horoskopi:<\/b><\/p>\n<p><span style=\"font-weight: 400;\">Binjak\u00ebt<\/span><\/p>\n","protected":false},"excerpt":{"rendered":"<p>Dimenzioni 24x24mm<\/p>\n","protected":false},"featured_media":7588,"comment_status":"open","ping_status":"closed","template":"","meta":[],"product_brand":[],"product_cat":[2292,2429,2395,2430],"product_tag":[],"class_list":{"0":"post-7745","1":"product","2":"type-product","3":"status-publish","4":"has-post-thumbnail","6":"product_cat-crystal-jewelry-sq","7":"product_cat-format","8":"product_cat-pendant-sq","9":"product_cat-terfil","11":"first","12":"instock","13":"shipping-taxable","14":"purchasable","15":"product-type-simple"},"_links":{"self":[{"href":"https:\/\/tinacrystals.com\/sq\/wp-json\/wp\/v2\/product\/7745","targetHints":{"allow":["GET"]}}],"collection":[{"href":"https:\/\/tinacrystals.com\/sq\/wp-json\/wp\/v2\/product"}],"about":[{"href":"https:\/\/tinacrystals.com\/sq\/wp-json\/wp\/v2\/types\/product"}],"replies":[{"embeddable":true,"href":"https:\/\/tinacrystals.com\/sq\/wp-json\/wp\/v2\/comments?post=7745"}],"wp:featuredmedia":[{"embeddable":true,"href":"https:\/\/tinacrystals.com\/sq\/wp-json\/wp\/v2\/media\/7588"}],"wp:attachment":[{"href":"https:\/\/tinacrystals.com\/sq\/wp-json\/wp\/v2\/media?parent=7745"}],"wp:term":[{"taxonomy":"product_brand","embeddable":true,"href":"https:\/\/tinacrystals.com\/sq\/wp-json\/wp\/v2\/product_brand?post=7745"},{"taxonomy":"product_cat","embeddable":true,"href":"https:\/\/tinacrystals.com\/sq\/wp-json\/wp\/v2\/product_cat?post=7745"},{"taxonomy":"product_tag","embeddable":true,"href":"https:\/\/tinacrystals.com\/sq\/wp-json\/wp\/v2\/product_tag?post=7745"}],"curies":[{"name":"wp","href":"https:\/\/api.w.org\/{rel}","templated":true}]}}