{"id":7756,"date":"2022-01-25T12:08:35","date_gmt":"2022-01-25T12:08:35","guid":{"rendered":"http:\/\/tinacrystals.com\/product\/top-i-rrumbullaket-nga-agati-gri\/"},"modified":"2022-05-11T11:55:23","modified_gmt":"2022-05-11T09:55:23","slug":"top-i-rrumbullaket-nga-agati-gri","status":"publish","type":"product","link":"https:\/\/tinacrystals.com\/sq\/product\/top-i-rrumbullaket-nga-agati-gri\/","title":{"rendered":"Agat Gri Top"},"content":{"rendered":"<p><strong>HOROSKOPI<\/strong>: Binjak\u00ebt, Bricjapi<\/p>\n<p><strong>CHAKRA<\/strong>: Rr\u00ebnja<\/p>\n<p>&nbsp;<\/p>\n<p><em><strong>Agati gri<\/strong> <\/em>\u00ebsht\u00eb nj\u00eb gur p\u00ebr besimi dhe sigurie.<\/p>\n<p>&nbsp;<\/p>\n<p><em><strong>Sh\u00ebrimi shpirt\u00ebror:<\/strong><\/em><\/p>\n<p>Agati gri ju ndihmon t\u00eb kuptoni kur JO do t\u00eb thot\u00eb v\u00ebrtet JO, ai do t&#8217;ju mbroj\u00eb nga energjit\u00eb negative dhe do t&#8217;ju mbroj\u00eb nga mendimet e d\u00ebmshme.<\/p>\n<p>Ju ndihmon t\u00eb keni qasje n\u00eb drejtimin tuaj shpirt\u00ebror dhe rrit aft\u00ebsit\u00eb psikike.<\/p>\n<p>&nbsp;<\/p>\n<p><em><strong>Sh\u00ebrimi fizik:<\/strong><\/em><\/p>\n<p>Disa njer\u00ebz mendojn\u00eb se Agati gri forcon funksionin mendor duke p\u00ebrmir\u00ebsuar p\u00ebrqendrimin, perceptimin dhe aft\u00ebsit\u00eb analitike, disa t\u00eb tjer\u00eb e kan\u00eb par\u00eb at\u00eb t\u00eb p\u00ebrdoret p\u00ebr t\u00eb k\u00ebrkuar<\/p>\n<p>lumturin\u00eb dhe prosperitetin n\u00eb dashuri.<\/p>\n<p>Do t\u00eb ndihmoj\u00eb n\u00eb largimin e \u00e7do tensioni ose stresi dhe do t\u00eb ndihmoj\u00eb trupin t\u00eb heq\u00eb dor\u00eb nga ndjenjat negative.<\/p>\n<p>&nbsp;<\/p>\n<p><em><strong>Sh\u00ebrimi emocional:<\/strong><\/em><\/p>\n<p>Emocionalisht Gri Agati mendohet t\u00eb jet\u00eb nj\u00eb balancues i madh i energjive dhe emocioneve.<\/p>\n<p>Mend\u00ebrisht stimulon ide t\u00eb reja, si dhe rrit p\u00ebrqendrimin dhe perceptimin.<\/p>\n<p>Do t&#8217;ju jap\u00eb nj\u00eb ndjenj\u00eb vet\u00ebbesim dhe sigurie.<\/p>\n<p>&nbsp;<\/p>\n<p><em><strong>Pastroni dhe rimbushni:<\/strong><\/em><\/p>\n<p>Mund ta pastroni kristalin me tym sherebele ose thjesht duke e l\u00ebn\u00eb n\u00eb uj\u00eb t\u00eb kripur p\u00ebr disa minuta, pasi ta pastroni kristalin, merrni n\u00eb duar, lidheni me energjit\u00eb q\u00eb ka dhe filloni t&#8217;i d\u00ebrgoni kristalit dridhjet tuaja unike pozitive. Kjo \u00ebsht\u00eb m\u00ebnyra m\u00eb e mir\u00eb p\u00ebr t\u00eb rimbushur kristalin.<\/p>\n","protected":false},"excerpt":{"rendered":"<p>HOROSKOPI: Binjak\u00ebt, Bricjapi CHAKRA: Rr\u00ebnja &nbsp; Agati gri \u00ebsht\u00eb nj\u00eb gur p\u00ebr besimi dhe sigurie. &nbsp; Sh\u00ebrimi shpirt\u00ebror: Agati gri ju ndihmon t\u00eb kuptoni kur JO<span class=\"excerpt-hellip\"> [\u2026]<\/span><\/p>\n","protected":false},"featured_media":7597,"comment_status":"open","ping_status":"closed","template":"","meta":[],"product_brand":[],"product_cat":[2401,2364,2292,2405,2372,2363,2358,2429,2378,2310,2357,2395,2305,2359,2352,2433,2404],"product_tag":[],"class_list":{"0":"post-7756","1":"product","2":"type-product","3":"status-publish","4":"has-post-thumbnail","6":"product_cat-agate-sq","7":"product_cat-binjaket","8":"product_cat-crystal-jewelry-sq","9":"product_cat-blej-sipas","10":"product_cat-blej-sipas-ngjyres","11":"product_cat-bricjapi","12":"product_cat-force-stabilitet","13":"product_cat-format","14":"product_cat-gri","15":"product_cat-llojet-e-gurve-te-cmuar","16":"product_cat-mbrotje-paqe","17":"product_cat-pendant-sq","18":"product_cat-rrenja","19":"product_cat-shenjat-e-horoskopit","20":"product_cat-qellim","21":"product_cat-top","22":"product_cat-zona-e-cakres","24":"first","25":"instock","26":"shipping-taxable","27":"purchasable","28":"product-type-simple"},"_links":{"self":[{"href":"https:\/\/tinacrystals.com\/sq\/wp-json\/wp\/v2\/product\/7756","targetHints":{"allow":["GET"]}}],"collection":[{"href":"https:\/\/tinacrystals.com\/sq\/wp-json\/wp\/v2\/product"}],"about":[{"href":"https:\/\/tinacrystals.com\/sq\/wp-json\/wp\/v2\/types\/product"}],"replies":[{"embeddable":true,"href":"https:\/\/tinacrystals.com\/sq\/wp-json\/wp\/v2\/comments?post=7756"}],"wp:featuredmedia":[{"embeddable":true,"href":"https:\/\/tinacrystals.com\/sq\/wp-json\/wp\/v2\/media\/7597"}],"wp:attachment":[{"href":"https:\/\/tinacrystals.com\/sq\/wp-json\/wp\/v2\/media?parent=7756"}],"wp:term":[{"taxonomy":"product_brand","embeddable":true,"href":"https:\/\/tinacrystals.com\/sq\/wp-json\/wp\/v2\/product_brand?post=7756"},{"taxonomy":"product_cat","embeddable":true,"href":"https:\/\/tinacrystals.com\/sq\/wp-json\/wp\/v2\/product_cat?post=7756"},{"taxonomy":"product_tag","embeddable":true,"href":"https:\/\/tinacrystals.com\/sq\/wp-json\/wp\/v2\/product_tag?post=7756"}],"curies":[{"name":"wp","href":"https:\/\/api.w.org\/{rel}","templated":true}]}}