{"id":7762,"date":"2022-01-25T11:51:29","date_gmt":"2022-01-25T11:51:29","guid":{"rendered":"http:\/\/tinacrystals.com\/product\/topi-i-rrumbullaket-i-mahoganit\/"},"modified":"2022-05-11T11:55:41","modified_gmt":"2022-05-11T09:55:41","slug":"topi-i-rrumbullaket-i-mahoganit","status":"publish","type":"product","link":"https:\/\/tinacrystals.com\/sq\/product\/topi-i-rrumbullaket-i-mahoganit\/","title":{"rendered":"Obsidian Mahagoni Top"},"content":{"rendered":"<p><strong>Topi i Rrumbullaket i Mahogany<\/strong><\/p>\n<p>Guri Mahogani \u00ebsht\u00eb nj\u00eb gur mbrojt\u00ebs dhe tok\u00ebzues. \u00cbsht\u00eb nj\u00eb mjet i shk\u00eblqyer p\u00ebr t\u00eb kuptuar dhe pranuar fuqin\u00eb tuaj t\u00eb fshehur. Ju \u00e7liron nga vet\u00ebviktimizimi dhe ndjenja e padenj\u00ebsis\u00eb.<br \/>\nKy gur ju sjell vet\u00ebbesim dhe nj\u00eb ndjenj\u00eb sigurie dhe sigurie.<br \/>\nGuri i Mahoganit t\u00eb hap zemr\u00ebn, t\u00eb b\u00ebn m\u00eb t\u00eb aft\u00eb p\u00ebr t\u00eb dashur dhe p\u00ebr t&#8217;u dashuruar. P\u00ebr m\u00eb tep\u00ebr, ju shtyn t\u00eb nd\u00ebrprisni lidhjet me t\u00eb kaluar\u00ebn toksike.<br \/>\nSi t\u00eb pastrohet\/rimbushet ky gur?<br \/>\nMund t\u00eb p\u00ebrdorni vet\u00ebm nj\u00eb leck\u00eb t\u00eb past\u00ebr p\u00ebr t\u00eb pastruar papast\u00ebrtit\u00eb nga guri.<br \/>\nRimbushja: djeg temjan ose barishte mbi sof\u00ebr p\u00ebr ta rimbushur at\u00eb dhe gjithashtu kjo ndihmon edhe p\u00ebr pastrimin.<br \/>\nZodiaku:<br \/>\nPeshorja<br \/>\nAkrepi<br \/>\nChakra:<br \/>\nRr\u00ebnja<br \/>\nSakrale<br \/>\nPleksus diellor<\/p>\n","protected":false},"excerpt":{"rendered":"<p>Topi i Rrumbullaket i Mahogany Guri Mahogani \u00ebsht\u00eb nj\u00eb gur mbrojt\u00ebs dhe tok\u00ebzues. \u00cbsht\u00eb nj\u00eb mjet i shk\u00eblqyer p\u00ebr t\u00eb kuptuar dhe pranuar fuqin\u00eb tuaj t\u00eb<span class=\"excerpt-hellip\"> [\u2026]<\/span><\/p>\n","protected":false},"featured_media":7603,"comment_status":"open","ping_status":"closed","template":"","meta":[],"product_brand":[],"product_cat":[2292,2429,2395,2433],"product_tag":[],"class_list":{"0":"post-7762","1":"product","2":"type-product","3":"status-publish","4":"has-post-thumbnail","6":"product_cat-crystal-jewelry-sq","7":"product_cat-format","8":"product_cat-pendant-sq","9":"product_cat-top","11":"first","12":"instock","13":"shipping-taxable","14":"purchasable","15":"product-type-simple"},"_links":{"self":[{"href":"https:\/\/tinacrystals.com\/sq\/wp-json\/wp\/v2\/product\/7762","targetHints":{"allow":["GET"]}}],"collection":[{"href":"https:\/\/tinacrystals.com\/sq\/wp-json\/wp\/v2\/product"}],"about":[{"href":"https:\/\/tinacrystals.com\/sq\/wp-json\/wp\/v2\/types\/product"}],"replies":[{"embeddable":true,"href":"https:\/\/tinacrystals.com\/sq\/wp-json\/wp\/v2\/comments?post=7762"}],"wp:featuredmedia":[{"embeddable":true,"href":"https:\/\/tinacrystals.com\/sq\/wp-json\/wp\/v2\/media\/7603"}],"wp:attachment":[{"href":"https:\/\/tinacrystals.com\/sq\/wp-json\/wp\/v2\/media?parent=7762"}],"wp:term":[{"taxonomy":"product_brand","embeddable":true,"href":"https:\/\/tinacrystals.com\/sq\/wp-json\/wp\/v2\/product_brand?post=7762"},{"taxonomy":"product_cat","embeddable":true,"href":"https:\/\/tinacrystals.com\/sq\/wp-json\/wp\/v2\/product_cat?post=7762"},{"taxonomy":"product_tag","embeddable":true,"href":"https:\/\/tinacrystals.com\/sq\/wp-json\/wp\/v2\/product_tag?post=7762"}],"curies":[{"name":"wp","href":"https:\/\/api.w.org\/{rel}","templated":true}]}}