{"id":7768,"date":"2022-01-25T11:51:27","date_gmt":"2022-01-25T11:51:27","guid":{"rendered":"http:\/\/tinacrystals.com\/product\/top-i-rrumbullaket-nga-kuartzi-i-kuq\/"},"modified":"2022-05-11T11:56:18","modified_gmt":"2022-05-11T09:56:18","slug":"top-i-rrumbullaket-nga-kuartzi-i-kuq","status":"publish","type":"product","link":"https:\/\/tinacrystals.com\/sq\/product\/top-i-rrumbullaket-nga-kuartzi-i-kuq\/","title":{"rendered":"Kuarci Kuq Top"},"content":{"rendered":"<p><strong>Top i Rrumbullaket nga Kuartzi i Kuq<\/strong><\/p>\n<p><span style=\"font-weight: 400;\">Kuarci i Kuq \u00ebsht\u00eb nj\u00eb kristal i mrekulluesh\u00ebm q\u00eb ka veti t\u00eb shumta q\u00eb mund t&#8217;ju ndihmojn\u00eb n\u00eb t\u00eb gjitha aspektet e jet\u00ebs suaj. Konsiderohet kryesisht si nj\u00eb gur miq\u00ebsie dhe dashurie, sepse forcon marr\u00ebdh\u00ebniet tuaja me miqt\u00eb duke hequr \u00e7do gj\u00eb negative mes jush.<\/span><\/p>\n<p><span style=\"font-weight: 400;\">Nuancat e ndryshme t\u00eb s\u00eb kuqes q\u00eb ka kristali do t&#8217;ju rrisin vitalitetin dhe do t&#8217;ju balancojn\u00eb emocionalisht, fizikisht dhe shpirt\u00ebrisht. Gjithashtu do t\u00eb vibroj\u00eb ndjenjat e qet\u00ebsis\u00eb, n\u00ebse \u00ebsht\u00eb e nevojshme do t&#8217;ju sh\u00ebroj\u00eb dhe do t\u00eb largoj\u00eb \u00e7do stres, ankth ose depresion q\u00eb mund t\u00eb keni.<\/span><\/p>\n<p><b>\u00c7akra:<\/b><\/p>\n<p><span style=\"font-weight: 400;\">-Sakral<\/span><\/p>\n<p><b>Horoskopi:<\/b><\/p>\n<p><span style=\"font-weight: 400;\">Sh\u00ebnim: Kristali lidhet me t\u00eb gjith\u00eb zodiak\u00ebt, por \u00ebsht\u00eb m\u00eb efektiv me:<\/span><\/p>\n<p><span style=\"font-weight: 400;\">&#8211; Dashi<\/span><\/p>\n<p><span style=\"font-weight: 400;\">-Luani<\/span><\/p>\n<p><span style=\"font-weight: 400;\">-Shigjetari<\/span><\/p>\n<p>&nbsp;<\/p>\n","protected":false},"excerpt":{"rendered":"<p>Top i Rrumbullaket nga Kuartzi i Kuq Kuarci i Kuq \u00ebsht\u00eb nj\u00eb kristal i mrekulluesh\u00ebm q\u00eb ka veti t\u00eb shumta q\u00eb mund t&#8217;ju ndihmojn\u00eb n\u00eb t\u00eb<span class=\"excerpt-hellip\"> [\u2026]<\/span><\/p>\n","protected":false},"featured_media":7609,"comment_status":"open","ping_status":"closed","template":"","meta":[],"product_brand":[],"product_cat":[2292,2429,2395,2433],"product_tag":[],"class_list":{"0":"post-7768","1":"product","2":"type-product","3":"status-publish","4":"has-post-thumbnail","6":"product_cat-crystal-jewelry-sq","7":"product_cat-format","8":"product_cat-pendant-sq","9":"product_cat-top","11":"first","12":"instock","13":"shipping-taxable","14":"purchasable","15":"product-type-simple"},"_links":{"self":[{"href":"https:\/\/tinacrystals.com\/sq\/wp-json\/wp\/v2\/product\/7768","targetHints":{"allow":["GET"]}}],"collection":[{"href":"https:\/\/tinacrystals.com\/sq\/wp-json\/wp\/v2\/product"}],"about":[{"href":"https:\/\/tinacrystals.com\/sq\/wp-json\/wp\/v2\/types\/product"}],"replies":[{"embeddable":true,"href":"https:\/\/tinacrystals.com\/sq\/wp-json\/wp\/v2\/comments?post=7768"}],"wp:featuredmedia":[{"embeddable":true,"href":"https:\/\/tinacrystals.com\/sq\/wp-json\/wp\/v2\/media\/7609"}],"wp:attachment":[{"href":"https:\/\/tinacrystals.com\/sq\/wp-json\/wp\/v2\/media?parent=7768"}],"wp:term":[{"taxonomy":"product_brand","embeddable":true,"href":"https:\/\/tinacrystals.com\/sq\/wp-json\/wp\/v2\/product_brand?post=7768"},{"taxonomy":"product_cat","embeddable":true,"href":"https:\/\/tinacrystals.com\/sq\/wp-json\/wp\/v2\/product_cat?post=7768"},{"taxonomy":"product_tag","embeddable":true,"href":"https:\/\/tinacrystals.com\/sq\/wp-json\/wp\/v2\/product_tag?post=7768"}],"curies":[{"name":"wp","href":"https:\/\/api.w.org\/{rel}","templated":true}]}}