{"id":7793,"date":"2022-01-25T11:08:30","date_gmt":"2022-01-25T11:08:30","guid":{"rendered":"http:\/\/tinacrystals.com\/product\/engjell-nga-guri-i-gjakut\/"},"modified":"2022-06-03T13:42:55","modified_gmt":"2022-06-03T11:42:55","slug":"engjell-nga-guri-i-gjakut","status":"publish","type":"product","link":"https:\/\/tinacrystals.com\/sq\/product\/engjell-nga-guri-i-gjakut\/","title":{"rendered":"Gjaku Dragoit  Flet\u00eb Engjulli"},"content":{"rendered":"<p><strong>Engjell nga Guri i Gjakut<\/strong><\/p>\n<p><span style=\"font-weight: 400;\">Gjaku i dragoit \u00ebsht\u00eb nj\u00eb gur shum\u00eb sh\u00ebrues n\u00eb p\u00ebrgjith\u00ebsi. Ky gur\u00eb ju lejon t\u00eb jeni m\u00eb t\u00eb sigurt dhe t\u00eb lidhur me veten tuaj t\u00eb brendshme. \u00cbsht\u00eb gjithashtu i shk\u00eblqyesh\u00ebm p\u00ebr mb\u00ebshtetje gjat\u00eb v\u00ebshtir\u00ebsive, inkurajon rritjen shpirt\u00ebrore dhe mb\u00ebshtet vet\u00eb-sh\u00ebrimin tuaj.<\/span><\/p>\n<p><span style=\"font-weight: 400;\">N\u00ebse po kaloni ndonj\u00eb v\u00ebshtir\u00ebsi, ky gur do t&#8217;ju ofroj\u00eb mb\u00ebshtetje dhe do t&#8217;ju ndihmoj\u00eb t\u00eb ekuilibroheni emocionalisht.<\/span><\/p>\n<p><b>Si t\u00eb p\u00ebrdoret kristali?<\/b><\/p>\n<p><span style=\"font-weight: 400;\">Kushtojini kristalit shum\u00eb v\u00ebmendje q\u00eb t\u00eb mund t\u00eb lidheni me fuqit\u00eb e saj dhe kjo do t&#8217;ju b\u00ebj\u00eb t\u00eb shikoni rezultate m\u00eb shpejt.<\/span><\/p>\n<p><span style=\"font-weight: 400;\">Ky kristal i gjakut t\u00eb Dragoit jo vet\u00ebm q\u00eb \u00ebsht\u00eb nj\u00eb opsion i mrekulluesh\u00ebm p\u00ebr perdorim dhe p\u00ebr q\u00ebllime meditimi ose manifestimi, por \u00ebsht\u00eb gjithashtu i p\u00ebrsosur si dhurat\u00eb p\u00ebr miqt\u00eb, familjen ose t\u00eb dashurit tuaj.<\/span><\/p>\n<p><b>Si t\u00eb pastroni kristalin?<\/b><\/p>\n<p><span style=\"font-weight: 400;\">Mbajeni gurin tuaj te Gjakut t\u00eb Dragoit n\u00ebn uj\u00eb t\u00eb rrjedhsh\u00ebm dhe k\u00ebrkoni nga Universi q\u00eb t\u00eb heq\u00eb t\u00eb gjith\u00eb negativitetin nga ky kristal.<\/span><\/p>\n<p><b>Chakra:<\/b><span style=\"font-weight: 400;\"> Zemra<\/span><\/p>\n<p><b>Horoskopi<\/b><span style=\"font-weight: 400;\">: Luani<\/span><\/p>\n","protected":false},"excerpt":{"rendered":"<p>Dimenzioni 20x15mm<\/p>\n","protected":false},"featured_media":7201,"comment_status":"open","ping_status":"closed","template":"","meta":[],"product_brand":[],"product_cat":[2292,2397,2395,2396],"product_tag":[],"class_list":{"0":"post-7793","1":"product","2":"type-product","3":"status-publish","4":"has-post-thumbnail","6":"product_cat-crystal-jewelry-sq","7":"product_cat-engjull","8":"product_cat-pendant-sq","9":"product_cat-varese-e-gdhendur","11":"first","12":"instock","13":"shipping-taxable","14":"purchasable","15":"product-type-simple"},"_links":{"self":[{"href":"https:\/\/tinacrystals.com\/sq\/wp-json\/wp\/v2\/product\/7793","targetHints":{"allow":["GET"]}}],"collection":[{"href":"https:\/\/tinacrystals.com\/sq\/wp-json\/wp\/v2\/product"}],"about":[{"href":"https:\/\/tinacrystals.com\/sq\/wp-json\/wp\/v2\/types\/product"}],"replies":[{"embeddable":true,"href":"https:\/\/tinacrystals.com\/sq\/wp-json\/wp\/v2\/comments?post=7793"}],"wp:featuredmedia":[{"embeddable":true,"href":"https:\/\/tinacrystals.com\/sq\/wp-json\/wp\/v2\/media\/7201"}],"wp:attachment":[{"href":"https:\/\/tinacrystals.com\/sq\/wp-json\/wp\/v2\/media?parent=7793"}],"wp:term":[{"taxonomy":"product_brand","embeddable":true,"href":"https:\/\/tinacrystals.com\/sq\/wp-json\/wp\/v2\/product_brand?post=7793"},{"taxonomy":"product_cat","embeddable":true,"href":"https:\/\/tinacrystals.com\/sq\/wp-json\/wp\/v2\/product_cat?post=7793"},{"taxonomy":"product_tag","embeddable":true,"href":"https:\/\/tinacrystals.com\/sq\/wp-json\/wp\/v2\/product_tag?post=7793"}],"curies":[{"name":"wp","href":"https:\/\/api.w.org\/{rel}","templated":true}]}}