{"id":7799,"date":"2022-01-25T11:03:27","date_gmt":"2022-01-25T11:03:27","guid":{"rendered":"http:\/\/tinacrystals.com\/product\/engjell-nga-dalmatiani\/"},"modified":"2022-06-03T13:40:05","modified_gmt":"2022-06-03T11:40:05","slug":"engjell-nga-dalmatiani","status":"publish","type":"product","link":"https:\/\/tinacrystals.com\/sq\/product\/engjell-nga-dalmatiani\/","title":{"rendered":"Jasper Dalmatian Engjull"},"content":{"rendered":"<p><strong>Engjell nga Dalmatiani<\/strong><\/p>\n<p><span style=\"font-weight: 400;\">Ky kristal \u00ebsht\u00eb nj\u00eb gur i \u00e7muar i njohur p\u00ebr qet\u00ebsi dhe eksplorim. \u00cbsht\u00eb nj\u00eb gur q\u00eb do t\u00eb nxjerr\u00eb n\u00eb sip\u00ebrfaqe talentet dhe t\u00eb metat tuaja, me nj\u00eb njohuri t\u00eb re n\u00eb mendjen tuaj tani do t\u00eb filloni t\u00eb punoni p\u00ebr p\u00ebrmir\u00ebsimin e talenteve dhe t\u00eb hiqni qafe ose t\u00eb ndryshoni t\u00eb metat tuaja.<\/span><\/p>\n<p><span style=\"font-weight: 400;\">Kristali do t&#8217;ju ndihmoj\u00eb t\u00eb dalloni midis dashuris\u00eb s\u00eb v\u00ebrtet\u00eb dhe dashuris\u00eb s\u00eb bazuar n\u00eb interes. Do t\u00eb promovoj\u00eb integritetin dhe p\u00ebrkushtimin, do t&#8217;ju ngrej\u00eb shpirtin dhe do t&#8217;ju p\u00ebrgatis\u00eb p\u00ebr \u00e7do gj\u00eb.<\/span><\/p>\n<p><b>Si t\u00eb pastroni kristalin?<\/b><\/p>\n<p><span style=\"font-weight: 400;\">-Ta Keni n\u00ebn drit\u00ebn e h\u00ebn\u00ebs deri n\u00eb m\u00ebngjes.<\/span><\/p>\n<p><b>\u00c7akra:<\/b><\/p>\n<p><span style=\"font-weight: 400;\">-Te gjitha<\/span><\/p>\n<p><b>Horoskopi<\/b><\/p>\n<p><span style=\"font-weight: 400;\">Sh\u00ebnim: Kristali lidhet me t\u00eb gjith\u00eb zodiak\u00ebt, por \u00ebsht\u00eb m\u00eb efektiv me<\/span><\/p>\n<p><span style=\"font-weight: 400;\">&#8211; Virgj\u00ebresha<\/span><\/p>\n","protected":false},"excerpt":{"rendered":"<p>Dimenzioni 20x15mm<\/p>\n","protected":false},"featured_media":7207,"comment_status":"open","ping_status":"closed","template":"","meta":[],"product_brand":[],"product_cat":[2292,2397,2395,2396],"product_tag":[],"class_list":{"0":"post-7799","1":"product","2":"type-product","3":"status-publish","4":"has-post-thumbnail","6":"product_cat-crystal-jewelry-sq","7":"product_cat-engjull","8":"product_cat-pendant-sq","9":"product_cat-varese-e-gdhendur","11":"first","12":"instock","13":"shipping-taxable","14":"purchasable","15":"product-type-simple"},"_links":{"self":[{"href":"https:\/\/tinacrystals.com\/sq\/wp-json\/wp\/v2\/product\/7799","targetHints":{"allow":["GET"]}}],"collection":[{"href":"https:\/\/tinacrystals.com\/sq\/wp-json\/wp\/v2\/product"}],"about":[{"href":"https:\/\/tinacrystals.com\/sq\/wp-json\/wp\/v2\/types\/product"}],"replies":[{"embeddable":true,"href":"https:\/\/tinacrystals.com\/sq\/wp-json\/wp\/v2\/comments?post=7799"}],"wp:featuredmedia":[{"embeddable":true,"href":"https:\/\/tinacrystals.com\/sq\/wp-json\/wp\/v2\/media\/7207"}],"wp:attachment":[{"href":"https:\/\/tinacrystals.com\/sq\/wp-json\/wp\/v2\/media?parent=7799"}],"wp:term":[{"taxonomy":"product_brand","embeddable":true,"href":"https:\/\/tinacrystals.com\/sq\/wp-json\/wp\/v2\/product_brand?post=7799"},{"taxonomy":"product_cat","embeddable":true,"href":"https:\/\/tinacrystals.com\/sq\/wp-json\/wp\/v2\/product_cat?post=7799"},{"taxonomy":"product_tag","embeddable":true,"href":"https:\/\/tinacrystals.com\/sq\/wp-json\/wp\/v2\/product_tag?post=7799"}],"curies":[{"name":"wp","href":"https:\/\/api.w.org\/{rel}","templated":true}]}}