{"id":7804,"date":"2022-01-24T13:47:26","date_gmt":"2022-01-24T13:47:26","guid":{"rendered":"http:\/\/tinacrystals.com\/product\/fosilet-e-amonitit\/"},"modified":"2022-03-08T10:41:47","modified_gmt":"2022-03-08T09:41:47","slug":"fosilet-e-amonitit","status":"publish","type":"product","link":"https:\/\/tinacrystals.com\/sq\/product\/fosilet-e-amonitit\/","title":{"rendered":"Amonit Fosil"},"content":{"rendered":"<p><strong>Fosilet e Amonitit<\/strong><\/p>\n<p><span style=\"font-weight: 400;\">Fosilet e Amonitit jan\u00eb fosilet m\u00eb t\u00eb njohura n\u00eb bot\u00eb, jan\u00eb fosile t\u00eb nj\u00eb kafshe detare t\u00eb zhdukur. Vet\u00ebm duke par\u00eb form\u00ebn e tyre unike mund t\u00eb v\u00ebrejm\u00eb se jan\u00eb nj\u00eb gur q\u00eb simbolizon ndryshimin dhe l\u00ebvizjet pozitive.<\/span><\/p>\n<p><span style=\"font-weight: 400;\">Ky gur i fuqish\u00ebm mund t&#8217;ju ndihmoj\u00eb t\u00eb kaloni \u00e7do v\u00ebshtir\u00ebsi q\u00eb mund t\u00eb keni, ai e shnd\u00ebrron energjin\u00eb e keqe rreth jush n\u00eb nj\u00eb energji pozitive, \u00ebsht\u00eb gjithashtu shum\u00eb pastrues dhe energjik.<\/span><\/p>\n<p>&nbsp;<\/p>\n<p><b>\u00a0Si t\u00eb kujdesemi p\u00ebr kristalet?<\/b><\/p>\n<p><span style=\"font-weight: 400;\">Gur\u00ebt mund t\u00eb jen\u00eb t\u00eb brisht\u00eb, k\u00ebshtu q\u00eb \u00ebsht\u00eb m\u00eb mir\u00eb t&#8217;i pastroni me uj\u00eb t\u00eb vak\u00ebt dhe sapun t\u00eb but\u00eb. Pas k\u00ebsaj thjesht thani slit\u00ebn me nj\u00eb leck\u00eb t\u00eb but\u00eb dhe mos shtoni asgj\u00eb tjet\u00ebr.<\/span><\/p>\n<p><span style=\"font-weight: 400;\">P\u00ebr t\u00eb rimbushur fosilin, mund t\u00eb p\u00ebrdorni muzik\u00eb ose nj\u00eb instrument zanor dhe t&#8217;i lini vibrimet t\u00eb lidhen me fosilin, nd\u00ebrkoh\u00eb\u00a0 sigurohuni q\u00eb t\u00eb keni synime pozitive. Ju gjithashtu mund ta mbani fosilin n\u00ebn rrezet e diellit p\u00ebr disa minuta ose ta rimbushni me tym sherebele.<\/span><\/p>\n<p><b>Horoskopi:<\/b><\/p>\n<p><span style=\"font-weight: 400;\">-Gaforja<\/span><\/p>\n<p>&#8211; Luani<\/p>\n<p><b>Chakra:<\/b><\/p>\n<p><span style=\"font-weight: 400;\">-Rr\u00ebnj\u00eb<\/span><\/p>\n","protected":false},"excerpt":{"rendered":"<p>Ky produkt \u00ebsht\u00eb natyral dhe secili \u00ebshte unik n\u00eb form\u00eb dhe ngjyr\u00eb<\/p>\n<p>Shijojeni Fosilin tuaj \ud83d\ude42<\/p>\n","protected":false},"featured_media":13180,"comment_status":"open","ping_status":"closed","template":"","meta":[],"product_brand":[],"product_cat":[2292,2405,2372,2356,2358,2312,2362,2375,2376,2310,2365,2357,2428,2422,2395,2305,2359,2352,2404],"product_tag":[],"class_list":{"0":"post-7804","1":"product","2":"type-product","3":"status-publish","4":"has-post-thumbnail","6":"product_cat-crystal-jewelry-sq","7":"product_cat-blej-sipas","8":"product_cat-blej-sipas-ngjyres","9":"product_cat-fat-sukses","10":"product_cat-force-stabilitet","11":"product_cat-fosil-amoniti","12":"product_cat-gaforrja","13":"product_cat-kafte","14":"product_cat-krem","15":"product_cat-llojet-e-gurve-te-cmuar","16":"product_cat-luani","17":"product_cat-mbrotje-paqe","18":"product_cat-minerale-te-paperpunuara","19":"product_cat-natyrale-te-perziera-raw-minerals","20":"product_cat-pendant-sq","21":"product_cat-rrenja","22":"product_cat-shenjat-e-horoskopit","23":"product_cat-qellim","24":"product_cat-zona-e-cakres","26":"first","27":"instock","28":"shipping-taxable","29":"purchasable","30":"product-type-simple"},"_links":{"self":[{"href":"https:\/\/tinacrystals.com\/sq\/wp-json\/wp\/v2\/product\/7804","targetHints":{"allow":["GET"]}}],"collection":[{"href":"https:\/\/tinacrystals.com\/sq\/wp-json\/wp\/v2\/product"}],"about":[{"href":"https:\/\/tinacrystals.com\/sq\/wp-json\/wp\/v2\/types\/product"}],"replies":[{"embeddable":true,"href":"https:\/\/tinacrystals.com\/sq\/wp-json\/wp\/v2\/comments?post=7804"}],"wp:featuredmedia":[{"embeddable":true,"href":"https:\/\/tinacrystals.com\/sq\/wp-json\/wp\/v2\/media\/13180"}],"wp:attachment":[{"href":"https:\/\/tinacrystals.com\/sq\/wp-json\/wp\/v2\/media?parent=7804"}],"wp:term":[{"taxonomy":"product_brand","embeddable":true,"href":"https:\/\/tinacrystals.com\/sq\/wp-json\/wp\/v2\/product_brand?post=7804"},{"taxonomy":"product_cat","embeddable":true,"href":"https:\/\/tinacrystals.com\/sq\/wp-json\/wp\/v2\/product_cat?post=7804"},{"taxonomy":"product_tag","embeddable":true,"href":"https:\/\/tinacrystals.com\/sq\/wp-json\/wp\/v2\/product_tag?post=7804"}],"curies":[{"name":"wp","href":"https:\/\/api.w.org\/{rel}","templated":true}]}}