{"id":7904,"date":"2022-01-25T10:54:34","date_gmt":"2022-01-25T10:54:34","guid":{"rendered":"http:\/\/tinacrystals.com\/product\/engjell-nga-agati-indian\/"},"modified":"2022-06-03T13:40:01","modified_gmt":"2022-06-03T11:40:01","slug":"engjell-nga-agati-indian","status":"publish","type":"product","link":"https:\/\/tinacrystals.com\/sq\/product\/engjell-nga-agati-indian\/","title":{"rendered":"Agat Indian Engj\u00ebll"},"content":{"rendered":"<p><strong>HOROSKOPI<\/strong>: Peshorja, Dashi<br \/>\n<strong>CHAKRA<\/strong>: Sakrale<\/p>\n<p><strong><em>Agati Indian<\/em><\/strong> shquhet se posedon fuqi t\u00eb cilat kan\u00eb humbur prej koh\u00ebsh n\u00eb shkrimet e lashta. Burrat e hyjnor\u00eb mbajn\u00eb agat indian.<\/p>\n<p>&nbsp;<\/p>\n<p><strong><em>Sh\u00ebrimi shpirt\u00ebror<\/em><\/strong><em>:<\/em><\/p>\n<p>Agati Indian ju mbush me vet\u00ebbesim nd\u00ebrsa ju mbron kund\u00ebr negativitetit q\u00eb mund t\u00eb ul\u00eb produktivitetin tuaj.<\/p>\n<p>Ju m\u00ebson t\u00eb kaloni sfidat dhe forcon marr\u00ebdh\u00ebnien tuaj.<\/p>\n<p><strong><br \/>\n<em>Sh\u00ebrimi fizik:<\/em><\/strong><\/p>\n<p>Agati Indian \u00ebsht\u00eb shum\u00eb i dobish\u00ebm dhe sherues p\u00ebr syt\u00eb tuaj.<\/p>\n<p>\u00cbsht\u00eb gjithashtu i p\u00ebrshtatsh\u00ebm p\u00ebr sh\u00ebrimin e organeve tuaja si zorr\u00ebt, uterusi dhe stomaku.<\/p>\n<p>Besohet se ndihmon n\u00eb reduktimin e simptomave t\u00eb epilepsis\u00eb.<\/p>\n<p>Agati Indian gjithashtu stimulon sh\u00ebrimin e indeve t\u00eb muskujve, rrjedhjen e gjakut, metabolizmin dhe sistemin tret\u00ebs.<\/p>\n<p><strong><br \/>\n<em>Sh\u00ebrimi emocional:<\/em><\/strong><\/p>\n<p>Agati Indian ndihmon n\u00eb promovimin e besimit dhe vet\u00eb-pranimit.<\/p>\n<p>Sh\u00ebron zem\u00ebrimin dhe emocionet negative dhe ju jep guxim p\u00ebr t\u00eb filluar nga e para.<\/p>\n<p>Kjo \u00ebsht\u00eb arsyeja pse ky kristal \u00ebsht\u00eb m\u00eb i p\u00ebrdoruri p\u00ebr sh\u00ebrim.<\/p>\n<p><strong><br \/>\n<em>Pastroni dhe rimbushni:<\/em><\/strong><\/p>\n<p>Fatmir\u00ebsisht, kristali i agatitit indian \u00ebsht\u00eb nj\u00eb gur i \u00e7muar i fort\u00eb, prandaj mund ta pastroni leht\u00ebsisht me uj\u00eb me sapun dhe m\u00eb pas ta thajeni. Ju gjithashtu mund ta pastroni kristalin duke e l\u00ebn\u00eb n\u00ebn uj\u00eb p\u00ebr disa minuta ose t\u00eb p\u00ebrdorni tym sherebele q\u00eb t\u00eb mund ta pastroni at\u00eb edhe nga energjite negative q\u00eb I ka absorbuar.<\/p>\n<p>Pasi t\u00eb zgjidhni m\u00ebnyr\u00ebn tuaj t\u00eb pastrimit t\u00eb kristalit, mbajeni n\u00eb dor\u00eb dhe p\u00ebrdorni fjal\u00eb pozitive ndaj tij, n\u00eb m\u00ebnyr\u00eb q\u00eb t\u00eb rifitoj\u00eb fuqit\u00eb e tij. B\u00ebni k\u00ebt\u00eb metod\u00eb sa her\u00eb q\u00eb mendoni se kristali \u00ebsht\u00eb tejmbushur dhe duhet pastruar.<\/p>\n","protected":false},"excerpt":{"rendered":"<p>Dimenzioni 20x15mm<\/p>\n","protected":false},"featured_media":7216,"comment_status":"open","ping_status":"closed","template":"","meta":[],"product_brand":[],"product_cat":[2401,2292,2405,2372,2361,2397,2310,2357,2366,2395,2306,2359,2380,2352,2396,2404],"product_tag":[],"class_list":{"0":"post-7904","1":"product","2":"type-product","3":"status-publish","4":"has-post-thumbnail","6":"product_cat-agate-sq","7":"product_cat-crystal-jewelry-sq","8":"product_cat-blej-sipas","9":"product_cat-blej-sipas-ngjyres","10":"product_cat-dashi","11":"product_cat-engjull","12":"product_cat-llojet-e-gurve-te-cmuar","13":"product_cat-mbrotje-paqe","14":"product_cat-peshorja","15":"product_cat-pendant-sq","16":"product_cat-sakrale","17":"product_cat-shenjat-e-horoskopit","18":"product_cat-shumengjyresh","19":"product_cat-qellim","20":"product_cat-varese-e-gdhendur","21":"product_cat-zona-e-cakres","23":"first","24":"instock","25":"shipping-taxable","26":"purchasable","27":"product-type-simple"},"_links":{"self":[{"href":"https:\/\/tinacrystals.com\/sq\/wp-json\/wp\/v2\/product\/7904","targetHints":{"allow":["GET"]}}],"collection":[{"href":"https:\/\/tinacrystals.com\/sq\/wp-json\/wp\/v2\/product"}],"about":[{"href":"https:\/\/tinacrystals.com\/sq\/wp-json\/wp\/v2\/types\/product"}],"replies":[{"embeddable":true,"href":"https:\/\/tinacrystals.com\/sq\/wp-json\/wp\/v2\/comments?post=7904"}],"wp:featuredmedia":[{"embeddable":true,"href":"https:\/\/tinacrystals.com\/sq\/wp-json\/wp\/v2\/media\/7216"}],"wp:attachment":[{"href":"https:\/\/tinacrystals.com\/sq\/wp-json\/wp\/v2\/media?parent=7904"}],"wp:term":[{"taxonomy":"product_brand","embeddable":true,"href":"https:\/\/tinacrystals.com\/sq\/wp-json\/wp\/v2\/product_brand?post=7904"},{"taxonomy":"product_cat","embeddable":true,"href":"https:\/\/tinacrystals.com\/sq\/wp-json\/wp\/v2\/product_cat?post=7904"},{"taxonomy":"product_tag","embeddable":true,"href":"https:\/\/tinacrystals.com\/sq\/wp-json\/wp\/v2\/product_tag?post=7904"}],"curies":[{"name":"wp","href":"https:\/\/api.w.org\/{rel}","templated":true}]}}