{"id":7905,"date":"2022-01-25T10:54:31","date_gmt":"2022-01-25T10:54:31","guid":{"rendered":"http:\/\/tinacrystals.com\/product\/engjell-nga-lapis-lazuli\/"},"modified":"2022-06-03T13:39:51","modified_gmt":"2022-06-03T11:39:51","slug":"engjell-nga-lapis-lazuli","status":"publish","type":"product","link":"https:\/\/tinacrystals.com\/sq\/product\/engjell-nga-lapis-lazuli\/","title":{"rendered":"Lapis Lazuli Engjell"},"content":{"rendered":"<p><strong>Engjell nga Lapis Lazuli<\/strong><\/p>\n<p><span style=\"font-weight: 400;\">Luksi \u00ebsht\u00eb prezent n\u00eb \u00e7do detaj t\u00eb produkteve tona. \u00c7do rruaz\u00eb \u00ebsht\u00eb unike p\u00ebr p\u00ebrdoruesin, \u00ebsht\u00eb e pat\u00ebmet\u00eb, e b\u00ebr\u00eb n\u00eb m\u00ebnyr\u00eb natyrale dhe madh\u00ebshtore. Ata jan\u00eb m\u00eb shum\u00eb se thjesht t\u00eb \u00e7muar, sepse krijojn\u00eb nj\u00eb lidhje kaq t\u00eb thell\u00eb me ju.<\/span><\/p>\n<p><span style=\"font-weight: 400;\">Ndjeni luksin elegant q\u00eb ata zot\u00ebrojn\u00eb dhe nuk do t\u00eb zhg\u00ebnjeheni. Ata vijn\u00eb tek ne pas v\u00ebrtetimit t\u00eb\u00a0 cil\u00ebsis\u00eb s\u00eb tyre shum\u00eb her\u00eb ashtu q\u00eb ne tu garantojm\u00eb kualitetin m\u00eb t\u00eb lart\u00eb t\u00eb mundshem.<\/span><\/p>\n<p><span style=\"font-weight: 400;\">I njohur si guri i men\u00e7uris\u00eb, ky gur i \u00e7muar \u00ebsht\u00eb nj\u00eb aktivizues v\u00ebrtet i fuqish\u00ebm i syrit t\u00eb tret\u00eb. Disa nga p\u00ebrfitimet e tij sh\u00ebruese p\u00ebrfshijn\u00eb leht\u00ebsimin e stresit, leht\u00ebsimin e ankthit, ju ndihmon t\u00eb vet\u00eb-aktualizoheni, rritni vet\u00ebdijen dhe vete-besimin tuaj, ndihmon n\u00eb pagjum\u00ebsi, ndihmon me depresionin dhe ndihmon sh\u00ebndetin tuaj t\u00eb p\u00ebrgjithsh\u00ebm ose ndonj\u00eb problem q\u00eb mund t\u00eb keni.<\/span><\/p>\n<p><b>Chakra:<\/b><\/p>\n<p><span style=\"font-weight: 400;\">&#8211; Syri i tret\u00eb<\/span><\/p>\n<p><span style=\"font-weight: 400;\">-Kurora<\/span><\/p>\n<p><span style=\"font-weight: 400;\">-Fyt<\/span><\/p>\n<p><b>Horoskopi:<\/b><span style=\"font-weight: 400;\"> Shigjetari<\/span><\/p>\n","protected":false},"excerpt":{"rendered":"<p>Dimenzioni 20x15mm<\/p>\n","protected":false},"featured_media":7219,"comment_status":"open","ping_status":"closed","template":"","meta":[],"product_brand":[],"product_cat":[2292,2397,2395,2396],"product_tag":[],"class_list":{"0":"post-7905","1":"product","2":"type-product","3":"status-publish","4":"has-post-thumbnail","6":"product_cat-crystal-jewelry-sq","7":"product_cat-engjull","8":"product_cat-pendant-sq","9":"product_cat-varese-e-gdhendur","11":"first","12":"instock","13":"shipping-taxable","14":"purchasable","15":"product-type-simple"},"_links":{"self":[{"href":"https:\/\/tinacrystals.com\/sq\/wp-json\/wp\/v2\/product\/7905","targetHints":{"allow":["GET"]}}],"collection":[{"href":"https:\/\/tinacrystals.com\/sq\/wp-json\/wp\/v2\/product"}],"about":[{"href":"https:\/\/tinacrystals.com\/sq\/wp-json\/wp\/v2\/types\/product"}],"replies":[{"embeddable":true,"href":"https:\/\/tinacrystals.com\/sq\/wp-json\/wp\/v2\/comments?post=7905"}],"wp:featuredmedia":[{"embeddable":true,"href":"https:\/\/tinacrystals.com\/sq\/wp-json\/wp\/v2\/media\/7219"}],"wp:attachment":[{"href":"https:\/\/tinacrystals.com\/sq\/wp-json\/wp\/v2\/media?parent=7905"}],"wp:term":[{"taxonomy":"product_brand","embeddable":true,"href":"https:\/\/tinacrystals.com\/sq\/wp-json\/wp\/v2\/product_brand?post=7905"},{"taxonomy":"product_cat","embeddable":true,"href":"https:\/\/tinacrystals.com\/sq\/wp-json\/wp\/v2\/product_cat?post=7905"},{"taxonomy":"product_tag","embeddable":true,"href":"https:\/\/tinacrystals.com\/sq\/wp-json\/wp\/v2\/product_tag?post=7905"}],"curies":[{"name":"wp","href":"https:\/\/api.w.org\/{rel}","templated":true}]}}