{"id":8224,"date":"2022-01-28T08:14:34","date_gmt":"2022-01-28T08:14:34","guid":{"rendered":"http:\/\/tinacrystals.com\/product\/sodalit-trekendesh\/"},"modified":"2022-06-06T11:03:57","modified_gmt":"2022-06-06T09:03:57","slug":"sodalit-trekendesh","status":"publish","type":"product","link":"https:\/\/tinacrystals.com\/sq\/product\/sodalit-trekendesh\/","title":{"rendered":"Sodalit Trek\u00ebnd\u00ebsh"},"content":{"rendered":"<p><strong>HOROSKOPI<\/strong>: Shigjetari<br \/>\n<strong>CHAKRA:<\/strong> fyt, syri i tret\u00eb<\/p>\n<p><strong><em><br \/>\nSodaliti<\/em><\/strong> \u00ebsht\u00eb nj\u00eb nga gur\u00ebt m\u00eb t\u00eb dendur dhe m\u00eb t\u00eb bazuar n\u00eb blu t\u00eb err\u00ebt dhe \u00ebsht\u00eb i p\u00ebrsosur p\u00ebr meditim dhe udh\u00ebtime t\u00eb gjata.<\/p>\n<p><strong><em><br \/>\nSh\u00ebrimi shpirt\u00ebror:<\/em><\/strong><\/p>\n<p>Sodaliti nxit t\u00eb menduarit e thell\u00eb dhe p\u00ebrmir\u00ebson intuit\u00ebn tuaj.<\/p>\n<p>Ajo promovon t\u00eb kuptuarit m\u00eb t\u00eb mir\u00eb dhe e lejon dik\u00eb q\u00eb t\u00eb &#8220;thot\u00eb t\u00eb v\u00ebrtet\u00ebn&#8221; dhe &#8220;t\u00eb njoh\u00eb t\u00eb v\u00ebrtet\u00ebn&#8221;.<\/p>\n<p><strong><em><br \/>\nSh\u00ebrimi fizik:<\/em><\/strong><\/p>\n<p>Sodaliti \u00ebsht\u00eb p\u00ebrdorur n\u00eb trajtimin e gj\u00ebndrave, dhe si nj\u00eb mjet pastrues p\u00ebr pastrimin e sistemit limfatik dhe organeve.<\/p>\n<p>Mund t\u00eb jet\u00eb gjithashtu i dobish\u00ebm n\u00eb trajtimin e fytit, kordave vokale dhe laringut, ve\u00e7an\u00ebrisht n\u00eb qet\u00ebsimin e z\u00ebrit dhe laringitit.<\/p>\n<p><strong><em>Sh\u00ebrimi emocional:<\/em><\/strong><\/p>\n<p>Ju ndihmon t\u00eb fitoni kontrollin e jet\u00ebs dhe ju inkurajon t\u00eb jeni m\u00eb t\u00eb sinqert\u00eb. \u00cbsht\u00eb gjithashtu i shk\u00eblqyesh\u00ebm p\u00ebr t\u00eb leht\u00ebsuar ankthin dhe sulmet e panikut.<\/p>\n<p>Krijon nj\u00eb mendje t\u00eb qart\u00eb t\u00eb hapur p\u00ebr t\u00eb gjetur paqen e brendshme.<\/p>\n<p><strong><em><br \/>\nPastroni dhe rimbushni:<\/em><\/strong><\/p>\n<p>Pastrimi \u00ebsht\u00eb m\u00eb i mir\u00eb duke e vendosur gurin n\u00eb drit\u00ebn e drejtp\u00ebrdrejt\u00eb t\u00eb h\u00ebn\u00ebs gjat\u00eb nat\u00ebs, gj\u00eb q\u00eb do t\u00eb ndihmoj\u00eb n\u00eb kthimin e ekuilibrit duke dh\u00ebn\u00eb nj\u00eb fuqi t\u00eb jasht\u00ebzakonshme.<\/p>\n<p>Rimbushja: L\u00ebreni pran\u00eb nj\u00eb bari aromatik p\u00ebr 24 or\u00eb.<\/p>\n","protected":false},"excerpt":{"rendered":"<p>Dimensions 20x15mm<\/p>\n","protected":false},"featured_media":8151,"comment_status":"open","ping_status":"closed","template":"","meta":[],"product_brand":[],"product_cat":[2292,2405,2372,2374,2358,2429,2309,2310,2395,2359,2368,2352,2347,2308,2436,2404],"product_tag":[],"class_list":{"0":"post-8224","1":"product","2":"type-product","3":"status-publish","4":"has-post-thumbnail","6":"product_cat-crystal-jewelry-sq","7":"product_cat-blej-sipas","8":"product_cat-blej-sipas-ngjyres","9":"product_cat-blu","10":"product_cat-force-stabilitet","11":"product_cat-format","12":"product_cat-fyti","13":"product_cat-llojet-e-gurve-te-cmuar","14":"product_cat-pendant-sq","15":"product_cat-shenjat-e-horoskopit","16":"product_cat-shigjetari","17":"product_cat-qellim","18":"product_cat-sodalit","19":"product_cat-syri-i-trete","20":"product_cat-trekendesh","21":"product_cat-zona-e-cakres","23":"first","24":"instock","25":"shipping-taxable","26":"purchasable","27":"product-type-simple"},"_links":{"self":[{"href":"https:\/\/tinacrystals.com\/sq\/wp-json\/wp\/v2\/product\/8224","targetHints":{"allow":["GET"]}}],"collection":[{"href":"https:\/\/tinacrystals.com\/sq\/wp-json\/wp\/v2\/product"}],"about":[{"href":"https:\/\/tinacrystals.com\/sq\/wp-json\/wp\/v2\/types\/product"}],"replies":[{"embeddable":true,"href":"https:\/\/tinacrystals.com\/sq\/wp-json\/wp\/v2\/comments?post=8224"}],"wp:featuredmedia":[{"embeddable":true,"href":"https:\/\/tinacrystals.com\/sq\/wp-json\/wp\/v2\/media\/8151"}],"wp:attachment":[{"href":"https:\/\/tinacrystals.com\/sq\/wp-json\/wp\/v2\/media?parent=8224"}],"wp:term":[{"taxonomy":"product_brand","embeddable":true,"href":"https:\/\/tinacrystals.com\/sq\/wp-json\/wp\/v2\/product_brand?post=8224"},{"taxonomy":"product_cat","embeddable":true,"href":"https:\/\/tinacrystals.com\/sq\/wp-json\/wp\/v2\/product_cat?post=8224"},{"taxonomy":"product_tag","embeddable":true,"href":"https:\/\/tinacrystals.com\/sq\/wp-json\/wp\/v2\/product_tag?post=8224"}],"curies":[{"name":"wp","href":"https:\/\/api.w.org\/{rel}","templated":true}]}}