{"id":8237,"date":"2022-01-28T08:29:27","date_gmt":"2022-01-28T08:29:27","guid":{"rendered":"http:\/\/tinacrystals.com\/product\/guri-i-reres-se-kuqe-trekendesh\/"},"modified":"2022-06-06T11:03:48","modified_gmt":"2022-06-06T09:03:48","slug":"guri-i-reres-se-kuqe-trekendesh","status":"publish","type":"product","link":"https:\/\/tinacrystals.com\/sq\/product\/guri-i-reres-se-kuqe-trekendesh\/","title":{"rendered":"Gur Rr\u00ebre Ari Trek\u00ebnd\u00ebsh"},"content":{"rendered":"<p><strong>Guri i r\u00ebr\u00ebs s\u00eb kuqe Trek\u00ebnd\u00ebsh<\/strong><\/p>\n<p>Ky gur specifik njihet p\u00ebr inkurajimin e ndershm\u00ebris\u00eb dhe ju b\u00ebn t&#8217;i shihni gj\u00ebrat m\u00eb qart\u00eb. Jo vet\u00ebm kaq, por \u00ebsht\u00eb gjithashtu nj\u00eb kristal q\u00eb rrit besimin, guximin, q\u00ebndrimin tuaj pozitiv dhe ju ndihmon t\u00eb arrini q\u00ebllimet tuaja.<\/p>\n<p>Thuhet se guri i kuq ranor ndihmon p\u00ebr t\u00eb zbuluar t\u00eb v\u00ebrtet\u00ebn. Kur e p\u00ebrdorni ose e keni pran\u00eb, do t\u00eb ndiheni m\u00eb t\u00eb qet\u00eb dhe t\u00eb relaksuar sepse ju lidh me energjin\u00eb e kozmosit.<\/p>\n<p>\u00cbsht\u00eb gjithashtu nj\u00eb gur gazmor, q\u00eb mban n\u00ebn kontroll emocionet tuaja.<\/p>\n<p>Ju ndihmon fizikisht p\u00ebr t\u00eb forcuar kockat, flok\u00ebt, thonjt\u00eb tuaj.<\/p>\n<p><strong>Si t\u00eb pastrohet\/rimbushet ky gur?<\/strong><\/p>\n<p>P\u00ebr pastrimin e k\u00ebtij guri mund t\u00eb p\u00ebrdorni nj\u00eb leck\u00eb me uj\u00eb t\u00eb ngroht\u00eb dhe ta f\u00ebrkoni me leck\u00eb (nuk nevojiten kimikate).<\/p>\n<p>Rimbushja: Ky \u00ebsht\u00eb nj\u00eb gur q\u00eb e do shiun, k\u00ebshtu q\u00eb sa her\u00eb q\u00eb bie shi, l\u00ebreni jasht\u00eb n\u00eb reshje shiu, kjo ndihmon edhe p\u00ebr pastrimin.<\/p>\n<p><strong>Chakra:<\/strong><\/p>\n<p>Sakrale<\/p>\n<p><strong>Horoskopi:<\/strong><\/p>\n<p>Binjak\u00ebt<\/p>\n","protected":false},"excerpt":{"rendered":"<p>Dimensions 20x15mm<\/p>\n","protected":false},"featured_media":8142,"comment_status":"open","ping_status":"closed","template":"","meta":[],"product_brand":[],"product_cat":[2292,2429,2395,2436],"product_tag":[],"class_list":{"0":"post-8237","1":"product","2":"type-product","3":"status-publish","4":"has-post-thumbnail","6":"product_cat-crystal-jewelry-sq","7":"product_cat-format","8":"product_cat-pendant-sq","9":"product_cat-trekendesh","11":"first","12":"outofstock","13":"shipping-taxable","14":"purchasable","15":"product-type-simple"},"_links":{"self":[{"href":"https:\/\/tinacrystals.com\/sq\/wp-json\/wp\/v2\/product\/8237","targetHints":{"allow":["GET"]}}],"collection":[{"href":"https:\/\/tinacrystals.com\/sq\/wp-json\/wp\/v2\/product"}],"about":[{"href":"https:\/\/tinacrystals.com\/sq\/wp-json\/wp\/v2\/types\/product"}],"replies":[{"embeddable":true,"href":"https:\/\/tinacrystals.com\/sq\/wp-json\/wp\/v2\/comments?post=8237"}],"wp:featuredmedia":[{"embeddable":true,"href":"https:\/\/tinacrystals.com\/sq\/wp-json\/wp\/v2\/media\/8142"}],"wp:attachment":[{"href":"https:\/\/tinacrystals.com\/sq\/wp-json\/wp\/v2\/media?parent=8237"}],"wp:term":[{"taxonomy":"product_brand","embeddable":true,"href":"https:\/\/tinacrystals.com\/sq\/wp-json\/wp\/v2\/product_brand?post=8237"},{"taxonomy":"product_cat","embeddable":true,"href":"https:\/\/tinacrystals.com\/sq\/wp-json\/wp\/v2\/product_cat?post=8237"},{"taxonomy":"product_tag","embeddable":true,"href":"https:\/\/tinacrystals.com\/sq\/wp-json\/wp\/v2\/product_tag?post=8237"}],"curies":[{"name":"wp","href":"https:\/\/api.w.org\/{rel}","templated":true}]}}