{"id":8245,"date":"2022-01-28T08:31:11","date_gmt":"2022-01-28T08:31:11","guid":{"rendered":"http:\/\/tinacrystals.com\/product\/red-quartz-triangle\/"},"modified":"2022-06-06T11:03:46","modified_gmt":"2022-06-06T09:03:46","slug":"red-quartz-triangle","status":"publish","type":"product","link":"https:\/\/tinacrystals.com\/sq\/product\/red-quartz-triangle\/","title":{"rendered":"Kuarci Kuq Trek\u00ebnd\u00ebsh"},"content":{"rendered":"<p><strong>Kuartzi i Kuq Trek\u00ebnd\u00ebsh<\/strong><\/p>\n<p><span style=\"font-weight: 400;\">Kuarci i Kuq \u00ebsht\u00eb nj\u00eb kristal i mrekulluesh\u00ebm q\u00eb ka veti t\u00eb shumta q\u00eb mund t&#8217;ju ndihmojn\u00eb n\u00eb t\u00eb gjitha aspektet e jet\u00ebs suaj. Konsiderohet kryesisht si nj\u00eb gur miq\u00ebsie dhe dashurie, sepse forcon marr\u00ebdh\u00ebniet tuaja me miqt\u00eb duke hequr \u00e7do gj\u00eb negative mes jush.<\/span><\/p>\n<p><span style=\"font-weight: 400;\">Nuancat e ndryshme t\u00eb s\u00eb kuqes q\u00eb ka kristali do t&#8217;ju rrisin vitalitetin dhe do t&#8217;ju balancojn\u00eb emocionalisht, fizikisht dhe shpirt\u00ebrisht. Gjithashtu do t\u00eb vibroj\u00eb ndjenjat e qet\u00ebsis\u00eb, n\u00ebse \u00ebsht\u00eb e nevojshme do t&#8217;ju sh\u00ebroj\u00eb dhe do t\u00eb largoj\u00eb \u00e7do stres, ankth ose depresion q\u00eb mund t\u00eb keni.<\/span><\/p>\n<p><b>\u00c7akra:<\/b><\/p>\n<p><span style=\"font-weight: 400;\">-Sakral<\/span><\/p>\n<p><b>Horoskopi:<\/b><\/p>\n<p><span style=\"font-weight: 400;\">Sh\u00ebnim: Kristali lidhet me t\u00eb gjith\u00eb shenjat e horoskopit, por \u00ebsht\u00eb m\u00eb efektiv me:<\/span><\/p>\n<p><span style=\"font-weight: 400;\">&#8211; Dashi<\/span><\/p>\n<p><span style=\"font-weight: 400;\">-Luani<\/span><\/p>\n<p><span style=\"font-weight: 400;\">-Shigjetari<\/span><\/p>\n","protected":false},"excerpt":{"rendered":"<p>Dimensions 20x15mm<\/p>\n","protected":false},"featured_media":8139,"comment_status":"open","ping_status":"closed","template":"","meta":[],"product_brand":[],"product_cat":[2292,2395,2436],"product_tag":[],"class_list":{"0":"post-8245","1":"product","2":"type-product","3":"status-publish","4":"has-post-thumbnail","6":"product_cat-crystal-jewelry-sq","7":"product_cat-pendant-sq","8":"product_cat-trekendesh","10":"first","11":"instock","12":"shipping-taxable","13":"purchasable","14":"product-type-simple"},"_links":{"self":[{"href":"https:\/\/tinacrystals.com\/sq\/wp-json\/wp\/v2\/product\/8245","targetHints":{"allow":["GET"]}}],"collection":[{"href":"https:\/\/tinacrystals.com\/sq\/wp-json\/wp\/v2\/product"}],"about":[{"href":"https:\/\/tinacrystals.com\/sq\/wp-json\/wp\/v2\/types\/product"}],"replies":[{"embeddable":true,"href":"https:\/\/tinacrystals.com\/sq\/wp-json\/wp\/v2\/comments?post=8245"}],"wp:featuredmedia":[{"embeddable":true,"href":"https:\/\/tinacrystals.com\/sq\/wp-json\/wp\/v2\/media\/8139"}],"wp:attachment":[{"href":"https:\/\/tinacrystals.com\/sq\/wp-json\/wp\/v2\/media?parent=8245"}],"wp:term":[{"taxonomy":"product_brand","embeddable":true,"href":"https:\/\/tinacrystals.com\/sq\/wp-json\/wp\/v2\/product_brand?post=8245"},{"taxonomy":"product_cat","embeddable":true,"href":"https:\/\/tinacrystals.com\/sq\/wp-json\/wp\/v2\/product_cat?post=8245"},{"taxonomy":"product_tag","embeddable":true,"href":"https:\/\/tinacrystals.com\/sq\/wp-json\/wp\/v2\/product_tag?post=8245"}],"curies":[{"name":"wp","href":"https:\/\/api.w.org\/{rel}","templated":true}]}}