{"id":8267,"date":"2022-01-28T09:33:57","date_gmt":"2022-01-28T09:33:57","guid":{"rendered":"http:\/\/tinacrystals.com\/product\/picture-jasper-i-rrumbullaket\/"},"modified":"2022-05-11T11:35:00","modified_gmt":"2022-05-11T09:35:00","slug":"picture-jasper-i-rrumbullaket","status":"publish","type":"product","link":"https:\/\/tinacrystals.com\/sq\/product\/picture-jasper-i-rrumbullaket\/","title":{"rendered":"Jasperi Pikturesk Top i Rrafsht\u00eb"},"content":{"rendered":"<p>&nbsp;<\/p>\n<p><strong>HOROSKOPI<\/strong>: Luani, Bricjapi<br \/>\n<strong>CHAKRA<\/strong>: Rr\u00ebnja, syri i tret\u00eb<\/p>\n<p><strong><em>Jasperi Pikturesk<\/em><\/strong> \u00ebsht\u00eb nj\u00eb kristal paqeje dhe g\u00ebzimi.<\/p>\n<p><strong><br \/>\n<em>Sh\u00ebrimi shpirt\u00ebror:<\/em><\/strong><\/p>\n<p>Jasperi Pikturesk \u00ebsht\u00eb nj\u00eb gur kryesor p\u00ebr udh\u00ebtimin e brendsh\u00ebm shpirt\u00ebror\u00eb, pun\u00ebn e \u00ebndrrave dhe vizionimin, dhe mund t\u00eb p\u00ebrdoret si nj\u00eb portal p\u00ebr t\u00eb par\u00eb zona t\u00eb larg\u00ebta t\u00eb bot\u00ebs.<\/p>\n<p><strong><br \/>\n<em>Sh\u00ebrimi fizik<\/em><\/strong><strong><em>:<\/em><\/strong><\/p>\n<p>Jasperi Pikturesk mund t\u00eb ndihmoj\u00eb n\u00eb trajtimin e zorr\u00ebve, hernies dhe prostat\u00ebs dhe kushteve t\u00eb tilla si kapsll\u00ebku kronik.<\/p>\n<p>\u00cbsht\u00eb ve\u00e7an\u00ebrisht sh\u00ebrues p\u00ebr veshkat, stomakun dhe zorr\u00ebt.<\/p>\n<p><strong><br \/>\n<em>Sh\u00ebrimi emocional:<\/em><\/strong><\/p>\n<p>Jasperi Pikturesk promovon lidhjen me tok\u00ebn, sjell rehati dhe zbut frik\u00ebn dhe ankthet.<\/p>\n<p>Kjo do t&#8217;ju ndihmoj\u00eb t\u00eb ndaloni sjelljet e pad\u00ebshiruara si pirja e duhanit ose zakone t\u00eb tjera t\u00eb k\u00ebqija.<\/p>\n<p><strong><br \/>\n<em>Pastroni dhe rimbushni:<\/em><\/strong><\/p>\n<p>P\u00ebr shkak se guri ka nj\u00eb lidhje kaq t\u00eb thell\u00eb me tok\u00ebn, m\u00ebnyra m\u00eb efektive p\u00ebr ta pastruar \u00ebsht\u00eb groposja e kristalit n\u00eb nj\u00eb tok\u00eb t\u00eb sh\u00ebndetshme bimore p\u00ebr 24 or\u00eb, vet\u00ebm sigurohuni q\u00eb t\u00eb mos e b\u00ebni k\u00ebt\u00eb kur moti \u00ebsht\u00eb i ftoht\u00eb ose i lag\u00ebsht.<\/p>\n<p>P\u00ebr t\u00eb rimbushur kristalin, l\u00ebreni gjat\u00eb nat\u00ebs n\u00ebn h\u00ebn\u00ebn e plot\u00eb dhe hiqeni n\u00eb m\u00ebngjes para se t\u00eb lind dielli, sepse rrezet e tij mund t\u00eb d\u00ebmtojn\u00eb gurin.<\/p>\n","protected":false},"excerpt":{"rendered":"<p>&nbsp; HOROSKOPI: Luani, Bricjapi CHAKRA: Rr\u00ebnja, syri i tret\u00eb Jasperi Pikturesk \u00ebsht\u00eb nj\u00eb kristal paqeje dhe g\u00ebzimi. Sh\u00ebrimi shpirt\u00ebror: Jasperi Pikturesk \u00ebsht\u00eb nj\u00eb gur kryesor p\u00ebr<span class=\"excerpt-hellip\"> [\u2026]<\/span><\/p>\n","protected":false},"featured_media":8121,"comment_status":"open","ping_status":"closed","template":"","meta":[],"product_brand":[],"product_cat":[2385,2292,2405,2372,2363,2355,2429,2339,2310,2365,2353,2305,2434,2359,2352,2308,2386,2404],"product_tag":[],"class_list":{"0":"post-8267","1":"product","2":"type-product","3":"status-publish","4":"has-post-thumbnail","6":"product_cat-bardhe","7":"product_cat-crystal-jewelry-sq","8":"product_cat-blej-sipas","9":"product_cat-blej-sipas-ngjyres","10":"product_cat-bricjapi","11":"product_cat-dashuri-harmoni","12":"product_cat-format","13":"product_cat-jasper-pikturesk","14":"product_cat-llojet-e-gurve-te-cmuar","15":"product_cat-luani","16":"product_cat-lumturi-vetebesim","17":"product_cat-rrenja","18":"product_cat-rreth-i-rafshte","19":"product_cat-shenjat-e-horoskopit","20":"product_cat-qellim","21":"product_cat-syri-i-trete","22":"product_cat-verdhe","23":"product_cat-zona-e-cakres","25":"first","26":"instock","27":"shipping-taxable","28":"purchasable","29":"product-type-simple"},"_links":{"self":[{"href":"https:\/\/tinacrystals.com\/sq\/wp-json\/wp\/v2\/product\/8267","targetHints":{"allow":["GET"]}}],"collection":[{"href":"https:\/\/tinacrystals.com\/sq\/wp-json\/wp\/v2\/product"}],"about":[{"href":"https:\/\/tinacrystals.com\/sq\/wp-json\/wp\/v2\/types\/product"}],"replies":[{"embeddable":true,"href":"https:\/\/tinacrystals.com\/sq\/wp-json\/wp\/v2\/comments?post=8267"}],"wp:featuredmedia":[{"embeddable":true,"href":"https:\/\/tinacrystals.com\/sq\/wp-json\/wp\/v2\/media\/8121"}],"wp:attachment":[{"href":"https:\/\/tinacrystals.com\/sq\/wp-json\/wp\/v2\/media?parent=8267"}],"wp:term":[{"taxonomy":"product_brand","embeddable":true,"href":"https:\/\/tinacrystals.com\/sq\/wp-json\/wp\/v2\/product_brand?post=8267"},{"taxonomy":"product_cat","embeddable":true,"href":"https:\/\/tinacrystals.com\/sq\/wp-json\/wp\/v2\/product_cat?post=8267"},{"taxonomy":"product_tag","embeddable":true,"href":"https:\/\/tinacrystals.com\/sq\/wp-json\/wp\/v2\/product_tag?post=8267"}],"curies":[{"name":"wp","href":"https:\/\/api.w.org\/{rel}","templated":true}]}}