{"id":8308,"date":"2022-01-28T09:36:44","date_gmt":"2022-01-28T09:36:44","guid":{"rendered":"http:\/\/tinacrystals.com\/product\/malesian-jade-e-rrumbullaket\/"},"modified":"2022-06-20T11:19:28","modified_gmt":"2022-06-20T09:19:28","slug":"malesian-jade-e-rrumbullaket","status":"publish","type":"product","link":"https:\/\/tinacrystals.com\/sq\/product\/malesian-jade-e-rrumbullaket\/","title":{"rendered":"Malesian Zhad Top i Rrafsht\u00eb"},"content":{"rendered":"<p><strong>Malesian Jade e rrumbullaket<\/strong><\/p>\n<p>Ngjyra e Nefritit t\u00eb Malesis\u00eb besohet se ka ndikim n\u00eb vetit\u00eb metafizike.<\/p>\n<p>Nefriti Malesian \u00ebsht\u00eb nj\u00eb gur i marr\u00ebdh\u00ebnieve, miq\u00ebsive, mb\u00ebshtet pasionin dhe sjell nj\u00eb zem\u00ebr t\u00eb paplot\u00ebsuar t\u00eb partner\u00ebve, miqve ose familjes.<\/p>\n<p>Do t&#8217;ju sjell\u00eb g\u00ebzim dhe harmoni n\u00ebse e vishni ose e keni pran\u00eb. Gjithashtu do t&#8217;ju sjell\u00eb vibe pozitive.<\/p>\n<p>Do t\u00eb eliminoj\u00eb mendimet negative, do t\u00eb leht\u00ebsoj\u00eb ankthin, stresin apo \u00e7do traum\u00eb q\u00eb keni pasur n\u00eb t\u00eb kaluar\u00ebn.<\/p>\n<p>Si t\u00eb pastrohet\/rimbushet ky gur?<\/p>\n<p>M\u00ebnyra m\u00eb e mir\u00eb p\u00ebr pastrimin e k\u00ebtij guri \u00ebsht\u00eb nj\u00eb uj\u00eb i ngroht\u00eb me sapun dhe nj\u00eb leck\u00eb ose fur\u00e7\u00eb e but\u00eb p\u00ebr t\u00eb eliminuar papast\u00ebrtit\u00eb.<\/p>\n<p>Chakra:<\/p>\n<p>zemra<\/p>\n<p><strong>Horoskopi:<\/strong><\/p>\n<p>T\u00eb gjitha<\/p>\n","protected":false},"excerpt":{"rendered":"<p>Malesian Jade e rrumbullaket Ngjyra e Nefritit t\u00eb Malesis\u00eb besohet se ka ndikim n\u00eb vetit\u00eb metafizike. Nefriti Malesian \u00ebsht\u00eb nj\u00eb gur i marr\u00ebdh\u00ebnieve, miq\u00ebsive, mb\u00ebshtet pasionin<span class=\"excerpt-hellip\"> [\u2026]<\/span><\/p>\n","protected":false},"featured_media":8115,"comment_status":"open","ping_status":"closed","template":"","meta":[],"product_brand":[],"product_cat":[2292,2429,2395,2434],"product_tag":[],"class_list":{"0":"post-8308","1":"product","2":"type-product","3":"status-publish","4":"has-post-thumbnail","6":"product_cat-crystal-jewelry-sq","7":"product_cat-format","8":"product_cat-pendant-sq","9":"product_cat-rreth-i-rafshte","11":"first","12":"outofstock","13":"shipping-taxable","14":"purchasable","15":"product-type-simple"},"_links":{"self":[{"href":"https:\/\/tinacrystals.com\/sq\/wp-json\/wp\/v2\/product\/8308","targetHints":{"allow":["GET"]}}],"collection":[{"href":"https:\/\/tinacrystals.com\/sq\/wp-json\/wp\/v2\/product"}],"about":[{"href":"https:\/\/tinacrystals.com\/sq\/wp-json\/wp\/v2\/types\/product"}],"replies":[{"embeddable":true,"href":"https:\/\/tinacrystals.com\/sq\/wp-json\/wp\/v2\/comments?post=8308"}],"wp:featuredmedia":[{"embeddable":true,"href":"https:\/\/tinacrystals.com\/sq\/wp-json\/wp\/v2\/media\/8115"}],"wp:attachment":[{"href":"https:\/\/tinacrystals.com\/sq\/wp-json\/wp\/v2\/media?parent=8308"}],"wp:term":[{"taxonomy":"product_brand","embeddable":true,"href":"https:\/\/tinacrystals.com\/sq\/wp-json\/wp\/v2\/product_brand?post=8308"},{"taxonomy":"product_cat","embeddable":true,"href":"https:\/\/tinacrystals.com\/sq\/wp-json\/wp\/v2\/product_cat?post=8308"},{"taxonomy":"product_tag","embeddable":true,"href":"https:\/\/tinacrystals.com\/sq\/wp-json\/wp\/v2\/product_tag?post=8308"}],"curies":[{"name":"wp","href":"https:\/\/api.w.org\/{rel}","templated":true}]}}