{"id":8362,"date":"2022-01-28T10:36:19","date_gmt":"2022-01-28T10:36:20","guid":{"rendered":"http:\/\/tinacrystals.com\/?post_type=product&#038;p=8362"},"modified":"2022-05-11T11:17:15","modified_gmt":"2022-05-11T09:17:15","slug":"zhade-e-verdhe-plumb-gjashtekendesh","status":"publish","type":"product","link":"https:\/\/tinacrystals.com\/sq\/product\/zhade-e-verdhe-plumb-gjashtekendesh\/","title":{"rendered":"Zhad i Verdh\u00eb Plumb Gjasht\u00ebk\u00ebnd\u00ebsh"},"content":{"rendered":"<p><strong>Zhade e Verdhe Plumb Gjasht\u00ebk\u00ebnd\u00ebsh<\/strong><\/p>\n<p><span style=\"font-weight: 400;\">Eksploroni ardhjet e reja t\u00eb bizhuterive nga dyqani yn\u00eb. P\u00ebr t&#8217;ju ndihmuar t\u00eb gjeni mark\u00ebn tuaj m\u00eb t\u00eb mir\u00eb t\u00eb bizhuterive q\u00eb do t&#8217;ju p\u00ebrshtatet n\u00eb m\u00ebnyr\u00eb t\u00eb p\u00ebrsosur, shikoni dyqanin ton\u00eb dhe blini bizhuterit\u00eb m\u00eb t\u00eb mira t\u00eb b\u00ebra nga kristale unike. \u00c7do kristal \u00ebsht\u00eb unik p\u00ebr p\u00ebrdoruesin, \u00ebsht\u00eb i prodhuar n\u00eb m\u00ebnyr\u00eb natyrale pa t\u00eb meta dhe i mahnitshem. Ata jan\u00eb m\u00eb shum\u00eb se thjesht t\u00eb \u00e7muar, ata krijojn\u00eb nj\u00eb lidhje kaq t\u00eb thell\u00eb me ju.<\/span><\/p>\n<p><span style=\"font-weight: 400;\">Jade\u00a0 i verdh\u00eb \u00ebsht\u00eb shum\u00eb i rrall\u00eb sepse \u00ebsht\u00eb i leht\u00eb sa nj\u00eb limon. Ajo sjell lumturi dhe g\u00ebzim dhe m\u00ebson lidhjen midis t\u00eb gjitha qenieve t\u00eb gjalla.<\/span><\/p>\n<p><span style=\"font-weight: 400;\">Do t\u00eb largoj\u00eb d\u00ebmin dhe negativitetin, t\u00ebrheq fat dhe fat t\u00eb mir\u00eb.<\/span><\/p>\n<p><span style=\"font-weight: 400;\">Jade\u00a0 i verdh\u00eb dihet se mbron nga syt\u00eb e k\u00ebqij dhe sjell harmoni tek ata q\u00eb e veshin.<\/span><\/p>\n<p><span style=\"font-weight: 400;\">Si ta pastroni k\u00ebt\u00eb gur?<\/span><\/p>\n<p><span style=\"font-weight: 400;\">Mbajeni jaden e limonit n\u00ebn uj\u00eb t\u00eb rrjedhsh\u00ebm p\u00ebr t\u00eb pakt\u00ebn nj\u00eb minut\u00eb, ose n\u00ebse d\u00ebshironi, varroseni n\u00eb kopsht dhe l\u00ebreni t\u00eb q\u00ebndroj\u00eb n\u00ebn tok\u00eb deri n\u00eb 48 or\u00eb.<\/span><\/p>\n<p><b>Chakra<\/b><span style=\"font-weight: 400;\">:<\/span><\/p>\n<p><span style=\"font-weight: 400;\">Pleksus diellor<\/span><\/p>\n<p><b>Horoskopi<\/b><span style=\"font-weight: 400;\">:<\/span><\/p>\n<p><span style=\"font-weight: 400;\">Luani<\/span><\/p>\n<p><span style=\"font-weight: 400;\">Virgj\u00ebresha<\/span><\/p>\n","protected":false},"excerpt":{"rendered":"<p>Zhade e Verdhe Plumb Gjasht\u00ebk\u00ebnd\u00ebsh Eksploroni ardhjet e reja t\u00eb bizhuterive nga dyqani yn\u00eb. P\u00ebr t&#8217;ju ndihmuar t\u00eb gjeni mark\u00ebn tuaj m\u00eb t\u00eb mir\u00eb t\u00eb bizhuterive<span class=\"excerpt-hellip\"> [\u2026]<\/span><\/p>\n","protected":false},"featured_media":7558,"comment_status":"open","ping_status":"closed","template":"","meta":[],"product_brand":[],"product_cat":[2650],"product_tag":[],"class_list":{"0":"post-8362","1":"product","2":"type-product","3":"status-publish","4":"has-post-thumbnail","6":"product_cat-gjeth","8":"first","9":"instock","10":"shipping-taxable","11":"purchasable","12":"product-type-simple"},"_links":{"self":[{"href":"https:\/\/tinacrystals.com\/sq\/wp-json\/wp\/v2\/product\/8362","targetHints":{"allow":["GET"]}}],"collection":[{"href":"https:\/\/tinacrystals.com\/sq\/wp-json\/wp\/v2\/product"}],"about":[{"href":"https:\/\/tinacrystals.com\/sq\/wp-json\/wp\/v2\/types\/product"}],"replies":[{"embeddable":true,"href":"https:\/\/tinacrystals.com\/sq\/wp-json\/wp\/v2\/comments?post=8362"}],"wp:featuredmedia":[{"embeddable":true,"href":"https:\/\/tinacrystals.com\/sq\/wp-json\/wp\/v2\/media\/7558"}],"wp:attachment":[{"href":"https:\/\/tinacrystals.com\/sq\/wp-json\/wp\/v2\/media?parent=8362"}],"wp:term":[{"taxonomy":"product_brand","embeddable":true,"href":"https:\/\/tinacrystals.com\/sq\/wp-json\/wp\/v2\/product_brand?post=8362"},{"taxonomy":"product_cat","embeddable":true,"href":"https:\/\/tinacrystals.com\/sq\/wp-json\/wp\/v2\/product_cat?post=8362"},{"taxonomy":"product_tag","embeddable":true,"href":"https:\/\/tinacrystals.com\/sq\/wp-json\/wp\/v2\/product_tag?post=8362"}],"curies":[{"name":"wp","href":"https:\/\/api.w.org\/{rel}","templated":true}]}}