{"id":8366,"date":"2022-01-28T10:39:12","date_gmt":"2022-01-28T10:39:12","guid":{"rendered":"http:\/\/tinacrystals.com\/product\/agat-i-bardhe-plumb-gjashtekendesh\/"},"modified":"2025-04-03T11:10:45","modified_gmt":"2025-04-03T09:10:45","slug":"agat-i-bardhe-plumb-gjashtekendesh","status":"publish","type":"product","link":"https:\/\/tinacrystals.com\/sq\/product\/agat-i-bardhe-plumb-gjashtekendesh\/","title":{"rendered":"Agat i Bardh\u00eb Plumb Gjasht\u00ebk\u00ebnd\u00ebsh"},"content":{"rendered":"<p><strong>HOROSKOPI<\/strong>: Binjak\u00ebt<br \/>\n<strong>CHAKRA<\/strong>: Kuror\u00eb<\/p>\n<p><strong>Agat <\/strong>do t\u00eb thot\u00eb sh\u00ebrim dhe tok\u00ebzim.<\/p>\n<p><strong><em>Sh\u00ebrimi shpirt\u00ebror:<\/em><\/strong><br \/>\nAgati ngre vet\u00ebdijen dhe lidhet me vet\u00ebdijen e jet\u00ebs.<br \/>\nAi inkurajon soditjen e qet\u00eb t\u00eb p\u00ebrvojave tuaja t\u00eb jet\u00ebs q\u00eb \u00e7ojn\u00eb n\u00eb rritje shpirt\u00ebrore dhe stabilitet t\u00eb brendsh\u00ebm.<\/p>\n<p><strong><em>Sh\u00ebrimi fizik:<\/em><\/strong><br \/>\nP\u00ebr ata q\u00eb luftojn\u00eb nga problemet e stomakut dhe problemet e tretjes, agati mund t\u00eb jet\u00eb kristali sh\u00ebrues q\u00eb ju nevojitet p\u00ebr t\u00eb funksionuar mir\u00eb sistemin tuaj.<br \/>\nMbajtja e nj\u00eb agati n\u00eb mes t\u00eb gjoksit forcon muskujt e zemr\u00ebs dhe sh\u00ebron disharmonin\u00eb emocionale q\u00eb pengon pranimin e dashuris\u00eb.<\/p>\n<p><strong><em>Sh\u00ebrimi emocional:<\/em><\/strong><br \/>\nAgati \u00ebsht\u00eb m\u00eb shum\u00eb p\u00ebr t&#8217;ju dh\u00ebn\u00eb nj\u00eb baz\u00eb t\u00eb shk\u00eblqyer n\u00eb realitet dhe p\u00ebr t\u00eb siguruar q\u00eb t\u00eb q\u00ebndroni t\u00eb ekuilibruar n\u00eb t\u00eb menduarit tuaj.<br \/>\nAgati mund t&#8217;ju inkurajoj\u00eb t\u00eb p\u00ebrdorni pusin tuaj t\u00eb thell\u00eb t\u00eb intuit\u00ebs, t\u00eb lidheni me ndjenj\u00ebn tuaj t\u00eb njohurive dhe t\u00eb k\u00ebrkoni nga brenda p\u00ebr p\u00ebrgjigjet dhe jo forcat e jashtme.<\/p>\n<p><strong><em>Pastroni dhe rimbushni:<\/em><\/strong><br \/>\nJu mund ta pastroni gurin leht\u00ebsisht duke p\u00ebrdorur uj\u00eb t\u00eb ngroht\u00eb me sapun dhe nj\u00eb leck\u00eb t\u00eb but\u00eb. Shmangni kimikatet e forta gjat\u00eb pastrimit t\u00eb gurit.<br \/>\nJu mund ta rimbusni gurin me tym sherebele ose thjesht duke e mbajtur n\u00eb dor\u00eb dhe duke th\u00ebn\u00eb pohime pozitive drejt kristalit.<\/p>\n","protected":false},"excerpt":{"rendered":"<p>Dimenzioni 22x9mm<\/p>\n","protected":false},"featured_media":8094,"comment_status":"open","ping_status":"closed","template":"","meta":[],"product_brand":[],"product_cat":[2401,2385,2364,2292,2405,2372,2358,2429,2432,2303,2310,2353,2395,2359,2352,2404],"product_tag":[],"class_list":{"0":"post-8366","1":"product","2":"type-product","3":"status-publish","4":"has-post-thumbnail","6":"product_cat-agate-sq","7":"product_cat-bardhe","8":"product_cat-binjaket","9":"product_cat-crystal-jewelry-sq","10":"product_cat-blej-sipas","11":"product_cat-blej-sipas-ngjyres","12":"product_cat-force-stabilitet","13":"product_cat-format","14":"product_cat-heksagon","15":"product_cat-kurora","16":"product_cat-llojet-e-gurve-te-cmuar","17":"product_cat-lumturi-vetebesim","18":"product_cat-pendant-sq","19":"product_cat-shenjat-e-horoskopit","20":"product_cat-qellim","21":"product_cat-zona-e-cakres","23":"first","24":"instock","25":"shipping-taxable","26":"purchasable","27":"product-type-simple"},"_links":{"self":[{"href":"https:\/\/tinacrystals.com\/sq\/wp-json\/wp\/v2\/product\/8366","targetHints":{"allow":["GET"]}}],"collection":[{"href":"https:\/\/tinacrystals.com\/sq\/wp-json\/wp\/v2\/product"}],"about":[{"href":"https:\/\/tinacrystals.com\/sq\/wp-json\/wp\/v2\/types\/product"}],"replies":[{"embeddable":true,"href":"https:\/\/tinacrystals.com\/sq\/wp-json\/wp\/v2\/comments?post=8366"}],"wp:featuredmedia":[{"embeddable":true,"href":"https:\/\/tinacrystals.com\/sq\/wp-json\/wp\/v2\/media\/8094"}],"wp:attachment":[{"href":"https:\/\/tinacrystals.com\/sq\/wp-json\/wp\/v2\/media?parent=8366"}],"wp:term":[{"taxonomy":"product_brand","embeddable":true,"href":"https:\/\/tinacrystals.com\/sq\/wp-json\/wp\/v2\/product_brand?post=8366"},{"taxonomy":"product_cat","embeddable":true,"href":"https:\/\/tinacrystals.com\/sq\/wp-json\/wp\/v2\/product_cat?post=8366"},{"taxonomy":"product_tag","embeddable":true,"href":"https:\/\/tinacrystals.com\/sq\/wp-json\/wp\/v2\/product_tag?post=8366"}],"curies":[{"name":"wp","href":"https:\/\/api.w.org\/{rel}","templated":true}]}}