{"id":8427,"date":"2022-01-28T11:41:41","date_gmt":"2022-01-28T11:41:42","guid":{"rendered":"http:\/\/tinacrystals.com\/?post_type=product&#038;p=8427"},"modified":"2022-06-03T09:37:56","modified_gmt":"2022-06-03T07:37:56","slug":"kafke-jade-e-verdhe-copy","status":"publish","type":"product","link":"https:\/\/tinacrystals.com\/sq\/product\/kafke-jade-e-verdhe-copy\/","title":{"rendered":"Turkez Kafk\u00eb"},"content":{"rendered":"<p><strong>HOROSKOPI<\/strong>: Shigjetari, Ujori, Demi<br \/>\n<strong>CHAKRA<\/strong>: T\u00eb gjitha<\/p>\n<p><strong><em>Turkisi <\/em><\/strong>ka energjin\u00eb e nj\u00eb shpirti t\u00eb vjet\u00ebr. Ajo ofron nj\u00eb rrug\u00eb ndri\u00e7imi p\u00ebrmes vet\u00eb-pranimit dhe integrimit.<\/p>\n<p><strong><em>Sh\u00ebrimi shpirt\u00ebror:<\/em><\/strong><br \/>\nTurkisi zbut komunikimin midis sfer\u00ebs fizike dhe shpirt\u00ebrore, rrit aft\u00ebsit\u00eb psikike joaktive, rrit intuit\u00ebn dhe ju sjell men\u00e7uri dhe njohuri.<br \/>\nTurkisi \u00ebsht\u00eb nj\u00eb nga sh\u00ebruesit m\u00eb efikas\u00eb, duke ofruar rehati p\u00ebr shpirtin dhe mir\u00ebqenie p\u00ebr trupin. Marrja e k\u00ebtij Turkisi pran\u00eb jush ndihmon n\u00eb rikthimin e vitalitetit dhe ngre disponimin shpirt\u00ebror.<br \/>\nAi leht\u00ebson stresin dhe e kthen fokusin n\u00eb qend\u00ebr t\u00eb zemr\u00ebs.<\/p>\n<p><strong><em>Sh\u00ebrimi fizik:<\/em><\/strong><br \/>\nTurkisi ofron rehati dhe relaksim q\u00eb do t\u00eb mb\u00ebshtes\u00eb trupin ton\u00eb fizik.<br \/>\nN\u00ebse keni ndonj\u00eb dhimbje trupi, dhimbje gjuri, ose ndonj\u00eb lloj problemi me gjakun ose ndonj\u00eb gj\u00eb q\u00eb nuk ka rrjedhur n\u00eb trupin tuaj, ky kristal \u00ebsht\u00eb k\u00ebtu p\u00ebr t&#8217;ju ndihmuar me gjith\u00e7ka q\u00eb ju nevojitet.<\/p>\n<p><strong><em>Sh\u00ebrimi emocional:<\/em><\/strong><br \/>\nKy kristal \u00ebsht\u00eb k\u00ebtu p\u00ebr t&#8217;ju dh\u00ebn\u00eb fat, energji, men\u00e7uri, kreativitet, durim, besnik\u00ebri, men\u00e7uri, qet\u00ebsi, miq\u00ebsi, g\u00ebzim dhe dashuri.<\/p>\n<p><strong><em>Pastroni dhe rimbushni<\/em><\/strong>:<br \/>\nTurkisi mund t\u00eb pastrohet dhe rimbushet n\u00eb m\u00ebnyra t\u00eb shumta, e para \u00ebsht\u00eb p\u00ebrdorimi i ujit, mbajtja e kristalit n\u00eb t\u00eb p\u00ebraf\u00ebrsisht. nj\u00eb or\u00eb ose m\u00eb pak. M\u00ebnyra e dyt\u00eb \u00ebsht\u00eb drita e diellit, por mos e lini gurin jasht\u00eb n\u00eb rrezet e forta t\u00eb diellit. M\u00ebnyra e tret\u00eb \u00ebsht\u00eb drita e h\u00ebn\u00ebs mbajeni kristalin n\u00ebn drit\u00ebn e h\u00ebn\u00ebs p\u00ebr t\u00ebr\u00eb nat\u00ebn dhe hiqeni at\u00eb para ose n\u00eb agim. M\u00ebnyra e kat\u00ebrt \u00ebsht\u00eb p\u00ebrdorimi i tymit t\u00eb sherebel\u00ebs.<\/p>\n","protected":false},"excerpt":{"rendered":"<p>Dimenzioni 27x15mm<\/p>\n","protected":false},"featured_media":8408,"comment_status":"open","ping_status":"closed","template":"","meta":[],"product_brand":[],"product_cat":[2292,2405,2372,2374,2370,2358,2309,2407,2303,2310,2307,2395,2305,2306,2354,2359,2368,2352,2308,2351,2360,2396,2304,2404],"product_tag":[],"class_list":{"0":"post-8427","1":"product","2":"type-product","3":"status-publish","4":"has-post-thumbnail","6":"product_cat-crystal-jewelry-sq","7":"product_cat-blej-sipas","8":"product_cat-blej-sipas-ngjyres","9":"product_cat-blu","10":"product_cat-demi","11":"product_cat-force-stabilitet","12":"product_cat-fyti","13":"product_cat-kafke","14":"product_cat-kurora","15":"product_cat-llojet-e-gurve-te-cmuar","16":"product_cat-pleksusi-diellor","17":"product_cat-pendant-sq","18":"product_cat-rrenja","19":"product_cat-sakrale","20":"product_cat-shendet-balans","21":"product_cat-shenjat-e-horoskopit","22":"product_cat-shigjetari","23":"product_cat-qellim","24":"product_cat-syri-i-trete","25":"product_cat-turkiz","26":"product_cat-ujori","27":"product_cat-varese-e-gdhendur","28":"product_cat-zemra","29":"product_cat-zona-e-cakres","31":"first","32":"instock","33":"shipping-taxable","34":"purchasable","35":"product-type-simple"},"_links":{"self":[{"href":"https:\/\/tinacrystals.com\/sq\/wp-json\/wp\/v2\/product\/8427","targetHints":{"allow":["GET"]}}],"collection":[{"href":"https:\/\/tinacrystals.com\/sq\/wp-json\/wp\/v2\/product"}],"about":[{"href":"https:\/\/tinacrystals.com\/sq\/wp-json\/wp\/v2\/types\/product"}],"replies":[{"embeddable":true,"href":"https:\/\/tinacrystals.com\/sq\/wp-json\/wp\/v2\/comments?post=8427"}],"wp:featuredmedia":[{"embeddable":true,"href":"https:\/\/tinacrystals.com\/sq\/wp-json\/wp\/v2\/media\/8408"}],"wp:attachment":[{"href":"https:\/\/tinacrystals.com\/sq\/wp-json\/wp\/v2\/media?parent=8427"}],"wp:term":[{"taxonomy":"product_brand","embeddable":true,"href":"https:\/\/tinacrystals.com\/sq\/wp-json\/wp\/v2\/product_brand?post=8427"},{"taxonomy":"product_cat","embeddable":true,"href":"https:\/\/tinacrystals.com\/sq\/wp-json\/wp\/v2\/product_cat?post=8427"},{"taxonomy":"product_tag","embeddable":true,"href":"https:\/\/tinacrystals.com\/sq\/wp-json\/wp\/v2\/product_tag?post=8427"}],"curies":[{"name":"wp","href":"https:\/\/api.w.org\/{rel}","templated":true}]}}