{"id":8433,"date":"2022-01-28T11:41:45","date_gmt":"2022-01-28T11:41:46","guid":{"rendered":"http:\/\/tinacrystals.com\/?post_type=product&#038;p=8433"},"modified":"2022-06-03T09:37:53","modified_gmt":"2022-06-03T07:37:53","slug":"kafke-syri-tigrit","status":"publish","type":"product","link":"https:\/\/tinacrystals.com\/sq\/product\/kafke-syri-tigrit\/","title":{"rendered":"Syri Tigrit Kafk\u00eb"},"content":{"rendered":"<p><strong>HOROSKOPI:<\/strong> Luani, Bricjapi<br \/>\n<strong>CHAKRA:<\/strong> Pleksus Sakral, Diellor<\/p>\n<p><strong><em>Syri i Tigerit<\/em><\/strong> ju sfidon t\u00eb eksploroni t\u00eb panjohur\u00ebn n\u00eb jet\u00eb, edhe n\u00ebse b\u00ebhet e pak\u00ebndshme.<\/p>\n<p><strong><em>Sh\u00ebrimi shpirt\u00ebror<\/em><\/strong>:<br \/>\nNj\u00eb gur mbrojtjeje, Syri i Tigrit do t&#8217;ju sjell\u00eb fat, ai ka aft\u00ebsin\u00eb p\u00ebr t\u00eb p\u00ebrqendruar mendjen, promovon qart\u00ebsin\u00eb mendore.<br \/>\nDo t\u00eb stabilizoj\u00eb luhatjet tuaja t\u00eb humorit, do t&#8217;ju mbush me fuqi, guxim, vet\u00ebbesim dhe q\u00ebllim.<\/p>\n<p><strong><em>Sh\u00ebrimi fizik:<\/em><\/strong><br \/>\nN\u00ebse vuani nga depresioni, ky kristal do t&#8217;ju mbaj\u00eb nxeht\u00ebsin\u00eb e diellit dhe do t&#8217;ju ndihmoj\u00eb t\u00eb leht\u00ebsoni pesh\u00ebn e dit\u00ebve t\u00eb err\u00ebta.<br \/>\nOse edhe n\u00ebse ndiheni pak t\u00eb plog\u00ebsht, Syri i Tigrit do t\u00eb zgjoj\u00eb motivimin.<br \/>\nAi do t\u00eb balancoj\u00eb sistemin tuaj endokrin dhe gjithashtu \u00ebsht\u00eb nj\u00eb forcues i shk\u00eblqyer i gjakut.<\/p>\n<p><strong><em>Sh\u00ebrimi emocional:<\/em><\/strong><br \/>\nN\u00ebse ndonj\u00ebher\u00eb ndiheni sikur jeni t\u00eb bllokuar, energjia e k\u00ebtij kristali mund ta pres\u00eb at\u00eb munges\u00eb motivimi dhe do t&#8217;ju ndihmoj\u00eb t\u00eb p\u00ebrqendroheni m\u00eb shum\u00eb dhe t\u00eb jeni m\u00eb aktiv.<br \/>\nEnergjit\u00eb toksike do t\u00eb zhduken n\u00ebse e merrni Syrin e Tigerit pran\u00eb jush dhe \u00ebndrrat m\u00eb t\u00eb thella papritmas pushojn\u00eb s\u00eb qeni thjesht \u00ebndrra dhe b\u00ebhen realitet.<br \/>\nSyri i Tigerit punon p\u00ebr t\u00eb zbuluar p\u00ebrfitimet kufizuese p\u00ebr ata q\u00eb luftojn\u00eb me vet\u00ebvler\u00ebsimin dhe q\u00eb mbledhin v\u00ebshtir\u00eb para.<\/p>\n<p><strong><em>Pastrimi dhe rimbushja:<\/em><\/strong><br \/>\nSi \u00e7do kristal tjet\u00ebr, Syri i Tigerit gjithashtu duhet t\u00eb pastrohet rregullisht, ve\u00e7an\u00ebrisht kur ndryshoni vendndodhjen, sepse ky kristal merr energjit\u00eb e mjedisit t\u00eb tij shum\u00eb shpejt. M\u00ebnyra m\u00eb e mir\u00eb dhe m\u00eb efektive p\u00ebr t\u00eb pastruar kristalin pa e d\u00ebmtuar at\u00eb \u00ebsht\u00eb p\u00ebrdorimi i drit\u00ebs s\u00eb diellit, nj\u00eb m\u00ebnyr\u00eb tjet\u00ebr e shk\u00eblqyer \u00ebsht\u00eb tymi i sherebel\u00ebs.<\/p>\n","protected":false},"excerpt":{"rendered":"<p>Dimenzioni 27x15mm<\/p>\n","protected":false},"featured_media":8402,"comment_status":"open","ping_status":"closed","template":"","meta":[],"product_brand":[],"product_cat":[2292,2405,2372,2363,2407,2310,2365,2353,2357,2307,2395,2306,2359,2352,2349,2396,2386,2404],"product_tag":[],"class_list":{"0":"post-8433","1":"product","2":"type-product","3":"status-publish","4":"has-post-thumbnail","6":"product_cat-crystal-jewelry-sq","7":"product_cat-blej-sipas","8":"product_cat-blej-sipas-ngjyres","9":"product_cat-bricjapi","10":"product_cat-kafke","11":"product_cat-llojet-e-gurve-te-cmuar","12":"product_cat-luani","13":"product_cat-lumturi-vetebesim","14":"product_cat-mbrotje-paqe","15":"product_cat-pleksusi-diellor","16":"product_cat-pendant-sq","17":"product_cat-sakrale","18":"product_cat-shenjat-e-horoskopit","19":"product_cat-qellim","20":"product_cat-syri-tigrit","21":"product_cat-varese-e-gdhendur","22":"product_cat-verdhe","23":"product_cat-zona-e-cakres","25":"first","26":"instock","27":"shipping-taxable","28":"purchasable","29":"product-type-simple"},"_links":{"self":[{"href":"https:\/\/tinacrystals.com\/sq\/wp-json\/wp\/v2\/product\/8433","targetHints":{"allow":["GET"]}}],"collection":[{"href":"https:\/\/tinacrystals.com\/sq\/wp-json\/wp\/v2\/product"}],"about":[{"href":"https:\/\/tinacrystals.com\/sq\/wp-json\/wp\/v2\/types\/product"}],"replies":[{"embeddable":true,"href":"https:\/\/tinacrystals.com\/sq\/wp-json\/wp\/v2\/comments?post=8433"}],"wp:featuredmedia":[{"embeddable":true,"href":"https:\/\/tinacrystals.com\/sq\/wp-json\/wp\/v2\/media\/8402"}],"wp:attachment":[{"href":"https:\/\/tinacrystals.com\/sq\/wp-json\/wp\/v2\/media?parent=8433"}],"wp:term":[{"taxonomy":"product_brand","embeddable":true,"href":"https:\/\/tinacrystals.com\/sq\/wp-json\/wp\/v2\/product_brand?post=8433"},{"taxonomy":"product_cat","embeddable":true,"href":"https:\/\/tinacrystals.com\/sq\/wp-json\/wp\/v2\/product_cat?post=8433"},{"taxonomy":"product_tag","embeddable":true,"href":"https:\/\/tinacrystals.com\/sq\/wp-json\/wp\/v2\/product_tag?post=8433"}],"curies":[{"name":"wp","href":"https:\/\/api.w.org\/{rel}","templated":true}]}}