{"id":8440,"date":"2022-01-28T12:09:30","date_gmt":"2022-01-28T12:09:30","guid":{"rendered":"http:\/\/tinacrystals.com\/?post_type=product&#038;p=8440"},"modified":"2022-06-03T09:37:28","modified_gmt":"2022-06-03T07:37:28","slug":"kafke-rubi-zoist","status":"publish","type":"product","link":"https:\/\/tinacrystals.com\/sq\/product\/kafke-rubi-zoist\/","title":{"rendered":"Rubi Zoist Kafk\u00eb"},"content":{"rendered":"<p><strong>HOROSKOPI<\/strong>: Dashi, Ujori<br \/>\n<strong>CHAKRA<\/strong>: Baza, Zemra, Syri i Tret\u00eb<\/p>\n<p>I bukur dhe ngrit\u00ebs, ky <strong><em>Rubi Zoisit<\/em><\/strong> \u00ebsht\u00eb kristali shum\u00eb unik q\u00eb mund t&#8217;ju ndihmoj\u00eb n\u00eb m\u00ebnyra t\u00eb ndryshme!<\/p>\n<p><strong><em>Sh\u00ebrimi shpirt\u00ebror:<\/em><\/strong><br \/>\nRubi Zoisiti mund t\u00eb ndihmoj\u00eb n\u00eb stimulimin e ndjenjave tuaja t\u00eb vler\u00ebsimit.<br \/>\nMund t&#8217;ju inkurajoj\u00eb t\u00eb jeni m\u00eb t\u00eb ndjesh\u00ebm dhe t\u00eb v\u00ebmendsh\u00ebm ndaj nevojave t\u00eb partnerit tuaj.<br \/>\nGjithashtu, mund t\u00eb ndihmoj\u00eb n\u00eb rritjen e aspekteve tuaja pozitive duke ju lejuar t\u00eb jeni m\u00eb t\u00eb guximsh\u00ebm dhe t\u00eb keni nj\u00eb q\u00ebndrim t\u00eb kujdessh\u00ebm dhe t\u00eb dashur ndaj vetes dhe t\u00eb dashurve tuaj.<\/p>\n<p><strong><em>Sh\u00ebrimi fizik:<\/em><\/strong><br \/>\nP\u00ebrdoret kryesisht p\u00ebr t\u00eb forcuar sistemin tuaj imunitar, duke leht\u00ebsuar gjithashtu problemet e gj\u00ebndrave mbiveshkore.<br \/>\nRubi Zoisit \u00ebsht\u00eb nj\u00eb kristal i mir\u00eb p\u00ebr parandalimin e lodhjes dhe letargjis\u00eb s\u00eb trupit.<\/p>\n<p><strong><em>Sh\u00ebrimi Emocional:<\/em><\/strong><br \/>\nShpesh p\u00ebrdoret p\u00ebr t\u00eb \u00e7liruar ndjenjat e fajit, trishtimit dhe dhimbjes, madje edhe me vdekjen e nj\u00eb t\u00eb dashur ose t\u00eb nj\u00eb miku.<br \/>\nGuri mund t\u00eb sjell\u00eb ekuilib\u00ebr n\u00eb emocionet tuaja, duke ju stabilizuar nga brenda.<\/p>\n<p><strong><em>Pastroni dhe rimbushni:<\/em><\/strong><br \/>\nP\u00ebr t\u00eb ngarkuar Rubi Zoisitin tuaj dhe p\u00ebr ta pastruar at\u00eb nga energjit\u00eb negative q\u00eb ka thithur, vendoseni n\u00eb rrezet e diellit p\u00ebr disa or\u00eb.<\/p>\n","protected":false},"excerpt":{"rendered":"<p>Dimenzioni 27x15mm<\/p>\n","protected":false},"featured_media":8396,"comment_status":"open","ping_status":"closed","template":"","meta":[],"product_brand":[],"product_cat":[2292,2405,2372,2361,2355,2407,2310,2395,2305,2346,2354,2359,2380,2352,2308,2360,2396,2304,2404],"product_tag":[],"class_list":{"0":"post-8440","1":"product","2":"type-product","3":"status-publish","4":"has-post-thumbnail","6":"product_cat-crystal-jewelry-sq","7":"product_cat-blej-sipas","8":"product_cat-blej-sipas-ngjyres","9":"product_cat-dashi","10":"product_cat-dashuri-harmoni","11":"product_cat-kafke","12":"product_cat-llojet-e-gurve-te-cmuar","13":"product_cat-pendant-sq","14":"product_cat-rrenja","15":"product_cat-rubi-zoisit","16":"product_cat-shendet-balans","17":"product_cat-shenjat-e-horoskopit","18":"product_cat-shumengjyresh","19":"product_cat-qellim","20":"product_cat-syri-i-trete","21":"product_cat-ujori","22":"product_cat-varese-e-gdhendur","23":"product_cat-zemra","24":"product_cat-zona-e-cakres","26":"first","27":"instock","28":"shipping-taxable","29":"purchasable","30":"product-type-simple"},"_links":{"self":[{"href":"https:\/\/tinacrystals.com\/sq\/wp-json\/wp\/v2\/product\/8440","targetHints":{"allow":["GET"]}}],"collection":[{"href":"https:\/\/tinacrystals.com\/sq\/wp-json\/wp\/v2\/product"}],"about":[{"href":"https:\/\/tinacrystals.com\/sq\/wp-json\/wp\/v2\/types\/product"}],"replies":[{"embeddable":true,"href":"https:\/\/tinacrystals.com\/sq\/wp-json\/wp\/v2\/comments?post=8440"}],"wp:featuredmedia":[{"embeddable":true,"href":"https:\/\/tinacrystals.com\/sq\/wp-json\/wp\/v2\/media\/8396"}],"wp:attachment":[{"href":"https:\/\/tinacrystals.com\/sq\/wp-json\/wp\/v2\/media?parent=8440"}],"wp:term":[{"taxonomy":"product_brand","embeddable":true,"href":"https:\/\/tinacrystals.com\/sq\/wp-json\/wp\/v2\/product_brand?post=8440"},{"taxonomy":"product_cat","embeddable":true,"href":"https:\/\/tinacrystals.com\/sq\/wp-json\/wp\/v2\/product_cat?post=8440"},{"taxonomy":"product_tag","embeddable":true,"href":"https:\/\/tinacrystals.com\/sq\/wp-json\/wp\/v2\/product_tag?post=8440"}],"curies":[{"name":"wp","href":"https:\/\/api.w.org\/{rel}","templated":true}]}}