{"id":8453,"date":"2022-01-28T12:20:23","date_gmt":"2022-01-28T12:20:24","guid":{"rendered":"http:\/\/tinacrystals.com\/?post_type=product&#038;p=8453"},"modified":"2022-06-03T09:37:15","modified_gmt":"2022-06-03T07:37:15","slug":"kafke-jade-verdhe","status":"publish","type":"product","link":"https:\/\/tinacrystals.com\/sq\/product\/kafke-jade-verdhe\/","title":{"rendered":"Zhade e Verdh\u00eb Kafk\u00eb"},"content":{"rendered":"<p><strong>HOROSKOPI<\/strong>: Luani, Virgj\u00ebresha<br \/>\n<strong>CHAKRA<\/strong>: Pleksus diellor<\/p>\n<p><strong><em>Zhadja e verdh\u00eb<\/em><\/strong> \u00ebsht\u00eb nj\u00eb gur i lidhur me g\u00ebzimin dhe lumturin\u00eb, \u00ebsht\u00eb jasht\u00ebzakonisht i q\u00ebndruesh\u00ebm dhe duke e pasur pran\u00eb jush do t\u00eb keni shum\u00eb p\u00ebrfitime.<\/p>\n<p><strong><em>Sh\u00ebrimi shpirt\u00ebror:<\/em><\/strong><br \/>\nAjo sjell lumturi dhe g\u00ebzim dhe m\u00ebson lidhjen midis t\u00eb gjitha qenieve t\u00eb gjalla.<br \/>\nDo t\u00eb largoj\u00eb d\u00ebmin dhe negativitetin, t\u00ebrheq fat dhe fat t\u00eb mir\u00eb.<\/p>\n<p><strong><em>Sh\u00ebrimi fizik:<\/em><\/strong><br \/>\nZhadja e verdh\u00eb ndihmon n\u00eb zbutjen e simptomave t\u00eb problemeve t\u00eb lidhura me tiroiden dhe shpretk\u00ebn, si dhe problemet e tretjes.<br \/>\nGjithashtu, ndihmon n\u00eb sh\u00ebrimin e lodhjes kronike, si dhe n\u00eb rritjen e kapaciteteve t\u00eb p\u00ebrgjithshme njoh\u00ebse dhe frym\u00ebzimit krijues.<\/p>\n<p><strong><em>Sh\u00ebrimi emocional:<\/em><\/strong><br \/>\nZhadja e verdh\u00eb rrit cil\u00ebsit\u00eb e lidershipit dhe aft\u00ebsin\u00eb tuaj p\u00ebr t&#8217;u fokusuar n\u00eb detyra.<br \/>\nMund t&#8217;ju parandaloj\u00eb q\u00eb t\u00eb b\u00ebheni shum\u00eb kritik ndaj personit tuaj t\u00eb r\u00ebnd\u00ebsish\u00ebm dhe t&#8217;ju ndihmoj\u00eb t\u00eb menaxhoni nivelet e stresit.<\/p>\n<p><strong><em>Pastroni dhe rimbushni:<\/em><\/strong><br \/>\nMbajeni zhaden t\u00eb verdh\u00eb n\u00ebn uj\u00eb t\u00eb rrjedhsh\u00ebm p\u00ebr t\u00eb pakt\u00ebn nj\u00eb minut\u00eb, ose n\u00ebse d\u00ebshironi, vendoseni n\u00eb tok\u00eb dhe l\u00ebreni t\u00eb q\u00ebndroj\u00eb n\u00ebn tok\u00eb deri n\u00eb 48 or\u00eb.<\/p>\n","protected":false},"excerpt":{"rendered":"<p>Dimenzioni 27x15mm<\/p>\n","protected":false},"featured_media":8414,"comment_status":"open","ping_status":"closed","template":"","meta":[],"product_brand":[],"product_cat":[2292,2405,2372,2356,2407,2310,2365,2353,2307,2395,2359,2352,2396,2386,2371,2326,2404],"product_tag":[],"class_list":{"0":"post-8453","1":"product","2":"type-product","3":"status-publish","4":"has-post-thumbnail","6":"product_cat-crystal-jewelry-sq","7":"product_cat-blej-sipas","8":"product_cat-blej-sipas-ngjyres","9":"product_cat-fat-sukses","10":"product_cat-kafke","11":"product_cat-llojet-e-gurve-te-cmuar","12":"product_cat-luani","13":"product_cat-lumturi-vetebesim","14":"product_cat-pleksusi-diellor","15":"product_cat-pendant-sq","16":"product_cat-shenjat-e-horoskopit","17":"product_cat-qellim","18":"product_cat-varese-e-gdhendur","19":"product_cat-verdhe","20":"product_cat-virgjersha","21":"product_cat-xhade","22":"product_cat-zona-e-cakres","24":"first","25":"instock","26":"shipping-taxable","27":"purchasable","28":"product-type-simple"},"_links":{"self":[{"href":"https:\/\/tinacrystals.com\/sq\/wp-json\/wp\/v2\/product\/8453","targetHints":{"allow":["GET"]}}],"collection":[{"href":"https:\/\/tinacrystals.com\/sq\/wp-json\/wp\/v2\/product"}],"about":[{"href":"https:\/\/tinacrystals.com\/sq\/wp-json\/wp\/v2\/types\/product"}],"replies":[{"embeddable":true,"href":"https:\/\/tinacrystals.com\/sq\/wp-json\/wp\/v2\/comments?post=8453"}],"wp:featuredmedia":[{"embeddable":true,"href":"https:\/\/tinacrystals.com\/sq\/wp-json\/wp\/v2\/media\/8414"}],"wp:attachment":[{"href":"https:\/\/tinacrystals.com\/sq\/wp-json\/wp\/v2\/media?parent=8453"}],"wp:term":[{"taxonomy":"product_brand","embeddable":true,"href":"https:\/\/tinacrystals.com\/sq\/wp-json\/wp\/v2\/product_brand?post=8453"},{"taxonomy":"product_cat","embeddable":true,"href":"https:\/\/tinacrystals.com\/sq\/wp-json\/wp\/v2\/product_cat?post=8453"},{"taxonomy":"product_tag","embeddable":true,"href":"https:\/\/tinacrystals.com\/sq\/wp-json\/wp\/v2\/product_tag?post=8453"}],"curies":[{"name":"wp","href":"https:\/\/api.w.org\/{rel}","templated":true}]}}