{"id":8468,"date":"2022-01-28T13:12:53","date_gmt":"2022-01-28T13:12:53","guid":{"rendered":"http:\/\/tinacrystals.com\/?post_type=product&#038;p=8468"},"modified":"2022-06-03T09:35:55","modified_gmt":"2022-06-03T07:35:55","slug":"kafke-goldsandstoni","status":"publish","type":"product","link":"https:\/\/tinacrystals.com\/sq\/product\/kafke-goldsandstoni\/","title":{"rendered":"Gur Rr\u00ebr\u00eb Ari Kafk\u00eb"},"content":{"rendered":"<p><strong>HOROSKOPI<\/strong>: Dashi, Akrepi, Virgj\u00ebresha<br \/>\n<strong>CHAKRA<\/strong>: Rr\u00ebnja, sakrale<\/p>\n<p>Ky gur specifik njihet p\u00ebr inkurajimin e ndershm\u00ebris\u00eb dhe ju b\u00ebn t&#8217;i shihni gj\u00ebrat m\u00eb qart\u00eb.<\/p>\n<p><strong><em>Sh\u00ebrimi shpirt\u00ebror:<\/em><\/strong><br \/>\nGuri i r\u00ebr\u00ebs s\u00eb arit p\u00ebrshtatet me frekuenc\u00ebn e drejt\u00ebsis\u00eb dhe ofron ndihm\u00eb p\u00ebr k\u00ebdo q\u00eb p\u00ebrpiqet t\u00eb korrigjoj\u00eb nj\u00eb situat\u00eb t\u00eb padrejt\u00eb.<br \/>\nAi ofron nj\u00eb pasqyr\u00eb n\u00eb m\u00ebnyr\u00ebn m\u00eb t\u00eb mir\u00eb p\u00ebr ta arritur k\u00ebt\u00eb dhe ndihmon n\u00eb nxjerrjen n\u00eb drit\u00eb t\u00eb problemeve t\u00eb ardhshme p\u00ebrpara se ato t\u00eb b\u00ebhen shum\u00eb t\u00eb m\u00ebdha.<\/p>\n<p><strong><em>Sh\u00ebrimi fizik:<\/em><\/strong><br \/>\nP\u00ebr shkak t\u00eb aft\u00ebsis\u00eb s\u00eb tij p\u00ebr t\u00eb ndihmuar n\u00eb gjenerimin e indeve t\u00eb muskujve, ky kristal mund t\u00eb jet\u00eb i dobish\u00ebm n\u00eb ngritjen e peshave dhe nd\u00ebrtimin e trupit, dhe p\u00ebr t\u00eb rritur efektet e ushtrimeve.<br \/>\nZbut epilepsin\u00eb, dhe gjithashtu mund t\u00eb p\u00ebrdoret p\u00ebr t\u00eb trajtuar humbjen shqisore t\u00eb nuhatjes.<br \/>\nGuri i r\u00ebr\u00ebs s\u00eb arit i forcon zemr\u00ebn dhe p\u00ebrmir\u00ebson qarkullimin, dhe mund t\u00eb jet\u00eb i dobish\u00ebm n\u00eb trajtimin e anemis\u00eb, rraskapitjes dhe s\u00ebmundjeve t\u00eb zemr\u00ebs.<\/p>\n<p><strong><em>Sh\u00ebrimi emocional:<\/em><\/strong><br \/>\nGuri i r\u00ebr\u00ebs s\u00eb arit \u00ebsht\u00eb nj\u00eb kujtes\u00eb e ndritshme, e prekshme dhe nj\u00eb nd\u00ebrtues i madh besimi.<br \/>\nMund t\u00eb riaktivizoj\u00eb nj\u00eb pasion p\u00ebr t\u00eb jetuar kur dikush ndihet i kalt\u00ebr ose joemocional, apatik ose i vdekur shpirt\u00ebrisht.<\/p>\n<p><strong><em>Pastroni dhe rimbushni:<\/em><\/strong><br \/>\nP\u00ebr pastrimin e k\u00ebtij guri mund t\u00eb p\u00ebrdorni nj\u00eb leck\u00eb me uj\u00eb t\u00eb ngroht\u00eb dhe ta f\u00ebrkoni me leck\u00eb (nuk nevojiten kimikate).<br \/>\nRimbushja: Ky \u00ebsht\u00eb nj\u00eb gur q\u00eb e do shiun, k\u00ebshtu q\u00eb sa her\u00eb q\u00eb bie shi, l\u00ebreni jasht\u00eb n\u00eb reshje shiu, kjo ndihmon edhe p\u00ebr pastrimin.<\/p>\n","protected":false},"excerpt":{"rendered":"<p>Dimenzioni 27x15mm<\/p>\n","protected":false},"featured_media":8378,"comment_status":"open","ping_status":"closed","template":"","meta":[],"product_brand":[],"product_cat":[2369,2377,2292,2405,2372,2361,2358,2323,2407,2310,2395,2305,2306,2359,2352,2396,2371,2404],"product_tag":[],"class_list":{"0":"post-8468","1":"product","2":"type-product","3":"status-publish","4":"has-post-thumbnail","6":"product_cat-akrepi-sq","7":"product_cat-ari","8":"product_cat-crystal-jewelry-sq","9":"product_cat-blej-sipas","10":"product_cat-blej-sipas-ngjyres","11":"product_cat-dashi","12":"product_cat-force-stabilitet","13":"product_cat-gur-rrere-ari","14":"product_cat-kafke","15":"product_cat-llojet-e-gurve-te-cmuar","16":"product_cat-pendant-sq","17":"product_cat-rrenja","18":"product_cat-sakrale","19":"product_cat-shenjat-e-horoskopit","20":"product_cat-qellim","21":"product_cat-varese-e-gdhendur","22":"product_cat-virgjersha","23":"product_cat-zona-e-cakres","25":"first","26":"instock","27":"shipping-taxable","28":"purchasable","29":"product-type-simple"},"_links":{"self":[{"href":"https:\/\/tinacrystals.com\/sq\/wp-json\/wp\/v2\/product\/8468","targetHints":{"allow":["GET"]}}],"collection":[{"href":"https:\/\/tinacrystals.com\/sq\/wp-json\/wp\/v2\/product"}],"about":[{"href":"https:\/\/tinacrystals.com\/sq\/wp-json\/wp\/v2\/types\/product"}],"replies":[{"embeddable":true,"href":"https:\/\/tinacrystals.com\/sq\/wp-json\/wp\/v2\/comments?post=8468"}],"wp:featuredmedia":[{"embeddable":true,"href":"https:\/\/tinacrystals.com\/sq\/wp-json\/wp\/v2\/media\/8378"}],"wp:attachment":[{"href":"https:\/\/tinacrystals.com\/sq\/wp-json\/wp\/v2\/media?parent=8468"}],"wp:term":[{"taxonomy":"product_brand","embeddable":true,"href":"https:\/\/tinacrystals.com\/sq\/wp-json\/wp\/v2\/product_brand?post=8468"},{"taxonomy":"product_cat","embeddable":true,"href":"https:\/\/tinacrystals.com\/sq\/wp-json\/wp\/v2\/product_cat?post=8468"},{"taxonomy":"product_tag","embeddable":true,"href":"https:\/\/tinacrystals.com\/sq\/wp-json\/wp\/v2\/product_tag?post=8468"}],"curies":[{"name":"wp","href":"https:\/\/api.w.org\/{rel}","templated":true}]}}