{"id":8614,"date":"2022-01-31T07:18:48","date_gmt":"2022-01-31T07:18:49","guid":{"rendered":"http:\/\/tinacrystals.com\/?post_type=product&#038;p=8614"},"modified":"2022-06-10T11:24:07","modified_gmt":"2022-06-10T09:24:07","slug":"mahogany-plumb-gjashtekendesh","status":"publish","type":"product","link":"https:\/\/tinacrystals.com\/sq\/product\/mahogany-plumb-gjashtekendesh\/","title":{"rendered":"Obisidian Mahagoni Plumb Gjasht\u00ebk\u00ebndesh"},"content":{"rendered":"<p><strong>HOROSKOPI<\/strong>: Peshorja<br \/>\n<strong>CHAKRA<\/strong>: Pleksus diellor, sakrale, rr\u00ebnj\u00eb<\/p>\n<p>Ky <strong><em>mahogan <\/em><\/strong>malor ka ngjyrat e tij t\u00eb zeza dhe t\u00eb kuqe p\u00ebr shkak t\u00eb p\u00ebrfshirjes s\u00eb hekurit. \u00cbsht\u00eb nj\u00eb aktivizues i fort\u00eb i tre \u00e7akrave tona.<\/p>\n<p><strong><em>Sh\u00ebrimi shpirt\u00ebror:<\/em><\/strong><br \/>\nHeq qafe bllokadat tuaja shpirt\u00ebrore t\u00eb b\u00ebra vet\u00eb dhe gjithashtu ju mbron nga kushdo q\u00eb d\u00ebshiron t&#8217;ju shkaktoj\u00eb d\u00ebm.<br \/>\nAi forcon aur\u00ebn dhe me k\u00ebt\u00eb ju b\u00ebn t\u00eb shihni fuqin\u00eb tuaj, gjithashtu do t\u00eb ndaloj\u00eb p\u00ebrs\u00ebritjen e problemeve.<\/p>\n<p><strong><em>Sh\u00ebrimi fizik:<\/em><\/strong><br \/>\nThuhet se Mahogani p\u00ebrmir\u00ebson qarkullimin e gjakut n\u00eb trup, leht\u00ebson muskujt e tensionuar dhe sh\u00ebron mavijosjet dhe plag\u00ebt.<br \/>\nP\u00ebrshpejton shpejt\u00ebsin\u00eb e sh\u00ebrimit t\u00eb plag\u00ebve t\u00eb jashtme t\u00eb trupit.<\/p>\n<p><strong><em>Sh\u00ebrimi emocional:<\/em><\/strong><br \/>\nMahogani ju hap zemr\u00ebn, duke ju b\u00ebr\u00eb m\u00eb t\u00eb aft\u00eb p\u00ebr t\u00eb dashur dhe p\u00ebr t&#8217;u dashuruar.<br \/>\nJu shtyn t\u00eb nd\u00ebrprisni lidhjet me ngjarjet toksike t\u00eb s\u00eb kaluar\u00ebs dhe krijon nj\u00eb dalje t\u00eb sigurt p\u00ebr k\u00ebt\u00eb \u00e7lirim emocional.<br \/>\nKy kristal zhbllokon shprehjen tuaj. Gjithashtu ju b\u00ebn t\u00eb jeni nj\u00eb d\u00ebgjues m\u00eb i mir\u00eb p\u00ebr partnerin tuaj.<\/p>\n<p><strong><em>Pastroni dhe rimbushni:<\/em><\/strong><br \/>\nGuri mund t\u00eb pastrohet si\u00e7 duhet me uj\u00eb t\u00eb past\u00ebr dhe me nj\u00eb leck\u00eb t\u00eb but\u00eb, mos kini frik\u00eb ta pastroni sepse mahogoni \u00ebsht\u00eb nj\u00eb gur i q\u00ebndruesh\u00ebm. Vet\u00ebm sigurohuni q\u00eb t\u00eb mos p\u00ebrdorni uj\u00eb jasht\u00ebzakonisht t\u00eb nxeht\u00eb ose t\u00eb ftoht\u00eb sepse guri mund t\u00eb thyhet.<br \/>\nPasi ta keni pastruar si\u00e7 duhet gurin, mbajeni n\u00eb dor\u00eb dhe vendosni q\u00ebllimet tuaja drejt tij me syrin e mendjes. Pasi ta b\u00ebni k\u00ebt\u00eb, l\u00ebreni kristalin n\u00ebn drit\u00ebn e h\u00ebn\u00ebs gjat\u00eb nat\u00ebs dhe hiqeni at\u00eb n\u00eb m\u00ebngjes.<\/p>\n","protected":false},"excerpt":{"rendered":"<p>Dimenzioni 22x9mm<\/p>\n","protected":false},"featured_media":8082,"comment_status":"open","ping_status":"closed","template":"","meta":[],"product_brand":[],"product_cat":[2292,2405,2372,2373,2358,2429,2432,2375,2384,2310,2357,2332,2366,2307,2395,2305,2306,2359,2352],"product_tag":[],"class_list":{"0":"post-8614","1":"product","2":"type-product","3":"status-publish","4":"has-post-thumbnail","6":"product_cat-crystal-jewelry-sq","7":"product_cat-blej-sipas","8":"product_cat-blej-sipas-ngjyres","9":"product_cat-e-zeze","10":"product_cat-force-stabilitet","11":"product_cat-format","12":"product_cat-heksagon","13":"product_cat-kafte","14":"product_cat-kuq","15":"product_cat-llojet-e-gurve-te-cmuar","16":"product_cat-mbrotje-paqe","17":"product_cat-mehagoni-obsidian","18":"product_cat-peshorja","19":"product_cat-pleksusi-diellor","20":"product_cat-pendant-sq","21":"product_cat-rrenja","22":"product_cat-sakrale","23":"product_cat-shenjat-e-horoskopit","24":"product_cat-qellim","26":"first","27":"instock","28":"shipping-taxable","29":"purchasable","30":"product-type-simple"},"_links":{"self":[{"href":"https:\/\/tinacrystals.com\/sq\/wp-json\/wp\/v2\/product\/8614","targetHints":{"allow":["GET"]}}],"collection":[{"href":"https:\/\/tinacrystals.com\/sq\/wp-json\/wp\/v2\/product"}],"about":[{"href":"https:\/\/tinacrystals.com\/sq\/wp-json\/wp\/v2\/types\/product"}],"replies":[{"embeddable":true,"href":"https:\/\/tinacrystals.com\/sq\/wp-json\/wp\/v2\/comments?post=8614"}],"wp:featuredmedia":[{"embeddable":true,"href":"https:\/\/tinacrystals.com\/sq\/wp-json\/wp\/v2\/media\/8082"}],"wp:attachment":[{"href":"https:\/\/tinacrystals.com\/sq\/wp-json\/wp\/v2\/media?parent=8614"}],"wp:term":[{"taxonomy":"product_brand","embeddable":true,"href":"https:\/\/tinacrystals.com\/sq\/wp-json\/wp\/v2\/product_brand?post=8614"},{"taxonomy":"product_cat","embeddable":true,"href":"https:\/\/tinacrystals.com\/sq\/wp-json\/wp\/v2\/product_cat?post=8614"},{"taxonomy":"product_tag","embeddable":true,"href":"https:\/\/tinacrystals.com\/sq\/wp-json\/wp\/v2\/product_tag?post=8614"}],"curies":[{"name":"wp","href":"https:\/\/api.w.org\/{rel}","templated":true}]}}