{"id":8627,"date":"2022-01-31T07:38:37","date_gmt":"2022-01-31T07:38:38","guid":{"rendered":"http:\/\/tinacrystals.com\/?post_type=product&#038;p=8627"},"modified":"2022-06-10T11:24:00","modified_gmt":"2022-06-10T09:24:00","slug":"howlite-pikaloti-copy","status":"publish","type":"product","link":"https:\/\/tinacrystals.com\/sq\/product\/howlite-pikaloti-copy\/","title":{"rendered":"Hualit Gjasht\u00ebk\u00ebnd\u00ebsh"},"content":{"rendered":"<p><strong>HOROSKOPI<\/strong>: Bricjapi, Akrepi, Binjak\u00ebt<br \/>\n<strong>CHAKRA<\/strong>: T\u00eb gjitha<\/p>\n<p><strong><em>Hualit <\/em><\/strong>do t\u00eb thot\u00eb t\u00eb jesh i p\u00ebrshtatur me past\u00ebrtin\u00eb dhe t\u00eb kesh energji t\u00eb pafund.<\/p>\n<p><strong><em>Sh\u00ebrimi shpirt\u00ebror:<\/em><\/strong><br \/>\nHowlite \u00ebsht\u00eb nj\u00eb kristal q\u00eb promovon toleranc\u00ebn dhe qart\u00ebsin\u00eb e mendimeve.<br \/>\n\u00cbsht\u00eb nj\u00eb gur i \u00e7muar q\u00eb ju lidh me nj\u00eb stil jetese m\u00eb t\u00eb v\u00ebmendsh\u00ebm.<\/p>\n<p><strong><em>Sh\u00ebrimi fizik:<\/em><\/strong><br \/>\nHowlite sh\u00ebron sistemin tuaj t\u00eb tretjes, ve\u00e7an\u00ebrisht pjes\u00ebn e sip\u00ebrme t\u00eb zorr\u00ebve dhe stomakut.<br \/>\nKy kristal p\u00ebrdoret gjithashtu p\u00ebr t\u00eb forcuar sistemin tuaj t\u00eb qarkullimit t\u00eb gjakut n\u00eb p\u00ebrgjith\u00ebsi dhe p\u00ebr t\u00eb leht\u00ebsuar rrug\u00ebt e frym\u00ebmarrjes t\u00eb bllokuara.<br \/>\nP\u00ebrdoret gjithashtu p\u00ebr rritjen e flok\u00ebve me shk\u00eblqim.<\/p>\n<p><strong><em>Sh\u00ebrimi emocional:<\/em><\/strong><br \/>\nEmocionalisht ai rregullon mendjet tep\u00ebr aktive dhe rrit kujtes\u00ebn dhe nd\u00ebrgjegj\u00ebsimin tuaj mendor.<br \/>\n\u00cbsht\u00eb mir\u00eb ta mbani Howlite me ju n\u00eb situata me stres dhe ankth.<\/p>\n<p><strong><em>Pastroni dhe rimbushni:<\/em><\/strong><br \/>\nDisa nga m\u00ebnyrat m\u00eb t\u00eb mira p\u00ebr t\u00eb pastruar kristalin jan\u00eb mbajtja e tij n\u00eb oriz ngjyr\u00eb kafe p\u00ebr disa or\u00eb n\u00eb m\u00ebnyr\u00eb q\u00eb orizi t\u00eb thith\u00eb energjin\u00eb shtes\u00eb q\u00eb ka kristal, nj\u00eb m\u00ebnyr\u00eb tjet\u00ebr \u00ebsht\u00eb mbajtja e tij n\u00ebn h\u00ebn\u00ebn e plot\u00eb gjat\u00eb nat\u00ebs \u2013 kjo metod\u00eb \u00ebsht\u00eb m\u00eb e preferuar sepse jo vet\u00ebm pastron kristalin por e rimbush n\u00eb t\u00eb nj\u00ebjt\u00ebn koh\u00eb.<\/p>\n","protected":false},"excerpt":{"rendered":"<p>Dimenzioni 22x9mm<\/p>\n","protected":false},"featured_media":8073,"comment_status":"open","ping_status":"closed","template":"","meta":[],"product_brand":[],"product_cat":[2369,2385,2364,2292,2405,2372,2363,2429,2309,2432,2325,2303,2310,2307,2395,2305,2306,2354,2359,2352,2308,2304,2404],"product_tag":[],"class_list":{"0":"post-8627","1":"product","2":"type-product","3":"status-publish","4":"has-post-thumbnail","6":"product_cat-akrepi-sq","7":"product_cat-bardhe","8":"product_cat-binjaket","9":"product_cat-crystal-jewelry-sq","10":"product_cat-blej-sipas","11":"product_cat-blej-sipas-ngjyres","12":"product_cat-bricjapi","13":"product_cat-format","14":"product_cat-fyti","15":"product_cat-heksagon","16":"product_cat-hualit","17":"product_cat-kurora","18":"product_cat-llojet-e-gurve-te-cmuar","19":"product_cat-pleksusi-diellor","20":"product_cat-pendant-sq","21":"product_cat-rrenja","22":"product_cat-sakrale","23":"product_cat-shendet-balans","24":"product_cat-shenjat-e-horoskopit","25":"product_cat-qellim","26":"product_cat-syri-i-trete","27":"product_cat-zemra","28":"product_cat-zona-e-cakres","30":"first","31":"instock","32":"shipping-taxable","33":"purchasable","34":"product-type-simple"},"_links":{"self":[{"href":"https:\/\/tinacrystals.com\/sq\/wp-json\/wp\/v2\/product\/8627","targetHints":{"allow":["GET"]}}],"collection":[{"href":"https:\/\/tinacrystals.com\/sq\/wp-json\/wp\/v2\/product"}],"about":[{"href":"https:\/\/tinacrystals.com\/sq\/wp-json\/wp\/v2\/types\/product"}],"replies":[{"embeddable":true,"href":"https:\/\/tinacrystals.com\/sq\/wp-json\/wp\/v2\/comments?post=8627"}],"wp:featuredmedia":[{"embeddable":true,"href":"https:\/\/tinacrystals.com\/sq\/wp-json\/wp\/v2\/media\/8073"}],"wp:attachment":[{"href":"https:\/\/tinacrystals.com\/sq\/wp-json\/wp\/v2\/media?parent=8627"}],"wp:term":[{"taxonomy":"product_brand","embeddable":true,"href":"https:\/\/tinacrystals.com\/sq\/wp-json\/wp\/v2\/product_brand?post=8627"},{"taxonomy":"product_cat","embeddable":true,"href":"https:\/\/tinacrystals.com\/sq\/wp-json\/wp\/v2\/product_cat?post=8627"},{"taxonomy":"product_tag","embeddable":true,"href":"https:\/\/tinacrystals.com\/sq\/wp-json\/wp\/v2\/product_tag?post=8627"}],"curies":[{"name":"wp","href":"https:\/\/api.w.org\/{rel}","templated":true}]}}