{"id":8642,"date":"2022-01-31T08:01:18","date_gmt":"2022-01-31T08:01:20","guid":{"rendered":"http:\/\/tinacrystals.com\/?post_type=product&#038;p=8642"},"modified":"2022-06-10T11:23:46","modified_gmt":"2022-06-10T09:23:46","slug":"agati-blu-plumb-gjashtekendesh","status":"publish","type":"product","link":"https:\/\/tinacrystals.com\/sq\/product\/agati-blu-plumb-gjashtekendesh\/","title":{"rendered":"Agati Blu Plumb Gjasht\u00ebk\u00ebnd\u00ebsh"},"content":{"rendered":"<p><strong>HOROSKOPI<\/strong>: Binjak\u00ebt<\/p>\n<p><strong>CHAKRA<\/strong>: Kuror\u00eb<\/p>\n<p>&nbsp;<\/p>\n<p><em><strong>Agat<\/strong> <\/em>do t\u00eb thot\u00eb sh\u00ebrim dhe tok\u00ebzim.<\/p>\n<p>&nbsp;<\/p>\n<p><em><strong>Sh\u00ebrimi shpirt\u00ebror:<\/strong><\/em><\/p>\n<p>Agati Blu ngre vet\u00ebdijen dhe lidhet me vet\u00ebdijen e jet\u00ebs.<\/p>\n<p>Ai inkurajon soditjen e qet\u00eb t\u00eb p\u00ebrvojave tuaja t\u00eb jet\u00ebs q\u00eb \u00e7ojn\u00eb n\u00eb rritje shpirt\u00ebrore dhe stabilitet t\u00eb brendsh\u00ebm.<\/p>\n<p>&nbsp;<\/p>\n<p><em><strong>Sh\u00ebrimi fizik:<\/strong><\/em><\/p>\n<p>P\u00ebr ata q\u00eb luftojn\u00eb nga problemet e stomakut dhe problemet e tretjes, agati blu\u00a0 mund t\u00eb jet\u00eb kristali sh\u00ebrues q\u00eb ju nevojitet p\u00ebr t\u00eb funksionuar mir\u00eb sistemin tuaj.<\/p>\n<p>Mbajtja e nj\u00eb agati blu\u00a0 n\u00eb mes t\u00eb gjoksit forcon muskujt e zemr\u00ebs dhe sh\u00ebron disharmonin\u00eb emocionale q\u00eb pengon pranimin e dashuris\u00eb.<\/p>\n<p>&nbsp;<\/p>\n<p><em><strong>Sh\u00ebrimi emocional:<\/strong><\/em><\/p>\n<p>Agati blu \u00ebsht\u00eb m\u00eb shum\u00eb p\u00ebr t&#8217;ju dh\u00ebn\u00eb nj\u00eb baz\u00eb t\u00eb shk\u00eblqyer n\u00eb realitet dhe p\u00ebr t\u00eb siguruar q\u00eb t\u00eb q\u00ebndroni t\u00eb ekuilibruar n\u00eb t\u00eb menduarit tuaj.<\/p>\n<p>Agati blu mund t&#8217;ju inkurajoj\u00eb t\u00eb p\u00ebrdorni pusin tuaj t\u00eb thell\u00eb t\u00eb intuit\u00ebs, t\u00eb lidheni me ndjenj\u00ebn tuaj t\u00eb njohurive dhe t\u00eb k\u00ebrkoni nga brenda p\u00ebr p\u00ebrgjigjet dhe jo forcat e jashtme.<\/p>\n<p>&nbsp;<\/p>\n<p><em><strong>Pastroni dhe rimbushni:<\/strong><\/em><\/p>\n<p>Ju mund ta pastroni gurin leht\u00ebsisht duke p\u00ebrdorur uj\u00eb t\u00eb ngroht\u00eb me sapun dhe nj\u00eb leck\u00eb t\u00eb but\u00eb. Shmangni kimikatet e forta gjat\u00eb pastrimit t\u00eb gurit.<\/p>\n<p>Ju mund ta rimbusni gurin me tym sherebele ose thjesht duke e mbajtur n\u00eb dor\u00eb dhe duke th\u00ebn\u00eb pohime pozitive drejt kristalit.<\/p>\n","protected":false},"excerpt":{"rendered":"<p>Dimenzioni 22x9mm<\/p>\n","protected":false},"featured_media":8058,"comment_status":"open","ping_status":"closed","template":"","meta":[],"product_brand":[],"product_cat":[2401,2364,2292,2405,2372,2374,2358,2429,2432,2303,2310,2395,2359,2352,2404],"product_tag":[],"class_list":{"0":"post-8642","1":"product","2":"type-product","3":"status-publish","4":"has-post-thumbnail","6":"product_cat-agate-sq","7":"product_cat-binjaket","8":"product_cat-crystal-jewelry-sq","9":"product_cat-blej-sipas","10":"product_cat-blej-sipas-ngjyres","11":"product_cat-blu","12":"product_cat-force-stabilitet","13":"product_cat-format","14":"product_cat-heksagon","15":"product_cat-kurora","16":"product_cat-llojet-e-gurve-te-cmuar","17":"product_cat-pendant-sq","18":"product_cat-shenjat-e-horoskopit","19":"product_cat-qellim","20":"product_cat-zona-e-cakres","22":"first","23":"outofstock","24":"shipping-taxable","25":"purchasable","26":"product-type-simple"},"_links":{"self":[{"href":"https:\/\/tinacrystals.com\/sq\/wp-json\/wp\/v2\/product\/8642","targetHints":{"allow":["GET"]}}],"collection":[{"href":"https:\/\/tinacrystals.com\/sq\/wp-json\/wp\/v2\/product"}],"about":[{"href":"https:\/\/tinacrystals.com\/sq\/wp-json\/wp\/v2\/types\/product"}],"replies":[{"embeddable":true,"href":"https:\/\/tinacrystals.com\/sq\/wp-json\/wp\/v2\/comments?post=8642"}],"wp:featuredmedia":[{"embeddable":true,"href":"https:\/\/tinacrystals.com\/sq\/wp-json\/wp\/v2\/media\/8058"}],"wp:attachment":[{"href":"https:\/\/tinacrystals.com\/sq\/wp-json\/wp\/v2\/media?parent=8642"}],"wp:term":[{"taxonomy":"product_brand","embeddable":true,"href":"https:\/\/tinacrystals.com\/sq\/wp-json\/wp\/v2\/product_brand?post=8642"},{"taxonomy":"product_cat","embeddable":true,"href":"https:\/\/tinacrystals.com\/sq\/wp-json\/wp\/v2\/product_cat?post=8642"},{"taxonomy":"product_tag","embeddable":true,"href":"https:\/\/tinacrystals.com\/sq\/wp-json\/wp\/v2\/product_tag?post=8642"}],"curies":[{"name":"wp","href":"https:\/\/api.w.org\/{rel}","templated":true}]}}