{"id":8669,"date":"2022-01-31T08:32:59","date_gmt":"2022-01-31T08:33:00","guid":{"rendered":"http:\/\/tinacrystals.com\/?post_type=product&#038;p=8669"},"modified":"2022-06-09T10:18:06","modified_gmt":"2022-06-09T08:18:06","slug":"agati-indian-gourd","status":"publish","type":"product","link":"https:\/\/tinacrystals.com\/sq\/product\/agati-indian-gourd\/","title":{"rendered":"Agati Indian Kungull"},"content":{"rendered":"<p><strong>HOROSKOPI<\/strong>: Peshorja, Dashi<br \/>\n<strong>CHAKRA<\/strong>: Sakrale<\/p>\n<p>Thuhet se ka fuqi mistike q\u00eb kan\u00eb humbur prej koh\u00ebsh n\u00eb shkrimet e lashta. Burrat e shenjt\u00eb veshin <strong><em>agat indian<\/em><\/strong> deri m\u00eb sot p\u00ebr hyjnin\u00eb e tij.<\/p>\n<p><strong><em>Sh\u00ebrimi shpirt\u00ebror:<\/em><\/strong><br \/>\nAgati Indian ju mbush me vet\u00ebbesim nd\u00ebrsa ju mbron kund\u00ebr negativitetit q\u00eb mund t\u00eb ul\u00eb produktivitetin tuaj.<br \/>\nJu m\u00ebson t\u00eb kaloni sfidat dhe t\u00eb forconi marr\u00ebdh\u00ebnien tuaj.<\/p>\n<p><strong><em>Sh\u00ebrimi fizik:<\/em><\/strong><br \/>\nAgati Indian \u00ebsht\u00eb shum\u00eb i dobish\u00ebm p\u00ebr syt\u00eb tuaj.<br \/>\n\u00cbsht\u00eb gjithashtu i p\u00ebrshtatsh\u00ebm p\u00ebr sh\u00ebrimin e organeve tuaja si zorr\u00ebt, uterusi dhe stomaku.<br \/>\nBesohet se ndihmon n\u00eb reduktimin e simptomave t\u00eb epilepsis\u00eb.<br \/>\nAgati Indian gjithashtu stimulon sh\u00ebrimin e indeve t\u00eb muskujve, rrjedhjen e gjakut, metabolizmin dhe sistemin tret\u00ebs.<\/p>\n<p><strong><em>Sh\u00ebrimi emocional:<\/em><\/strong><br \/>\nAgati Indian ndihmon n\u00eb promovimin e besimit dhe vet\u00eb-pranimit.<br \/>\nSh\u00ebron zem\u00ebrimin dhe emocionet negative dhe ju jep guxim p\u00ebr t\u00eb filluar nga e para.<br \/>\nKjo \u00ebsht\u00eb arsyeja pse ky kristal \u00ebsht\u00eb m\u00eb i miri p\u00ebr sh\u00ebrim.<\/p>\n<p><strong><em>Pastroni dhe rimbushni:<\/em><\/strong><br \/>\nFatmir\u00ebsisht, kristali i agatitit indian \u00ebsht\u00eb nj\u00eb gur i \u00e7muar i fort\u00eb, prandaj mund ta pastroni leht\u00ebsisht me uj\u00eb me sapun dhe m\u00eb pas ta thani. Ju gjithashtu mund ta pastroni kristalin duke e l\u00ebn\u00eb n\u00ebn uj\u00eb p\u00ebr disa minuta ose t\u00eb p\u00ebrdorni tym sherebele q\u00eb t\u00eb mund ta pastroj\u00eb at\u00eb.<br \/>\nPasi t\u00eb zgjidhni m\u00ebnyr\u00ebn tuaj t\u00eb pastrimit t\u00eb kristalit, mbajeni n\u00eb dor\u00eb dhe p\u00ebrdorni fjal\u00eb pozitive ndaj tij, n\u00eb m\u00ebnyr\u00eb q\u00eb t\u00eb rifitoj\u00eb fuqit\u00eb e tij. B\u00ebni k\u00ebt\u00eb metod\u00eb sa her\u00eb q\u00eb mendoni se kristali \u00ebsht\u00eb tejmbushur dhe duhet pastruar.<\/p>\n","protected":false},"excerpt":{"rendered":"<p>Dimenzioni 20X15mm<\/p>\n","protected":false},"featured_media":7974,"comment_status":"open","ping_status":"closed","template":"","meta":[],"product_brand":[],"product_cat":[2401,2292,2405,2372,2361,2429,2431,2310,2357,2366,2395,2306,2359,2380,2352,2404],"product_tag":[],"class_list":{"0":"post-8669","1":"product","2":"type-product","3":"status-publish","4":"has-post-thumbnail","6":"product_cat-agate-sq","7":"product_cat-crystal-jewelry-sq","8":"product_cat-blej-sipas","9":"product_cat-blej-sipas-ngjyres","10":"product_cat-dashi","11":"product_cat-format","12":"product_cat-kungull","13":"product_cat-llojet-e-gurve-te-cmuar","14":"product_cat-mbrotje-paqe","15":"product_cat-peshorja","16":"product_cat-pendant-sq","17":"product_cat-sakrale","18":"product_cat-shenjat-e-horoskopit","19":"product_cat-shumengjyresh","20":"product_cat-qellim","21":"product_cat-zona-e-cakres","23":"first","24":"instock","25":"shipping-taxable","26":"purchasable","27":"product-type-simple"},"_links":{"self":[{"href":"https:\/\/tinacrystals.com\/sq\/wp-json\/wp\/v2\/product\/8669","targetHints":{"allow":["GET"]}}],"collection":[{"href":"https:\/\/tinacrystals.com\/sq\/wp-json\/wp\/v2\/product"}],"about":[{"href":"https:\/\/tinacrystals.com\/sq\/wp-json\/wp\/v2\/types\/product"}],"replies":[{"embeddable":true,"href":"https:\/\/tinacrystals.com\/sq\/wp-json\/wp\/v2\/comments?post=8669"}],"wp:featuredmedia":[{"embeddable":true,"href":"https:\/\/tinacrystals.com\/sq\/wp-json\/wp\/v2\/media\/7974"}],"wp:attachment":[{"href":"https:\/\/tinacrystals.com\/sq\/wp-json\/wp\/v2\/media?parent=8669"}],"wp:term":[{"taxonomy":"product_brand","embeddable":true,"href":"https:\/\/tinacrystals.com\/sq\/wp-json\/wp\/v2\/product_brand?post=8669"},{"taxonomy":"product_cat","embeddable":true,"href":"https:\/\/tinacrystals.com\/sq\/wp-json\/wp\/v2\/product_cat?post=8669"},{"taxonomy":"product_tag","embeddable":true,"href":"https:\/\/tinacrystals.com\/sq\/wp-json\/wp\/v2\/product_tag?post=8669"}],"curies":[{"name":"wp","href":"https:\/\/api.w.org\/{rel}","templated":true}]}}