{"id":9198,"date":"2022-02-05T10:42:20","date_gmt":"2022-02-05T10:42:22","guid":{"rendered":"http:\/\/tinacrystals.com\/?post_type=product&#038;p=9198"},"modified":"2022-05-11T10:31:26","modified_gmt":"2022-05-11T08:31:26","slug":"zhade-vjollce-byzylik","status":"publish","type":"product","link":"https:\/\/tinacrystals.com\/sq\/product\/zhade-vjollce-byzylik\/","title":{"rendered":"Zhadi Vjollc\u00eb Byzylik"},"content":{"rendered":"<p><strong>HOROSKOPI<\/strong>: T\u00eb gjitha<\/p>\n<p><strong>CHAKRA<\/strong>: Zem\u00ebr<\/p>\n<p>&nbsp;<\/p>\n<p>Ngjyra e <em><strong>Zhades Vjollc\u00eb<\/strong><\/em> besohet se ka ndikim n\u00eb vetit\u00eb metafizike.<\/p>\n<p>&nbsp;<\/p>\n<p><em><strong>Sh\u00ebrimi shpirt\u00ebror:<\/strong><\/em><\/p>\n<p>Do t&#8217;ju sjell\u00eb g\u00ebzim dhe harmoni n\u00ebse e vishni ose e keni pran\u00eb. Gjithashtu do t&#8217;ju sjell\u00eb ndjenja pozitive.<\/p>\n<p>Do t&#8217;ju sh\u00ebroj\u00eb shpirtin nga mendimet negative dhe do t&#8217;ju ndihmoj\u00eb t\u00eb jeni m\u00eb t\u00eb qet\u00eb p\u00ebr situata t\u00eb ndryshme q\u00eb mund t\u00eb ndodhin.<\/p>\n<p>&nbsp;<\/p>\n<p><em><strong>Sh\u00ebrimi fizik:<\/strong><\/em><\/p>\n<p>Zhadja Vjollc\u00eb \u00ebsht\u00eb n\u00eb gjendje t\u00eb ndihmoj\u00eb n\u00eb zbutjen e simptomave t\u00eb problemeve t\u00eb lidhura me tiroidet dhe shpretk\u00ebn, si dhe problemet e tretjes.<\/p>\n<p>Gjithashtu ndihmon n\u00eb sh\u00ebrimin e lodhjes kronike, si dhe n\u00eb rritjen e kapaciteteve t\u00eb p\u00ebrgjithshme njoh\u00ebse dhe frym\u00ebzimit krijues.<\/p>\n<p>&nbsp;<\/p>\n<p><em><strong>Sh\u00ebrimi emocional:<\/strong><\/em><\/p>\n<p>Zhadja Vjollc\u00eb \u00ebsht\u00eb nj\u00eb sistem v\u00ebrtet i mrekulluesh\u00ebm mb\u00ebshtet\u00ebs p\u00ebr t&#8217;ju inkurajuar t\u00eb krijoni nj\u00eb version m\u00eb t\u00eb sigurt t\u00eb vetes.<\/p>\n<p>Kristali flet p\u00ebr men\u00e7urin\u00eb tuaj t\u00eb thell\u00eb dhe t\u00eb v\u00ebrtet\u00ebn m\u00eb t\u00eb lart\u00eb, duke ju lejuar k\u00ebshtu t\u00eb jetoni nj\u00eb ekzistenc\u00eb m\u00eb t\u00eb bazuar dhe paq\u00ebsore.<\/p>\n<p><em><strong>Pastroni dhe rimbushni:<\/strong><\/em><\/p>\n<p>M\u00ebnyra m\u00eb e mir\u00eb p\u00ebr pastrimin e k\u00ebtij guri \u00ebsht\u00eb nj\u00eb uj\u00eb i ngroht\u00eb me sapun dhe nj\u00eb leck\u00eb ose fur\u00e7\u00eb e but\u00eb p\u00ebr t\u00eb eleminuar papast\u00ebrtit\u00eb.<\/p>\n","protected":false},"excerpt":{"rendered":"<p>HOROSKOPI: T\u00eb gjitha CHAKRA: Zem\u00ebr &nbsp; Ngjyra e Zhades Vjollc\u00eb besohet se ka ndikim n\u00eb vetit\u00eb metafizike. &nbsp; Sh\u00ebrimi shpirt\u00ebror: Do t&#8217;ju sjell\u00eb g\u00ebzim dhe harmoni<span class=\"excerpt-hellip\"> [\u2026]<\/span><\/p>\n","protected":false},"featured_media":21934,"comment_status":"open","ping_status":"closed","template":"","meta":[],"product_brand":[],"product_cat":[2369,2364,2292,2405,2372,2363,2388,2393,2361,2370,2358,2362,2310,2365,2357,2366,2367,2359,2368,2352,2360,2371,2383,2326,2304,2404],"product_tag":[],"class_list":{"0":"post-9198","1":"product","2":"type-product","3":"status-publish","4":"has-post-thumbnail","6":"product_cat-akrepi-sq","7":"product_cat-binjaket","8":"product_cat-crystal-jewelry-sq","9":"product_cat-blej-sipas","10":"product_cat-blej-sipas-ngjyres","11":"product_cat-bricjapi","12":"product_cat-bracelet-sq","13":"product_cat-cips","14":"product_cat-dashi","15":"product_cat-demi","16":"product_cat-force-stabilitet","17":"product_cat-gaforrja","18":"product_cat-llojet-e-gurve-te-cmuar","19":"product_cat-luani","20":"product_cat-mbrotje-paqe","21":"product_cat-peshorja","22":"product_cat-peshqit","23":"product_cat-shenjat-e-horoskopit","24":"product_cat-shigjetari","25":"product_cat-qellim","26":"product_cat-ujori","27":"product_cat-virgjersha","28":"product_cat-vjollce","29":"product_cat-xhade","30":"product_cat-zemra","31":"product_cat-zona-e-cakres","33":"first","34":"instock","35":"shipping-taxable","36":"purchasable","37":"product-type-variable"},"_links":{"self":[{"href":"https:\/\/tinacrystals.com\/sq\/wp-json\/wp\/v2\/product\/9198","targetHints":{"allow":["GET"]}}],"collection":[{"href":"https:\/\/tinacrystals.com\/sq\/wp-json\/wp\/v2\/product"}],"about":[{"href":"https:\/\/tinacrystals.com\/sq\/wp-json\/wp\/v2\/types\/product"}],"replies":[{"embeddable":true,"href":"https:\/\/tinacrystals.com\/sq\/wp-json\/wp\/v2\/comments?post=9198"}],"wp:featuredmedia":[{"embeddable":true,"href":"https:\/\/tinacrystals.com\/sq\/wp-json\/wp\/v2\/media\/21934"}],"wp:attachment":[{"href":"https:\/\/tinacrystals.com\/sq\/wp-json\/wp\/v2\/media?parent=9198"}],"wp:term":[{"taxonomy":"product_brand","embeddable":true,"href":"https:\/\/tinacrystals.com\/sq\/wp-json\/wp\/v2\/product_brand?post=9198"},{"taxonomy":"product_cat","embeddable":true,"href":"https:\/\/tinacrystals.com\/sq\/wp-json\/wp\/v2\/product_cat?post=9198"},{"taxonomy":"product_tag","embeddable":true,"href":"https:\/\/tinacrystals.com\/sq\/wp-json\/wp\/v2\/product_tag?post=9198"}],"curies":[{"name":"wp","href":"https:\/\/api.w.org\/{rel}","templated":true}]}}