{"id":9310,"date":"2022-02-05T12:11:28","date_gmt":"2022-02-05T12:11:30","guid":{"rendered":"http:\/\/tinacrystals.com\/?post_type=product&#038;p=9310"},"modified":"2022-02-14T08:31:00","modified_gmt":"2022-02-14T08:31:00","slug":"agati-i-kuq-byzylik","status":"publish","type":"product","link":"https:\/\/tinacrystals.com\/sq\/product\/agati-i-kuq-byzylik\/","title":{"rendered":"Agati i Kuq Byzylik"},"content":{"rendered":"<p><strong>HOROSKOPI<\/strong>: Binjak\u00ebt, Gaforja, Virgj\u00ebresha<br \/>\n<strong>CHAKRA<\/strong>: Syri i tret\u00eb<\/p>\n<p><strong><em>Agat i kuq<\/em><\/strong> i njohur edhe si dantella e lumtur, ky gur ka nj\u00eb energji ngrit\u00ebse duke sjell\u00eb g\u00ebzim dhe lumturi n\u00eb jet\u00ebn tuaj.<\/p>\n<p><strong><em>Sh\u00ebrimi shprt\u00ebror:<\/em><\/strong><br \/>\nAgati i Kuq p\u00ebrshtatet me shpesht\u00ebsin\u00eb e drejt\u00ebsis\u00eb dhe ofron ndihm\u00eb p\u00ebr k\u00ebdo q\u00eb p\u00ebrpiqet t\u00eb korrigjoj\u00eb nj\u00eb situat\u00eb t\u00eb padrejt\u00eb.<br \/>\nOfron njohuri p\u00ebr m\u00ebnyr\u00ebn m\u00eb t\u00eb mir\u00eb p\u00ebr ta arritur k\u00ebt\u00eb dhe ndihmon n\u00eb nxjerrjen n\u00eb drit\u00eb t\u00eb problemeve t\u00eb ardhshme p\u00ebrpara se ato t\u00eb b\u00ebhen shum\u00eb t\u00eb m\u00ebdha.<\/p>\n<p><strong><em>Sh\u00ebrimi fizik:<\/em><\/strong><br \/>\nP\u00ebr shkak t\u00eb aft\u00ebsis\u00eb s\u00eb tij p\u00ebr t\u00eb ndihmuar n\u00eb gjenerimin e indeve t\u00eb muskujve, ky kristal mund t\u00eb jet\u00eb i dobish\u00ebm n\u00eb ngritjen e peshave dhe nd\u00ebrtimin e trupit, dhe p\u00ebr t\u00eb rritur efektet e ushtrimeve.<br \/>\nAi lejon q\u00eb energjia t\u00eb rrjedh\u00eb lirsh\u00ebm n\u00ebp\u00ebr trup.<br \/>\nAi forcon zemr\u00ebn dhe p\u00ebrmir\u00ebson qarkullimin, dhe mund t\u00eb jet\u00eb i dobish\u00ebm n\u00eb trajtimin e anemis\u00eb, dhe s\u00ebmundjeve t\u00eb zemr\u00ebs.<\/p>\n<p><strong><em>Sh\u00ebrimi emocional:<\/em><\/strong><br \/>\nAgati i kuq \u00ebsht\u00eb nj\u00eb kujtes\u00eb e ndritshme, e prekshme dhe nj\u00eb nd\u00ebrtues i madh besimi.<br \/>\nRrit pozitivitetin dhe sjell g\u00ebzim n\u00eb zem\u00ebr, zem\u00ebrimin me dashuri, rrit lumturin\u00eb dhe ju jep kuraj\u00eb p\u00ebr t\u00eb filluar p\u00ebrs\u00ebri.<\/p>\n<p><strong><em>Pastroni dhe rimbushni:<\/em><\/strong><br \/>\nM\u00ebnyra m\u00eb e leht\u00eb p\u00ebr t\u00eb pastruar agatin tuaj t\u00eb kuq \u00ebsht\u00eb larja me uj\u00eb t\u00eb vak\u00ebt p\u00ebr 3-5 minuta.<br \/>\nRimbushja: Kaloni agatin e kuq p\u00ebrmes flak\u00ebs s\u00eb nj\u00eb qiri t\u00eb kuq.<\/p>\n","protected":false},"excerpt":{"rendered":"<p>HOROSKOPI: Binjak\u00ebt, Gaforja, Virgj\u00ebresha CHAKRA: Syri i tret\u00eb Agat i kuq i njohur edhe si dantella e lumtur, ky gur ka nj\u00eb energji ngrit\u00ebse duke sjell\u00eb<span class=\"excerpt-hellip\"> [\u2026]<\/span><\/p>\n","protected":false},"featured_media":21904,"comment_status":"open","ping_status":"closed","template":"","meta":[],"product_brand":[],"product_cat":[2401,2364,2292,2405,2372,2388,2393,2362,2343,2384,2310,2353,2354,2359,2352,2308,2371,2404],"product_tag":[],"class_list":{"0":"post-9310","1":"product","2":"type-product","3":"status-publish","4":"has-post-thumbnail","6":"product_cat-agate-sq","7":"product_cat-binjaket","8":"product_cat-crystal-jewelry-sq","9":"product_cat-blej-sipas","10":"product_cat-blej-sipas-ngjyres","11":"product_cat-bracelet-sq","12":"product_cat-cips","13":"product_cat-gaforrja","14":"product_cat-kuarci-i-kuq","15":"product_cat-kuq","16":"product_cat-llojet-e-gurve-te-cmuar","17":"product_cat-lumturi-vetebesim","18":"product_cat-shendet-balans","19":"product_cat-shenjat-e-horoskopit","20":"product_cat-qellim","21":"product_cat-syri-i-trete","22":"product_cat-virgjersha","23":"product_cat-zona-e-cakres","25":"first","26":"instock","27":"shipping-taxable","28":"purchasable","29":"product-type-variable"},"_links":{"self":[{"href":"https:\/\/tinacrystals.com\/sq\/wp-json\/wp\/v2\/product\/9310","targetHints":{"allow":["GET"]}}],"collection":[{"href":"https:\/\/tinacrystals.com\/sq\/wp-json\/wp\/v2\/product"}],"about":[{"href":"https:\/\/tinacrystals.com\/sq\/wp-json\/wp\/v2\/types\/product"}],"replies":[{"embeddable":true,"href":"https:\/\/tinacrystals.com\/sq\/wp-json\/wp\/v2\/comments?post=9310"}],"wp:featuredmedia":[{"embeddable":true,"href":"https:\/\/tinacrystals.com\/sq\/wp-json\/wp\/v2\/media\/21904"}],"wp:attachment":[{"href":"https:\/\/tinacrystals.com\/sq\/wp-json\/wp\/v2\/media?parent=9310"}],"wp:term":[{"taxonomy":"product_brand","embeddable":true,"href":"https:\/\/tinacrystals.com\/sq\/wp-json\/wp\/v2\/product_brand?post=9310"},{"taxonomy":"product_cat","embeddable":true,"href":"https:\/\/tinacrystals.com\/sq\/wp-json\/wp\/v2\/product_cat?post=9310"},{"taxonomy":"product_tag","embeddable":true,"href":"https:\/\/tinacrystals.com\/sq\/wp-json\/wp\/v2\/product_tag?post=9310"}],"curies":[{"name":"wp","href":"https:\/\/api.w.org\/{rel}","templated":true}]}}