{"id":9322,"date":"2022-02-05T12:11:32","date_gmt":"2022-02-05T12:11:35","guid":{"rendered":"http:\/\/tinacrystals.com\/?post_type=product&#038;p=9322"},"modified":"2022-05-11T10:28:08","modified_gmt":"2022-05-11T08:28:08","slug":"prehnite-byzylik","status":"publish","type":"product","link":"https:\/\/tinacrystals.com\/sq\/product\/prehnite-byzylik\/","title":{"rendered":"Prehnit Byzylik"},"content":{"rendered":"<p><strong>HOROSKOPI<\/strong>: T\u00eb gjitha, ve\u00e7an\u00ebrisht me Peshoren<br \/>\n<strong>CHAKRA<\/strong>: Syri i tret\u00eb, Zemra, Pleksusi Diellor, Rr\u00ebnja<\/p>\n<p><strong><em>Prehniti <\/em><\/strong>dihet se &#8220;sh\u00ebron sh\u00ebruesin&#8221;, \u00ebsht\u00eb nj\u00eb gur dashurie dhe sh\u00ebrimi pa kushte.<\/p>\n<p><strong><em>Sh\u00ebrimi shpirt\u00ebror:<\/em><\/strong><br \/>\nKristali p\u00ebrmir\u00ebson bukur cil\u00ebsit\u00eb e shpirtit dhe sigurisht ndihmon n\u00eb vizualizimin p\u00ebrmes lidhjes me qeniet m\u00eb t\u00eb larta.<br \/>\nGjithmon\u00eb ju kujton t&#8217;i q\u00ebndroni besnik\u00eb vetes dhe t\u00eb jeni gjithmon\u00eb pranues dhe fal\u00ebs.<\/p>\n<p><strong><em>Sh\u00ebrimi fizik:<\/em><\/strong><br \/>\nPrehniti ndihmon n\u00eb rregullimin e ujit dhe p\u00ebrthithjen m\u00eb t\u00eb mir\u00eb t\u00eb vitaminave dhe mineraleve n\u00eb trup.<br \/>\nThuhet se ky kristal mbron flok\u00ebt tuaj kund\u00ebr thinjave t\u00eb parakohshme dhe ruan ngjyr\u00ebn e tij t\u00eb gjall\u00eb t\u00eb flok\u00ebve deri n\u00eb pleq\u00ebri.<br \/>\nAi leht\u00ebson problemet e sistemit nervor, si dhe sistemin tuaj t\u00eb qarkullimit t\u00eb gjakut dhe zemr\u00ebn.<\/p>\n<p><strong><em>Sh\u00ebrimi emocional:<\/em><\/strong><br \/>\nPrehniti thuhet se stimulon energjin\u00eb duke ju dh\u00ebn\u00eb gjithashtu nj\u00eb ndjenj\u00eb qet\u00ebsie q\u00eb largon \u00e7do stres, ankth apo depresion.<br \/>\nMund t&#8217;ju ndihmoj\u00eb t\u00eb p\u00ebrballeni me kujtimet e grumbulluara dhe t\u00eb fshehura dhe t\u00eb \u00e7lironi ndjenjat dhe emocionet e pak\u00ebndshme q\u00eb lidhen me to.<\/p>\n<p><strong><em>Pastroni dhe rimbushni:<\/em><\/strong><br \/>\nM\u00ebnyra m\u00eb e mir\u00eb p\u00ebr t\u00eb pastruar Prehnitin \u00ebsht\u00eb ta lani at\u00eb n\u00eb uj\u00eb, mund t\u00eb jet\u00eb uj\u00eb i fresk\u00ebt, por rekomandohet v\u00ebrtet p\u00ebrdorimi i ujit natyral si uji i shiut, uji i liqenit ose i detit etj.<br \/>\nPas pastrimit t\u00eb kristalit, l\u00ebreni n\u00ebn h\u00ebn\u00ebn e plot\u00eb gjat\u00eb nat\u00ebs n\u00eb m\u00ebnyr\u00eb q\u00eb t\u00eb rifitoj\u00eb energjin\u00eb e tij.<\/p>\n","protected":false},"excerpt":{"rendered":"<p>HOROSKOPI: T\u00eb gjitha, ve\u00e7an\u00ebrisht me Peshoren CHAKRA: Syri i tret\u00eb, Zemra, Pleksusi Diellor, Rr\u00ebnja Prehniti dihet se &#8220;sh\u00ebron sh\u00ebruesin&#8221;, \u00ebsht\u00eb nj\u00eb gur dashurie dhe sh\u00ebrimi pa<span class=\"excerpt-hellip\"> [\u2026]<\/span><\/p>\n","protected":false},"featured_media":21901,"comment_status":"open","ping_status":"closed","template":"","meta":[],"product_brand":[],"product_cat":[2369,2364,2292,2405,2372,2363,2388,2393,2361,2370,2358,2362,2379,2310,2365,2353,2366,2367,2307,2340,2305,2359,2368,2352,2308,2360,2371,2304,2404],"product_tag":[],"class_list":{"0":"post-9322","1":"product","2":"type-product","3":"status-publish","4":"has-post-thumbnail","6":"product_cat-akrepi-sq","7":"product_cat-binjaket","8":"product_cat-crystal-jewelry-sq","9":"product_cat-blej-sipas","10":"product_cat-blej-sipas-ngjyres","11":"product_cat-bricjapi","12":"product_cat-bracelet-sq","13":"product_cat-cips","14":"product_cat-dashi","15":"product_cat-demi","16":"product_cat-force-stabilitet","17":"product_cat-gaforrja","18":"product_cat-gjelbert","19":"product_cat-llojet-e-gurve-te-cmuar","20":"product_cat-luani","21":"product_cat-lumturi-vetebesim","22":"product_cat-peshorja","23":"product_cat-peshqit","24":"product_cat-pleksusi-diellor","25":"product_cat-prehnite-sq","26":"product_cat-rrenja","27":"product_cat-shenjat-e-horoskopit","28":"product_cat-shigjetari","29":"product_cat-qellim","30":"product_cat-syri-i-trete","31":"product_cat-ujori","32":"product_cat-virgjersha","33":"product_cat-zemra","34":"product_cat-zona-e-cakres","36":"first","37":"instock","38":"shipping-taxable","39":"purchasable","40":"product-type-variable"},"_links":{"self":[{"href":"https:\/\/tinacrystals.com\/sq\/wp-json\/wp\/v2\/product\/9322","targetHints":{"allow":["GET"]}}],"collection":[{"href":"https:\/\/tinacrystals.com\/sq\/wp-json\/wp\/v2\/product"}],"about":[{"href":"https:\/\/tinacrystals.com\/sq\/wp-json\/wp\/v2\/types\/product"}],"replies":[{"embeddable":true,"href":"https:\/\/tinacrystals.com\/sq\/wp-json\/wp\/v2\/comments?post=9322"}],"wp:featuredmedia":[{"embeddable":true,"href":"https:\/\/tinacrystals.com\/sq\/wp-json\/wp\/v2\/media\/21901"}],"wp:attachment":[{"href":"https:\/\/tinacrystals.com\/sq\/wp-json\/wp\/v2\/media?parent=9322"}],"wp:term":[{"taxonomy":"product_brand","embeddable":true,"href":"https:\/\/tinacrystals.com\/sq\/wp-json\/wp\/v2\/product_brand?post=9322"},{"taxonomy":"product_cat","embeddable":true,"href":"https:\/\/tinacrystals.com\/sq\/wp-json\/wp\/v2\/product_cat?post=9322"},{"taxonomy":"product_tag","embeddable":true,"href":"https:\/\/tinacrystals.com\/sq\/wp-json\/wp\/v2\/product_tag?post=9322"}],"curies":[{"name":"wp","href":"https:\/\/api.w.org\/{rel}","templated":true}]}}