{"id":9334,"date":"2022-02-05T12:11:37","date_gmt":"2022-02-05T12:11:40","guid":{"rendered":"http:\/\/tinacrystals.com\/?post_type=product&#038;p=9334"},"modified":"2022-05-11T10:26:54","modified_gmt":"2022-05-11T08:26:54","slug":"mookaite-byzylik","status":"publish","type":"product","link":"https:\/\/tinacrystals.com\/sq\/product\/mookaite-byzylik\/","title":{"rendered":"Mokait Byzylik"},"content":{"rendered":"<p><strong>HOROSKOPI<\/strong>: Luani<br \/>\n<strong>CHAKRA<\/strong>: Rr\u00ebnja, Sakrale, Pleksusi Diellor<\/p>\n<p><strong><em>Mookait <\/em><\/strong>p\u00ebrqafon fuqin\u00eb e nj\u00eb shpirti pa mosh\u00eb, duke e ndihmuar dik\u00eb t\u00eb kuptoj\u00eb se sa ngusht\u00eb punojn\u00eb s\u00eb bashku mendja dhe trupi.<\/p>\n<p><strong><em>Sh\u00ebrimi shpirt\u00ebror:<\/em><\/strong><br \/>\nMookait mund t\u00eb siguroj\u00eb forc\u00eb dhe guxim n\u00eb m\u00ebnyr\u00eb q\u00eb t\u00eb mund t\u00eb ecni p\u00ebrpara n\u00eb jet\u00eb.<br \/>\nEnergjit\u00eb e tij mund t\u00eb ndihmojn\u00eb gjithashtu n\u00eb \u00e7lirimin e mendimeve dhe ndjenjave negative q\u00eb mund t\u00eb keni.<\/p>\n<p><strong><em>Sh\u00ebrimi fizik:<\/em><\/strong><br \/>\nMookait besohet se rrit funksionimin e sistemit tuaj imunitar dhe ju ndihmon t\u00eb luftoni efektet e plakjes.<br \/>\nThuhet se \u00ebsht\u00eb i dobish\u00ebm n\u00eb trajtimin e sheqerit t\u00eb lart\u00eb n\u00eb gjak, cistitit dhe \u00e7rregullimeve t\u00eb fshik\u00ebz\u00ebs dhe veshkave.<\/p>\n<p><strong><em>Sh\u00ebrimi emocional:<\/em><\/strong><br \/>\nMookait na ndihmon n\u00eb marrjen e vendimeve, na ndihmon t\u00eb zbulojm\u00eb t\u00eb gjitha mund\u00ebsit\u00eb n\u00eb nj\u00eb situat\u00eb dhe t\u00eb zgjedhim at\u00eb t\u00eb duhurin.<br \/>\nOfron nj\u00eb mburoj\u00eb mbrojt\u00ebse nga situata negative ose t\u00eb rrezikshme.<\/p>\n<p><strong><em>Pastroni dhe rimbushni:<\/em><\/strong><br \/>\nP\u00ebr t\u00eb pastruar kristalin tuaj, thjesht mund ta lani n\u00eb uj\u00eb t\u00eb ngroht\u00eb me sapun dhe mund t\u00eb p\u00ebrdorni nj\u00eb fur\u00e7\u00eb t\u00eb but\u00eb p\u00ebr t\u00eb eliminuar papast\u00ebrtit\u00eb.<br \/>\nP\u00ebr ta rimbushur, mund ta zhytni n\u00eb krip\u00eb deti p\u00ebr t\u00eb hequr energjit\u00eb toksike nga brenda.<\/p>\n","protected":false},"excerpt":{"rendered":"<p>HOROSKOPI: Luani CHAKRA: Rr\u00ebnja, Sakrale, Pleksusi Diellor Mookait p\u00ebrqafon fuqin\u00eb e nj\u00eb shpirti pa mosh\u00eb, duke e ndihmuar dik\u00eb t\u00eb kuptoj\u00eb se sa ngusht\u00eb punojn\u00eb s\u00eb<span class=\"excerpt-hellip\"> [\u2026]<\/span><\/p>\n","protected":false},"featured_media":21895,"comment_status":"open","ping_status":"closed","template":"","meta":[],"product_brand":[],"product_cat":[2292,2405,2372,2388,2393,2358,2310,2365,2334,2307,2305,2306,2354,2359,2380,2352,2404],"product_tag":[],"class_list":{"0":"post-9334","1":"product","2":"type-product","3":"status-publish","4":"has-post-thumbnail","6":"product_cat-crystal-jewelry-sq","7":"product_cat-blej-sipas","8":"product_cat-blej-sipas-ngjyres","9":"product_cat-bracelet-sq","10":"product_cat-cips","11":"product_cat-force-stabilitet","12":"product_cat-llojet-e-gurve-te-cmuar","13":"product_cat-luani","14":"product_cat-mookait","15":"product_cat-pleksusi-diellor","16":"product_cat-rrenja","17":"product_cat-sakrale","18":"product_cat-shendet-balans","19":"product_cat-shenjat-e-horoskopit","20":"product_cat-shumengjyresh","21":"product_cat-qellim","22":"product_cat-zona-e-cakres","24":"first","25":"instock","26":"shipping-taxable","27":"purchasable","28":"product-type-variable"},"_links":{"self":[{"href":"https:\/\/tinacrystals.com\/sq\/wp-json\/wp\/v2\/product\/9334","targetHints":{"allow":["GET"]}}],"collection":[{"href":"https:\/\/tinacrystals.com\/sq\/wp-json\/wp\/v2\/product"}],"about":[{"href":"https:\/\/tinacrystals.com\/sq\/wp-json\/wp\/v2\/types\/product"}],"replies":[{"embeddable":true,"href":"https:\/\/tinacrystals.com\/sq\/wp-json\/wp\/v2\/comments?post=9334"}],"wp:featuredmedia":[{"embeddable":true,"href":"https:\/\/tinacrystals.com\/sq\/wp-json\/wp\/v2\/media\/21895"}],"wp:attachment":[{"href":"https:\/\/tinacrystals.com\/sq\/wp-json\/wp\/v2\/media?parent=9334"}],"wp:term":[{"taxonomy":"product_brand","embeddable":true,"href":"https:\/\/tinacrystals.com\/sq\/wp-json\/wp\/v2\/product_brand?post=9334"},{"taxonomy":"product_cat","embeddable":true,"href":"https:\/\/tinacrystals.com\/sq\/wp-json\/wp\/v2\/product_cat?post=9334"},{"taxonomy":"product_tag","embeddable":true,"href":"https:\/\/tinacrystals.com\/sq\/wp-json\/wp\/v2\/product_tag?post=9334"}],"curies":[{"name":"wp","href":"https:\/\/api.w.org\/{rel}","templated":true}]}}