{"id":9413,"date":"2022-02-05T13:22:28","date_gmt":"2022-02-05T13:22:30","guid":{"rendered":"http:\/\/tinacrystals.com\/?post_type=product&#038;p=9413"},"modified":"2022-02-14T07:06:23","modified_gmt":"2022-02-14T07:06:23","slug":"malakit-byzylik","status":"publish","type":"product","link":"https:\/\/tinacrystals.com\/sq\/product\/malakit-byzylik\/","title":{"rendered":"Malakit Byzylik"},"content":{"rendered":"<p><strong>HOROSKOPI<\/strong>: Bricjapi, Akrepi<br \/>\n<strong>CHAKRA<\/strong>: Zemra, fyt<\/p>\n<p><strong><em>Malakiti <\/em><\/strong>nuk \u00ebsht\u00eb nj\u00eb gur i mrekulluesh\u00ebm q\u00eb b\u00ebn nj\u00ebqind dollar\u00eb t\u00eb bien nga qielli, \u00ebsht\u00eb shum\u00eb m\u00eb tep\u00ebr se kaq. \u00cbsht\u00eb nj\u00eb motivues kryesor p\u00ebr t&#8217;u ngritur dhe p\u00ebr t\u00eb qen\u00eb nj\u00eb udh\u00ebheq\u00ebs m\u00eb i mir\u00eb.<\/p>\n<p><strong><em>Sh\u00ebrimi shpirt\u00ebror:<\/em><\/strong><br \/>\nMalakiti vepron si nj\u00eb pastrues dhe nj\u00eb pasqyr\u00eb p\u00ebr nd\u00ebrgjegjen, duke reflektuar n\u00eb mendjen e vet\u00ebdijshme at\u00eb q\u00eb duhet pastruar.<br \/>\nT\u00eb kujton se ke ardhur k\u00ebtu p\u00ebr t\u00eb bashk\u00eb-krijuar me Universin dhe ndihmon n\u00eb identifikimin e hapave t\u00eb nevojsh\u00ebm p\u00ebr t\u00eb realizuar \u00ebndrrat dhe d\u00ebshirat.<\/p>\n<p><strong><em>Sh\u00ebrimi fizik:<\/em><\/strong><br \/>\nMalakiti \u00ebsht\u00eb quajtur si guri i mamis\u00eb sepse \u00ebsht\u00eb nj\u00eb ila\u00e7 efektiv p\u00ebr problemet e femrave, ve\u00e7an\u00ebrisht p\u00ebr rregullimin e ciklit menstrual dhe dhimbjet, si dhe p\u00ebr leht\u00ebsimin e lindjes.<br \/>\nKy kristal leht\u00ebson djersitjet e ftohta, malarin\u00eb dhe s\u00ebmundjen e Parkinsonit dhe ndihmon me astm\u00ebn, problemet e zorr\u00ebve dhe dhimbjet reumatike.<\/p>\n<p><strong><em>Sh\u00ebrimi emocional:<\/em><\/strong><br \/>\nKy gur \u00ebsht\u00eb nj\u00eb burim i fuqish\u00ebm mbrojtjeje dhe pastron t\u00eb gjith\u00eb negativitetin nga hap\u00ebsirat q\u00eb z\u00eb. Krijon nj\u00eb hap\u00ebsir\u00eb t\u00eb sigurt ku mund t\u00eb rritet.<br \/>\nDhe ndihmon dik\u00eb t\u00eb gjej\u00eb forc\u00ebn p\u00ebr t\u00eb z\u00ebn\u00eb vendin e duhur n\u00eb univers.<\/p>\n<p><strong><em>Pastroni dhe rimbushni:<\/em><\/strong><br \/>\nMund t\u00eb mbushni nj\u00eb tas me uj\u00eb dhe pak krip\u00eb deti, t\u00eb shtoni kristalin tuaj dhe ta lini t\u00eb pastrohet p\u00ebr rreth 20 minuta.<\/p>\n","protected":false},"excerpt":{"rendered":"<p>HOROSKOPI: Bricjapi, Akrepi CHAKRA: Zemra, fyt Malakiti nuk \u00ebsht\u00eb nj\u00eb gur i mrekulluesh\u00ebm q\u00eb b\u00ebn nj\u00ebqind dollar\u00eb t\u00eb bien nga qielli, \u00ebsht\u00eb shum\u00eb m\u00eb tep\u00ebr se<span class=\"excerpt-hellip\"> [\u2026]<\/span><\/p>\n","protected":false},"featured_media":21889,"comment_status":"open","ping_status":"closed","template":"","meta":[],"product_brand":[],"product_cat":[2369,2292,2405,2372,2363,2388,2393,2356,2309,2379,2310,2333,2359,2352,2304,2404],"product_tag":[],"class_list":{"0":"post-9413","1":"product","2":"type-product","3":"status-publish","4":"has-post-thumbnail","6":"product_cat-akrepi-sq","7":"product_cat-crystal-jewelry-sq","8":"product_cat-blej-sipas","9":"product_cat-blej-sipas-ngjyres","10":"product_cat-bricjapi","11":"product_cat-bracelet-sq","12":"product_cat-cips","13":"product_cat-fat-sukses","14":"product_cat-fyti","15":"product_cat-gjelbert","16":"product_cat-llojet-e-gurve-te-cmuar","17":"product_cat-malakit","18":"product_cat-shenjat-e-horoskopit","19":"product_cat-qellim","20":"product_cat-zemra","21":"product_cat-zona-e-cakres","23":"first","24":"instock","25":"shipping-taxable","26":"purchasable","27":"product-type-variable"},"_links":{"self":[{"href":"https:\/\/tinacrystals.com\/sq\/wp-json\/wp\/v2\/product\/9413","targetHints":{"allow":["GET"]}}],"collection":[{"href":"https:\/\/tinacrystals.com\/sq\/wp-json\/wp\/v2\/product"}],"about":[{"href":"https:\/\/tinacrystals.com\/sq\/wp-json\/wp\/v2\/types\/product"}],"replies":[{"embeddable":true,"href":"https:\/\/tinacrystals.com\/sq\/wp-json\/wp\/v2\/comments?post=9413"}],"wp:featuredmedia":[{"embeddable":true,"href":"https:\/\/tinacrystals.com\/sq\/wp-json\/wp\/v2\/media\/21889"}],"wp:attachment":[{"href":"https:\/\/tinacrystals.com\/sq\/wp-json\/wp\/v2\/media?parent=9413"}],"wp:term":[{"taxonomy":"product_brand","embeddable":true,"href":"https:\/\/tinacrystals.com\/sq\/wp-json\/wp\/v2\/product_brand?post=9413"},{"taxonomy":"product_cat","embeddable":true,"href":"https:\/\/tinacrystals.com\/sq\/wp-json\/wp\/v2\/product_cat?post=9413"},{"taxonomy":"product_tag","embeddable":true,"href":"https:\/\/tinacrystals.com\/sq\/wp-json\/wp\/v2\/product_tag?post=9413"}],"curies":[{"name":"wp","href":"https:\/\/api.w.org\/{rel}","templated":true}]}}