{"id":9452,"date":"2022-02-05T13:27:22","date_gmt":"2022-02-05T13:27:25","guid":{"rendered":"http:\/\/tinacrystals.com\/?post_type=product&#038;p=9452"},"modified":"2022-02-11T09:43:01","modified_gmt":"2022-02-11T09:43:01","slug":"ari-i-rutiluar-byzylik","status":"publish","type":"product","link":"https:\/\/tinacrystals.com\/sq\/product\/ari-i-rutiluar-byzylik\/","title":{"rendered":"Ari i Rutiluar Byzylik"},"content":{"rendered":"<p><strong>HOROSKOPI<\/strong>: Bricjapi, Luani, Virgj\u00ebresha, Ujori<br \/>\n<strong>CHAKRA:<\/strong> Rr\u00ebnja<\/p>\n<p><strong><em>Ari i rutiluar<\/em><\/strong> njihet si guri i pasionit. Ju ndihmon t\u00eb shnd\u00ebrroheni n\u00eb personin q\u00eb d\u00ebshironi t\u00eb jeni v\u00ebrtet.<\/p>\n<p><strong><em>Sh\u00ebrimi shpirt\u00ebror:<\/em><\/strong><br \/>\nAri i rutiluar \u00ebsht\u00eb nj\u00eb kristal i pasur sh\u00ebrues. P\u00ebr ata q\u00eb kan\u00eb nevoj\u00eb p\u00ebr pushim n\u00eb shpirt, ky kristal \u00ebsht\u00eb k\u00ebtu p\u00ebr t&#8217;ju ndihmuar!<br \/>\nNj\u00eb nga dhuratat kryesore shpirt\u00ebrore q\u00eb merrni nga ky kristal \u00ebsht\u00eb forca e tok\u00ebzimit nga \u00e7akra juaj rr\u00ebnj\u00ebsore.<\/p>\n<p><strong><em>Sh\u00ebrimi fizik:<\/em><\/strong><br \/>\nAr i rutiluar nuk ka frik\u00eb t\u00eb ndez\u00eb nj\u00eb zjarr n\u00eb jet\u00ebn tuaj, t\u00eb sjell\u00eb energji dhe t&#8217;ju ndihmoj\u00eb t\u00eb ndiheni gati p\u00ebr t\u00eb k\u00ebrkuar at\u00eb q\u00eb d\u00ebshironi dhe keni nevoj\u00eb.<br \/>\n\u00cbsht\u00eb nj\u00eb kristal q\u00eb d\u00ebshiron t\u00eb mbaj\u00eb gjakun tuaj t\u00eb rrjedh\u00eb, zemr\u00ebn tuaj t\u00eb rrah\u00eb dhe metabolizmin tuaj t\u00eb funksionoj\u00eb n\u00eb m\u00ebnyr\u00ebn m\u00eb t\u00eb mir\u00eb t\u00eb aft\u00ebsis\u00eb s\u00eb tij.<\/p>\n<p><strong><em>Sh\u00ebrimi emocional:<\/em><\/strong><br \/>\nKy ju mban larg nga slit\u00eb emocionale duke siguruar q\u00eb vet\u00ebvler\u00ebsimi juaj t\u00eb jet\u00eb mjaft i lart\u00eb p\u00ebr t\u00eb b\u00ebr\u00eb zgjedhje t\u00eb sh\u00ebndetshme dhe q\u00eb t&#8217;i qaseni jet\u00ebs nga nj\u00eb k\u00ebndv\u00ebshtrim pozitiv.<br \/>\nAr i rutiluar e v\u00eb n\u00eb kontakt instinktin tuaj t\u00eb mbijetes\u00ebs, duke siguruar q\u00eb pavar\u00ebsisht se \u00e7far\u00eb telashe po krijohet, t\u00eb jeni n\u00eb m\u00eb t\u00eb mir\u00ebn tuaj dhe t\u00eb pajisur ndonj\u00ebher\u00eb p\u00ebr ta trajtuar at\u00eb.<\/p>\n<p><strong><em>Pastroni dhe rimbushni:<\/em><\/strong><br \/>\nPastrimi i Arit t\u00eb rutiluar tuaj \u00ebsht\u00eb nj\u00eb m\u00ebnyr\u00eb e thjesht\u00eb! Mund t\u00eb p\u00ebrdorni pak uj\u00eb me sapun dhe sigurohuni q\u00eb uji t\u00eb mos jet\u00eb shum\u00eb i nxeht\u00eb, sepse Garneti sjell ngroht\u00ebsin\u00eb e vet.<br \/>\nP\u00ebr t\u00eb rimbushur Arin e rutiluar tuaj, mund ta vendosni mbi nj\u00eb grup kristalesh<\/p>\n","protected":false},"excerpt":{"rendered":"<p>HOROSKOPI: Bricjapi, Luani, Virgj\u00ebresha, Ujori CHAKRA: Rr\u00ebnja Ari i rutiluar njihet si guri i pasionit. Ju ndihmon t\u00eb shnd\u00ebrroheni n\u00eb personin q\u00eb d\u00ebshironi t\u00eb jeni v\u00ebrtet.<span class=\"excerpt-hellip\"> [\u2026]<\/span><\/p>\n","protected":false},"featured_media":21865,"comment_status":"open","ping_status":"closed","template":"","meta":[],"product_brand":[],"product_cat":[2377,2292,2405,2372,2363,2388,2393,2356,2310,2365,2357,2305,2359,2352,2360,2371,2404],"product_tag":[],"class_list":{"0":"post-9452","1":"product","2":"type-product","3":"status-publish","4":"has-post-thumbnail","6":"product_cat-ari","7":"product_cat-crystal-jewelry-sq","8":"product_cat-blej-sipas","9":"product_cat-blej-sipas-ngjyres","10":"product_cat-bricjapi","11":"product_cat-bracelet-sq","12":"product_cat-cips","13":"product_cat-fat-sukses","14":"product_cat-llojet-e-gurve-te-cmuar","15":"product_cat-luani","16":"product_cat-mbrotje-paqe","17":"product_cat-rrenja","18":"product_cat-shenjat-e-horoskopit","19":"product_cat-qellim","20":"product_cat-ujori","21":"product_cat-virgjersha","22":"product_cat-zona-e-cakres","24":"first","25":"instock","26":"shipping-taxable","27":"purchasable","28":"product-type-variable"},"_links":{"self":[{"href":"https:\/\/tinacrystals.com\/sq\/wp-json\/wp\/v2\/product\/9452","targetHints":{"allow":["GET"]}}],"collection":[{"href":"https:\/\/tinacrystals.com\/sq\/wp-json\/wp\/v2\/product"}],"about":[{"href":"https:\/\/tinacrystals.com\/sq\/wp-json\/wp\/v2\/types\/product"}],"replies":[{"embeddable":true,"href":"https:\/\/tinacrystals.com\/sq\/wp-json\/wp\/v2\/comments?post=9452"}],"wp:featuredmedia":[{"embeddable":true,"href":"https:\/\/tinacrystals.com\/sq\/wp-json\/wp\/v2\/media\/21865"}],"wp:attachment":[{"href":"https:\/\/tinacrystals.com\/sq\/wp-json\/wp\/v2\/media?parent=9452"}],"wp:term":[{"taxonomy":"product_brand","embeddable":true,"href":"https:\/\/tinacrystals.com\/sq\/wp-json\/wp\/v2\/product_brand?post=9452"},{"taxonomy":"product_cat","embeddable":true,"href":"https:\/\/tinacrystals.com\/sq\/wp-json\/wp\/v2\/product_cat?post=9452"},{"taxonomy":"product_tag","embeddable":true,"href":"https:\/\/tinacrystals.com\/sq\/wp-json\/wp\/v2\/product_tag?post=9452"}],"curies":[{"name":"wp","href":"https:\/\/api.w.org\/{rel}","templated":true}]}}