{"id":9494,"date":"2022-02-05T13:56:21","date_gmt":"2022-02-05T13:56:23","guid":{"rendered":"http:\/\/tinacrystals.com\/?post_type=product&#038;p=9494"},"modified":"2022-02-11T08:34:36","modified_gmt":"2022-02-11T08:34:36","slug":"citrin-byzylik","status":"publish","type":"product","link":"https:\/\/tinacrystals.com\/sq\/product\/citrin-byzylik\/","title":{"rendered":"Citrin Byzylik"},"content":{"rendered":"<p><strong>HOROSKOPI<\/strong>: Dashi, Luani, Peshorja, Binjak\u00ebt<br \/>\n<strong>CHAKRA<\/strong>: Kuror\u00eb, Sakrale<\/p>\n<p>Si emri q\u00eb mban, <strong>Citrina <\/strong><em>\u00ebsht\u00eb nj\u00eb kristal i verdh\u00eb i ndezur q\u00eb rrit vet\u00ebvler\u00ebsimin tuaj, besimin tuaj dhe ju b\u00ebn t\u00eb vet\u00ebdijsh\u00ebm p\u00ebr vler\u00ebn q\u00eb keni.<\/p>\n<p><strong>Sh\u00ebrimi shpirt\u00ebror:<\/strong><\/em><br \/>\nKuptimi shpirt\u00ebror i citrin\u00ebs jan\u00eb nuancat e verdha q\u00eb simbolizojn\u00eb cil\u00ebsit\u00eb shpirt\u00ebrore t\u00eb g\u00ebzimit, boll\u00ebkut dhe shnd\u00ebrrimit.<br \/>\nMe k\u00ebt\u00eb kristal n\u00eb mendjen tuaj, ju mund ta p\u00ebrdorni at\u00eb si nj\u00eb mjet p\u00ebr t\u00eb sjell\u00eb energji pozitive n\u00eb zonat q\u00eb mund t\u00eb keni ose dyshoni se keni energji negative.<\/p>\n<p><strong>Sh\u00ebrimi fizik:<\/strong><em><br \/>\n\u00cbsht\u00eb e dobishme p\u00ebr sindrom\u00ebn e lodhjes kronike dhe mund t\u00eb ndihmoj\u00eb n\u00eb kthimin e s\u00ebmundjeve degjenerative.<br \/>\nCitrina aktivizon impulset nervore, duke forcuar inteligjenc\u00ebn, p\u00ebrqendrimin dhe men\u00e7urin\u00eb. Ndihmon gjithashtu n\u00eb humbjen e kujtes\u00ebs afatshkurt\u00ebr.<\/p>\n<p><strong>Sh\u00ebrimi emocional<\/strong><\/em>:<br \/>\nCitrina do t&#8217;ju ndihmoj\u00eb t\u00eb q\u00ebndroni t\u00eb qet\u00eb dhe pozitiv.<br \/>\nDo t\u00eb balancoj\u00eb luhatjet tuaja t\u00eb humorit, dhe gjithashtu do t&#8217;ju ndihmoj\u00eb t\u00eb mendoni n\u00eb m\u00ebnyr\u00eb racionale.<br \/>\nN\u00ebse e merrni pran\u00eb vetes, do t\u00eb ndjeni energjin\u00eb e saj pozitive.<\/p>\n<p><strong>Pastrimi dhe rimbushja:<\/strong><em><br \/>\nKristali i citrin\u00ebs mund t\u00eb pastrohet duke p\u00ebrdorur uj\u00eb, sherebel\u00eb, krip\u00eb, temjan ose selenit.<br \/>\nVendoseni n\u00eb rrezet e diellit p\u00ebr ta rimbushur.<\/p>\n","protected":false},"excerpt":{"rendered":"<p>HOROSKOPI: Dashi, Luani, Peshorja, Binjak\u00ebt CHAKRA: Kuror\u00eb, Sakrale Si emri q\u00eb mban, Citrina \u00ebsht\u00eb nj\u00eb kristal i verdh\u00eb i ndezur q\u00eb rrit vet\u00ebvler\u00ebsimin tuaj, besimin tuaj<span class=\"excerpt-hellip\"> [\u2026]<\/span><\/p>\n","protected":false},"featured_media":21859,"comment_status":"open","ping_status":"closed","template":"","meta":[],"product_brand":[],"product_cat":[2364,2292,2405,2372,2388,2393,2319,2361,2356,2303,2310,2365,2353,2366,2306,2359,2352,2386,2404],"product_tag":[],"class_list":{"0":"post-9494","1":"product","2":"type-product","3":"status-publish","4":"has-post-thumbnail","6":"product_cat-binjaket","7":"product_cat-crystal-jewelry-sq","8":"product_cat-blej-sipas","9":"product_cat-blej-sipas-ngjyres","10":"product_cat-bracelet-sq","11":"product_cat-cips","12":"product_cat-citrine-sq","13":"product_cat-dashi","14":"product_cat-fat-sukses","15":"product_cat-kurora","16":"product_cat-llojet-e-gurve-te-cmuar","17":"product_cat-luani","18":"product_cat-lumturi-vetebesim","19":"product_cat-peshorja","20":"product_cat-sakrale","21":"product_cat-shenjat-e-horoskopit","22":"product_cat-qellim","23":"product_cat-verdhe","24":"product_cat-zona-e-cakres","26":"first","27":"instock","28":"shipping-taxable","29":"purchasable","30":"product-type-variable"},"_links":{"self":[{"href":"https:\/\/tinacrystals.com\/sq\/wp-json\/wp\/v2\/product\/9494","targetHints":{"allow":["GET"]}}],"collection":[{"href":"https:\/\/tinacrystals.com\/sq\/wp-json\/wp\/v2\/product"}],"about":[{"href":"https:\/\/tinacrystals.com\/sq\/wp-json\/wp\/v2\/types\/product"}],"replies":[{"embeddable":true,"href":"https:\/\/tinacrystals.com\/sq\/wp-json\/wp\/v2\/comments?post=9494"}],"wp:featuredmedia":[{"embeddable":true,"href":"https:\/\/tinacrystals.com\/sq\/wp-json\/wp\/v2\/media\/21859"}],"wp:attachment":[{"href":"https:\/\/tinacrystals.com\/sq\/wp-json\/wp\/v2\/media?parent=9494"}],"wp:term":[{"taxonomy":"product_brand","embeddable":true,"href":"https:\/\/tinacrystals.com\/sq\/wp-json\/wp\/v2\/product_brand?post=9494"},{"taxonomy":"product_cat","embeddable":true,"href":"https:\/\/tinacrystals.com\/sq\/wp-json\/wp\/v2\/product_cat?post=9494"},{"taxonomy":"product_tag","embeddable":true,"href":"https:\/\/tinacrystals.com\/sq\/wp-json\/wp\/v2\/product_tag?post=9494"}],"curies":[{"name":"wp","href":"https:\/\/api.w.org\/{rel}","templated":true}]}}