{"id":9518,"date":"2022-02-05T14:11:56","date_gmt":"2022-02-05T14:11:59","guid":{"rendered":"http:\/\/tinacrystals.com\/?post_type=product&#038;p=9518"},"modified":"2022-02-11T09:31:43","modified_gmt":"2022-02-11T09:31:43","slug":"rodokrosit-byzylik","status":"publish","type":"product","link":"https:\/\/tinacrystals.com\/sq\/product\/rodokrosit-byzylik\/","title":{"rendered":"Rodokrosit Byzylik"},"content":{"rendered":"<p><strong>HOROSKOPI<\/strong>: Demi<br \/>\n<strong>CHAKRA<\/strong>: Zem\u00ebr<\/p>\n<p><strong><em>Rodokrositi<\/em><\/strong> \u00ebsht\u00eb nj\u00eb gur q\u00eb lidhet shum\u00eb me \u00e7akr\u00ebn e zemr\u00ebs, duke e b\u00ebr\u00eb at\u00eb nj\u00eb gur ideal p\u00ebr t\u00eb p\u00ebrmir\u00ebsuar marr\u00ebdh\u00ebniet tuaja me k\u00ebdo n\u00eb jet\u00ebn tuaj.<\/p>\n<p><strong><em>Sh\u00ebrimi shpirt\u00ebror:<\/em><\/strong><br \/>\nRodokrositi \u00ebsht\u00eb i aft\u00eb t\u00eb rris\u00eb dashurin\u00eb p\u00ebr veten, do t\u00eb filloni t&#8217;i falni njer\u00ebzit dhe do t&#8217;i shihni gj\u00ebrat n\u00eb nj\u00eb k\u00ebndv\u00ebshtrim tjet\u00ebr.<br \/>\n\u00cbsht\u00eb ideale p\u00ebr t\u00eb themeluar praktik\u00ebn shpirt\u00ebrore t\u00eb dikujt dhe m\u00ebnyra frym\u00ebzuese p\u00ebr ta integruar at\u00eb spiritualitet n\u00eb jet\u00ebn e p\u00ebrditshme. K\u00ebshtu q\u00eb lidhja juaj e p\u00ebrzem\u00ebrt me Hyjnoren b\u00ebhet e dukshme n\u00eb nd\u00ebrveprimin e p\u00ebrditsh\u00ebm me t\u00eb tjer\u00ebt.<\/p>\n<p><strong><em>Sh\u00ebrimi fizik:<\/em><\/strong><br \/>\nN\u00eb nivel fizik, kristali njihet si sh\u00ebrues i plag\u00ebve t\u00eb vogla ose kafshimeve t\u00eb kafsh\u00ebve.<br \/>\nAi forcon muskujt dhe zemr\u00ebn dhe stimulon qarkullimin e gjakut.<\/p>\n<p><strong><em>Sh\u00ebrimi emocional:<\/em><\/strong><br \/>\nN\u00eb \u00e7do situat\u00eb do t\u00eb p\u00ebrpiqeni t\u00eb shihni s\u00eb pari pjes\u00ebt e mira, gjithashtu do t\u00eb vini re se si guri do t\u00eb t\u00ebrheq\u00eb shum\u00eb pozitivitet n\u00eb jet\u00ebn tuaj dhe fat.<br \/>\nRodokrositi sjell ekuilib\u00ebr n\u00eb trupin emocional, rrit vet\u00ebbesimin dhe besimin.<br \/>\nJu ndihmon t\u00eb njihni dhe vler\u00ebsoni dhuntit\u00eb dhe talentet tuaja dhe t&#8217;i zgjeroni ato n\u00eb potencialin tuaj m\u00eb t\u00eb lart\u00eb p\u00ebr t\u00eb ndihmuar t\u00eb tjer\u00ebt.<\/p>\n<p><strong><em>Pastroni dhe rimbushni:<\/em><\/strong><br \/>\nMund t\u00eb gjeni nj\u00eb kuti dhe t\u00eb shtoni kristalin tuaj Rodonit atje me nj\u00eb kristal seleniti, t&#8217;i mbani p\u00ebr aq koh\u00eb sa mendoni se kristalit i nevojitet.<br \/>\nN\u00ebse keni nj\u00eb bim\u00eb t\u00eb sh\u00ebndetshme n\u00eb sht\u00ebpin\u00eb tuaj, mb\u00ebshtillni kristalin tuaj me nj\u00eb leck\u00eb dhe groposeni kristalin atje. Hiqeni at\u00eb pas t\u00eb pakt\u00ebn 2 or\u00ebsh.<\/p>\n","protected":false},"excerpt":{"rendered":"<p>HOROSKOPI: Demi CHAKRA: Zem\u00ebr Rodokrositi \u00ebsht\u00eb nj\u00eb gur q\u00eb lidhet shum\u00eb me \u00e7akr\u00ebn e zemr\u00ebs, duke e b\u00ebr\u00eb at\u00eb nj\u00eb gur ideal p\u00ebr t\u00eb p\u00ebrmir\u00ebsuar marr\u00ebdh\u00ebniet<span class=\"excerpt-hellip\"> [\u2026]<\/span><\/p>\n","protected":false},"featured_media":21856,"comment_status":"open","ping_status":"closed","template":"","meta":[],"product_brand":[],"product_cat":[2292,2405,2372,2388,2393,2355,2370,2310,2344,2382,2359,2352,2304,2404],"product_tag":[],"class_list":{"0":"post-9518","1":"product","2":"type-product","3":"status-publish","4":"has-post-thumbnail","6":"product_cat-crystal-jewelry-sq","7":"product_cat-blej-sipas","8":"product_cat-blej-sipas-ngjyres","9":"product_cat-bracelet-sq","10":"product_cat-cips","11":"product_cat-dashuri-harmoni","12":"product_cat-demi","13":"product_cat-llojet-e-gurve-te-cmuar","14":"product_cat-rhodokrosit","15":"product_cat-roze","16":"product_cat-shenjat-e-horoskopit","17":"product_cat-qellim","18":"product_cat-zemra","19":"product_cat-zona-e-cakres","21":"first","22":"instock","23":"shipping-taxable","24":"purchasable","25":"product-type-variable"},"_links":{"self":[{"href":"https:\/\/tinacrystals.com\/sq\/wp-json\/wp\/v2\/product\/9518","targetHints":{"allow":["GET"]}}],"collection":[{"href":"https:\/\/tinacrystals.com\/sq\/wp-json\/wp\/v2\/product"}],"about":[{"href":"https:\/\/tinacrystals.com\/sq\/wp-json\/wp\/v2\/types\/product"}],"replies":[{"embeddable":true,"href":"https:\/\/tinacrystals.com\/sq\/wp-json\/wp\/v2\/comments?post=9518"}],"wp:featuredmedia":[{"embeddable":true,"href":"https:\/\/tinacrystals.com\/sq\/wp-json\/wp\/v2\/media\/21856"}],"wp:attachment":[{"href":"https:\/\/tinacrystals.com\/sq\/wp-json\/wp\/v2\/media?parent=9518"}],"wp:term":[{"taxonomy":"product_brand","embeddable":true,"href":"https:\/\/tinacrystals.com\/sq\/wp-json\/wp\/v2\/product_brand?post=9518"},{"taxonomy":"product_cat","embeddable":true,"href":"https:\/\/tinacrystals.com\/sq\/wp-json\/wp\/v2\/product_cat?post=9518"},{"taxonomy":"product_tag","embeddable":true,"href":"https:\/\/tinacrystals.com\/sq\/wp-json\/wp\/v2\/product_tag?post=9518"}],"curies":[{"name":"wp","href":"https:\/\/api.w.org\/{rel}","templated":true}]}}