{"id":9530,"date":"2022-02-05T14:12:01","date_gmt":"2022-02-05T14:12:03","guid":{"rendered":"http:\/\/tinacrystals.com\/?post_type=product&#038;p=9530"},"modified":"2022-02-11T09:24:51","modified_gmt":"2022-02-11T09:24:51","slug":"agati-i-zi-byzylik","status":"publish","type":"product","link":"https:\/\/tinacrystals.com\/sq\/product\/agati-i-zi-byzylik\/","title":{"rendered":"Agati i Zi Byzylik"},"content":{"rendered":"<p><strong>HOROSKOPI<\/strong>: Shigjetari, Akrepi, Bricjapi<br \/>\n<strong>CHAKRA<\/strong>: Baza<\/p>\n<p>Ky kristal i <strong><em>mahnitsh\u00ebm <\/em><\/strong>mund t\u00eb rivendos\u00eb ekuilibrin dhe t\u00eb sjell\u00eb lumturi n\u00eb jet\u00ebn tuaj.<\/p>\n<p><strong><em>Sh\u00ebrimi shpirt\u00ebror:<\/em><\/strong><br \/>\nP\u00ebrfitimet e pastrimit t\u00eb thell\u00eb t\u00eb Agatit t\u00eb zi ju lejojn\u00eb t\u00eb jeni n\u00eb harmoni t\u00eb thell\u00eb me qenien tuaj t\u00eb brendshme dhe gjithashtu mjedisin rrethues.<br \/>\nKrijon nj\u00eb rrjedh\u00eb t\u00eb qet\u00eb t\u00eb energjis\u00eb jetike q\u00eb e rreshton shpirtin n\u00eb nj\u00eb m\u00ebnyr\u00eb kaq harmonike.<\/p>\n<p><strong><em>Sh\u00ebrimi fizik:<\/em><\/strong><br \/>\nEnergjit\u00eb e k\u00ebtij kristali stimulojn\u00eb vitalitetin e p\u00ebrgjithsh\u00ebm fizik.<br \/>\nThuhet se Agati i zi mund t\u00eb jet\u00eb efektiv n\u00eb riparimin dhe sh\u00ebrimin e sistemit imunitar dhe gjithashtu t\u00eb sistemit nervor.<\/p>\n<p><strong><em>Sh\u00ebrimi emocional:<\/em><\/strong><br \/>\nAgati i Zi hap zemr\u00ebn tuaj dhe ngre vet\u00ebdijen tuaj p\u00ebr t\u00eb p\u00ebrballuar \u00e7do situat\u00eb q\u00eb hasni me nj\u00eb mendje t\u00eb men\u00e7ur dhe t\u00eb hapur.<br \/>\nJu inkurajon t\u00eb ndiqni \u00ebndrrat tuaja t\u00eb m\u00ebdha dhe ju frym\u00ebzon t\u00eb jeni m\u00eb t\u00eb disiplinuar p\u00ebr t\u00eb arritur lirin\u00eb financiare q\u00eb keni parashikuar gjithmon\u00eb.<\/p>\n<p><strong><em>Pastrimi dhe rimbushja:<\/em><\/strong><br \/>\nMbajeni kristalin t\u00eb past\u00ebr duke e lar\u00eb n\u00eb uj\u00eb t\u00eb fresk\u00ebt. Dhe n\u00ebse doni ta rimbushni, vendosni q\u00ebllimet tuaja n\u00ebn h\u00ebn\u00ebn e plot\u00eb, ose mund t\u00eb p\u00ebrdorni edhe ndonj\u00eb muzik\u00eb t\u00eb mir\u00eb p\u00ebr t\u00eb rimbushur kristalin.<\/p>\n","protected":false},"excerpt":{"rendered":"<p>HOROSKOPI: Shigjetari, Akrepi, Bricjapi CHAKRA: Baza Ky kristal i mahnitsh\u00ebm mund t\u00eb rivendos\u00eb ekuilibrin dhe t\u00eb sjell\u00eb lumturi n\u00eb jet\u00ebn tuaj. Sh\u00ebrimi shpirt\u00ebror: P\u00ebrfitimet e pastrimit<span class=\"excerpt-hellip\"> [\u2026]<\/span><\/p>\n","protected":false},"featured_media":21853,"comment_status":"open","ping_status":"closed","template":"","meta":[],"product_brand":[],"product_cat":[2401,2369,2292,2405,2372,2363,2388,2393,2355,2373,2310,2353,2305,2359,2368,2352,2404],"product_tag":[],"class_list":{"0":"post-9530","1":"product","2":"type-product","3":"status-publish","4":"has-post-thumbnail","6":"product_cat-agate-sq","7":"product_cat-akrepi-sq","8":"product_cat-crystal-jewelry-sq","9":"product_cat-blej-sipas","10":"product_cat-blej-sipas-ngjyres","11":"product_cat-bricjapi","12":"product_cat-bracelet-sq","13":"product_cat-cips","14":"product_cat-dashuri-harmoni","15":"product_cat-e-zeze","16":"product_cat-llojet-e-gurve-te-cmuar","17":"product_cat-lumturi-vetebesim","18":"product_cat-rrenja","19":"product_cat-shenjat-e-horoskopit","20":"product_cat-shigjetari","21":"product_cat-qellim","22":"product_cat-zona-e-cakres","24":"first","25":"instock","26":"shipping-taxable","27":"purchasable","28":"product-type-simple"},"_links":{"self":[{"href":"https:\/\/tinacrystals.com\/sq\/wp-json\/wp\/v2\/product\/9530","targetHints":{"allow":["GET"]}}],"collection":[{"href":"https:\/\/tinacrystals.com\/sq\/wp-json\/wp\/v2\/product"}],"about":[{"href":"https:\/\/tinacrystals.com\/sq\/wp-json\/wp\/v2\/types\/product"}],"replies":[{"embeddable":true,"href":"https:\/\/tinacrystals.com\/sq\/wp-json\/wp\/v2\/comments?post=9530"}],"wp:featuredmedia":[{"embeddable":true,"href":"https:\/\/tinacrystals.com\/sq\/wp-json\/wp\/v2\/media\/21853"}],"wp:attachment":[{"href":"https:\/\/tinacrystals.com\/sq\/wp-json\/wp\/v2\/media?parent=9530"}],"wp:term":[{"taxonomy":"product_brand","embeddable":true,"href":"https:\/\/tinacrystals.com\/sq\/wp-json\/wp\/v2\/product_brand?post=9530"},{"taxonomy":"product_cat","embeddable":true,"href":"https:\/\/tinacrystals.com\/sq\/wp-json\/wp\/v2\/product_cat?post=9530"},{"taxonomy":"product_tag","embeddable":true,"href":"https:\/\/tinacrystals.com\/sq\/wp-json\/wp\/v2\/product_tag?post=9530"}],"curies":[{"name":"wp","href":"https:\/\/api.w.org\/{rel}","templated":true}]}}