{"id":9572,"date":"2022-02-05T14:49:34","date_gmt":"2022-02-05T14:49:37","guid":{"rendered":"http:\/\/tinacrystals.com\/?post_type=product&#038;p=9572"},"modified":"2022-02-11T09:14:25","modified_gmt":"2022-02-11T09:14:25","slug":"apatite-byzylik","status":"publish","type":"product","link":"https:\/\/tinacrystals.com\/sq\/product\/apatite-byzylik\/","title":{"rendered":"Apatite Byzylik"},"content":{"rendered":"<p><strong>Horoskopi<\/strong>: Binjak\u00ebt<br \/>\n<strong>\u00c7akra<\/strong>: Fyti <\/p>\n<p><strong><em>Kristali blu apatiti<\/em><\/strong> hyn n\u00eb kategorin\u00eb e mineraleve fosfate dhe u em\u00ebrua p\u00ebr her\u00eb t\u00eb par\u00eb n\u00eb 1786 nga nj\u00eb gjeolog gjerman.<\/p>\n<p><strong><em>Sh\u00ebrimi Shpirt\u00ebror\u00eb:<\/em><\/strong><br \/>\nApatiti blu \u00ebsht\u00eb nj\u00eb gur thell\u00ebsisht shpirt\u00ebror me nj\u00eb ndikim pastrues n\u00eb atmosfer\u00eb, ve\u00e7an\u00ebrisht n\u00eb trupin mendor &#8211; niveli vibrues i shoq\u00ebruar me perceptimin psikik dhe aft\u00ebsit\u00eb paranormale.<br \/>\n\u00cbsht\u00eb i shk\u00eblqyesh\u00ebm si nj\u00eb gur \u00ebndrrash p\u00ebr zgjidhjen t\u00eb problemeve dhe p\u00ebr vizionin vertikal, ku \u00ebsht\u00eb e mundur t\u00eb shihen nivele t\u00eb shum\u00ebfishta t\u00eb vet\u00ebdijes q\u00eb veprojn\u00eb n\u00eb m\u00ebnyr\u00eb harmonike dhe t\u00eb nj\u00ebkohshme.<\/p>\n<p><strong><em>Sh\u00ebrimi Fizik:<\/em><\/strong><br \/>\nApatiti blu inkurajon formimin e qelizave t\u00eb reja dhe ndihmon n\u00eb p\u00ebrthithjen e kalciumit, ndihmon n\u00eb sh\u00ebrimin e kockave dhe dh\u00ebmb\u00ebve, riparon k\u00ebrcin dhe \u00ebsht\u00eb i dobish\u00ebm n\u00eb trajtimin e rakitave, problemeve t\u00eb ky\u00e7eve, artritit dhe aft\u00ebsive motorike.<br \/>\nApatiti blu \u00ebsht\u00eb i lidhur me ushqimin e sh\u00ebndetsh\u00ebm dhe \u00ebsht\u00eb vler\u00ebsuar me shtypjen e uris\u00eb dhe rritjen e shkall\u00ebs metabolike. N\u00eb p\u00ebrgjith\u00ebsi \u00ebsht\u00eb mb\u00ebshtet\u00ebs n\u00eb sh\u00ebrimin e t\u00eb gjitha gj\u00ebndrave, meridian\u00ebve dhe organeve dhe redukton hipertensionin.<br \/>\nApatiti blu mund t\u00eb p\u00ebrdoret p\u00ebr t\u00eb qet\u00ebsuar dhimbjet e kok\u00ebs dhe p\u00ebr t\u00eb ndihmuar me marramendjen ose marramendjen. Ai stimulon shikimin dhe \u00ebsht\u00eb ve\u00e7an\u00ebrisht i mir\u00eb p\u00ebr st\u00ebrvitjen e tep\u00ebrt t\u00eb syve ose probleme t\u00eb tjera t\u00eb rr\u00ebnjosura n\u00eb munges\u00ebn e l\u00ebvizjes s\u00eb syve.<\/p>\n<p><strong><em>Sherim Emocional:<\/em><\/strong><br \/>\nApatiti rrit motivimin dhe krijon rezerva energjie. Ndihmon n\u00eb kap\u00ebrcimin e vet\u00ebdijes dhe tjet\u00ebrsimit, dhe promovon hapjen dhe leht\u00ebsin\u00eb sociale. \u00cbsht\u00eb i dobish\u00ebm n\u00eb leht\u00ebsimin e pik\u00ebllimit dhe zem\u00ebrimit, si dhe n\u00eb reduktimin e nervozizmit dhe rraskapitjes emocionale.<br \/>\nBlue Apatite ka nj\u00eb energji ngrit\u00ebse q\u00eb ngre shpirtin, duke inkurajuar nj\u00eb k\u00ebndv\u00ebshtrim pozitiv dhe nj\u00eb q\u00ebndrim shpres\u00ebdh\u00ebn\u00ebs.<\/p>\n<p><strong><em>Si ta pastrojm\u00eb kristalin:<\/em><\/strong><br \/>\nApatiti duhet t\u00eb pastrohet rreth nj\u00eb her\u00eb n\u00eb jav\u00eb, metoda m\u00eb efektive \u00ebsht\u00eb p\u00ebrdorimi i ujit t\u00eb rrjedhsh\u00ebm, sigurohuni q\u00eb t\u00eb mos jet\u00eb shum\u00eb i nxeht\u00eb pasi \u00ebsht\u00eb i ndjesh\u00ebm ndaj nxeht\u00ebsis\u00eb.<\/p>\n","protected":false},"excerpt":{"rendered":"<p>Horoskopi: Binjak\u00ebt \u00c7akra: Fyti Kristali blu apatiti hyn n\u00eb kategorin\u00eb e mineraleve fosfate dhe u em\u00ebrua p\u00ebr her\u00eb t\u00eb par\u00eb n\u00eb 1786 nga nj\u00eb gjeolog gjerman.<span class=\"excerpt-hellip\"> [\u2026]<\/span><\/p>\n","protected":false},"featured_media":21847,"comment_status":"open","ping_status":"closed","template":"","meta":[],"product_brand":[],"product_cat":[2403,2364,2292,2405,2372,2374,2388,2393,2358,2309,2310,2359,2352,2404],"product_tag":[],"class_list":{"0":"post-9572","1":"product","2":"type-product","3":"status-publish","4":"has-post-thumbnail","6":"product_cat-apatite-sq","7":"product_cat-binjaket","8":"product_cat-crystal-jewelry-sq","9":"product_cat-blej-sipas","10":"product_cat-blej-sipas-ngjyres","11":"product_cat-blu","12":"product_cat-bracelet-sq","13":"product_cat-cips","14":"product_cat-force-stabilitet","15":"product_cat-fyti","16":"product_cat-llojet-e-gurve-te-cmuar","17":"product_cat-shenjat-e-horoskopit","18":"product_cat-qellim","19":"product_cat-zona-e-cakres","21":"first","22":"instock","23":"shipping-taxable","24":"purchasable","25":"product-type-variable"},"_links":{"self":[{"href":"https:\/\/tinacrystals.com\/sq\/wp-json\/wp\/v2\/product\/9572","targetHints":{"allow":["GET"]}}],"collection":[{"href":"https:\/\/tinacrystals.com\/sq\/wp-json\/wp\/v2\/product"}],"about":[{"href":"https:\/\/tinacrystals.com\/sq\/wp-json\/wp\/v2\/types\/product"}],"replies":[{"embeddable":true,"href":"https:\/\/tinacrystals.com\/sq\/wp-json\/wp\/v2\/comments?post=9572"}],"wp:featuredmedia":[{"embeddable":true,"href":"https:\/\/tinacrystals.com\/sq\/wp-json\/wp\/v2\/media\/21847"}],"wp:attachment":[{"href":"https:\/\/tinacrystals.com\/sq\/wp-json\/wp\/v2\/media?parent=9572"}],"wp:term":[{"taxonomy":"product_brand","embeddable":true,"href":"https:\/\/tinacrystals.com\/sq\/wp-json\/wp\/v2\/product_brand?post=9572"},{"taxonomy":"product_cat","embeddable":true,"href":"https:\/\/tinacrystals.com\/sq\/wp-json\/wp\/v2\/product_cat?post=9572"},{"taxonomy":"product_tag","embeddable":true,"href":"https:\/\/tinacrystals.com\/sq\/wp-json\/wp\/v2\/product_tag?post=9572"}],"curies":[{"name":"wp","href":"https:\/\/api.w.org\/{rel}","templated":true}]}}