{"id":9621,"date":"2022-02-05T15:13:58","date_gmt":"2022-02-05T15:14:00","guid":{"rendered":"http:\/\/tinacrystals.com\/?post_type=product&#038;p=9621"},"modified":"2022-02-11T08:59:37","modified_gmt":"2022-02-11T08:59:37","slug":"amazonite-byzylik","status":"publish","type":"product","link":"https:\/\/tinacrystals.com\/sq\/product\/amazonite-byzylik\/","title":{"rendered":"Amazonite Byzylik"},"content":{"rendered":"<p><strong>HOROSKOPI<\/strong>: Akrepi, Peshqit<br \/>\n<strong>CHAKRA<\/strong>: Fyt<\/p>\n<p><strong><em>Amazonit <\/em><\/strong>Njihet si guri i shpres\u00ebs me fat, pasi do t\u00eb sjell fat p\u00ebr t\u00eb gjitha shpresat dhe \u00ebndrrat tuaja.<\/p>\n<p><strong><em>Sh\u00ebrimi shpirt\u00ebror<\/em>:<\/strong><em><br \/>\nAmazoniti njihet si Guri i guximit, i njohur p\u00ebr promovimin e dashuris\u00eb dhe intuit\u00ebs universale. Ju ndihmon t\u00eb flisni me zemr\u00ebn tuaj dhe t\u00eb jeni t\u00eb v\u00ebrtet\u00eb me veten tuaj.<\/p>\n<p><strong>Sh\u00ebrimi fizik:<\/strong><\/em><br \/>\nAmazoniti ndihmon n\u00eb rigjenerimin dhe sh\u00ebrimin e qelizave pas s\u00ebmundjeve, traumave ose l\u00ebndimeve.<br \/>\nKristali ndihmon n\u00eb balancimin e proceseve metabolike q\u00eb lidhen me asimilimin e kalciumit.<br \/>\nAmazoniti mund t\u00eb p\u00ebrdoret p\u00ebr t\u00eb parandaluar r\u00ebnien e flok\u00ebve dhe p\u00ebr t\u00eb riparuar flok\u00ebt dhe thonjt\u00eb e brisht\u00eb.<\/p>\n<p><strong><em>Sh\u00ebrimi emocional:<\/em><\/strong><br \/>\nAmazoniti \u00ebsht\u00eb kristali m\u00eb i mir\u00eb p\u00ebr t\u00eb pasur nj\u00eb pik\u00ebpamje pesimiste p\u00ebr jet\u00ebn.<br \/>\nDuke e pasur me vete do t&#8217;ju lejoj\u00eb ta shihni jet\u00ebn nga nj\u00eb k\u00ebndv\u00ebshtrim tjet\u00ebr, do t\u00eb filloni t\u00eb vini re gj\u00ebra m\u00eb t\u00eb bukura dhe pozitive, gjithashtu do t\u00eb t\u00ebrhiqni t\u00eb gjith\u00eb pozitivitetin q\u00eb do t\u00eb shihni.<br \/>\n\u00c7do ndjenj\u00eb e keqe q\u00eb mund t\u00eb keni, do t\u00eb shnd\u00ebrrohet n\u00eb nj\u00eb ndjenj\u00eb m\u00eb t\u00eb mir\u00eb dhe m\u00eb pozitive.<\/p>\n<p><strong><em>Pastroni dhe rimbushni:<\/em><\/strong><br \/>\nMbajeni kristalin n\u00ebn uj\u00eb t\u00eb kripur jo vet\u00ebm p\u00ebr ta rimbushur, por edhe p\u00ebr ta pastruar.<\/p>\n","protected":false},"excerpt":{"rendered":"<p>HOROSKOPI: Akrepi, Peshqit CHAKRA: Fyt Amazonit Njihet si guri i shpres\u00ebs me fat, pasi do t\u00eb sjell fat p\u00ebr t\u00eb gjitha shpresat dhe \u00ebndrrat tuaja. Sh\u00ebrimi<span class=\"excerpt-hellip\"> [\u2026]<\/span><\/p>\n","protected":false},"featured_media":9780,"comment_status":"open","ping_status":"closed","template":"","meta":[],"product_brand":[],"product_cat":[2369,2402,2292,2405,2372,2388,2393,2355,2356,2309,2379,2310,2367,2359,2404,2516],"product_tag":[],"class_list":{"0":"post-9621","1":"product","2":"type-product","3":"status-publish","4":"has-post-thumbnail","6":"product_cat-akrepi-sq","7":"product_cat-amazonite-sq","8":"product_cat-crystal-jewelry-sq","9":"product_cat-blej-sipas","10":"product_cat-blej-sipas-ngjyres","11":"product_cat-bracelet-sq","12":"product_cat-cips","13":"product_cat-dashuri-harmoni","14":"product_cat-fat-sukses","15":"product_cat-fyti","16":"product_cat-gjelbert","17":"product_cat-llojet-e-gurve-te-cmuar","18":"product_cat-peshqit","19":"product_cat-shenjat-e-horoskopit","20":"product_cat-zona-e-cakres","21":"product_cat-zona-na-chakra","23":"first","24":"instock","25":"shipping-taxable","26":"purchasable","27":"product-type-variable"},"_links":{"self":[{"href":"https:\/\/tinacrystals.com\/sq\/wp-json\/wp\/v2\/product\/9621","targetHints":{"allow":["GET"]}}],"collection":[{"href":"https:\/\/tinacrystals.com\/sq\/wp-json\/wp\/v2\/product"}],"about":[{"href":"https:\/\/tinacrystals.com\/sq\/wp-json\/wp\/v2\/types\/product"}],"replies":[{"embeddable":true,"href":"https:\/\/tinacrystals.com\/sq\/wp-json\/wp\/v2\/comments?post=9621"}],"wp:featuredmedia":[{"embeddable":true,"href":"https:\/\/tinacrystals.com\/sq\/wp-json\/wp\/v2\/media\/9780"}],"wp:attachment":[{"href":"https:\/\/tinacrystals.com\/sq\/wp-json\/wp\/v2\/media?parent=9621"}],"wp:term":[{"taxonomy":"product_brand","embeddable":true,"href":"https:\/\/tinacrystals.com\/sq\/wp-json\/wp\/v2\/product_brand?post=9621"},{"taxonomy":"product_cat","embeddable":true,"href":"https:\/\/tinacrystals.com\/sq\/wp-json\/wp\/v2\/product_cat?post=9621"},{"taxonomy":"product_tag","embeddable":true,"href":"https:\/\/tinacrystals.com\/sq\/wp-json\/wp\/v2\/product_tag?post=9621"}],"curies":[{"name":"wp","href":"https:\/\/api.w.org\/{rel}","templated":true}]}}